
{"id":2414,"date":"2021-06-20T16:25:54","date_gmt":"2021-06-20T16:25:54","guid":{"rendered":"https:\/\/dev.eunitecidos.pt\/?post_type=product&#038;p=2414"},"modified":"2025-12-03T14:25:02","modified_gmt":"2025-12-03T14:25:02","slug":"lonetas-musica","status":"publish","type":"product","link":"https:\/\/dev.eunitecidos.pt\/en\/loja\/cores\/lonetas-musica\/","title":{"rendered":"Lonettes | Music"},"content":{"rendered":"<p>Lonetas Panam\u00e1 Digital | Music<\/p>\n<p>2.80 Width<\/p>\n<p>80% Cotton<\/p>\n<p>20% Polyester<\/p>\n<p>185 Gr<\/p>","protected":false},"excerpt":{"rendered":"<p>Lonetas Panam\u00e1 Digital | Music<\/p>\n<p>2.80 Width<\/p>\n<p>80% Cotton<\/p>\n<p>20% Polyester<\/p>\n<p>185 Gr<\/p>","protected":false},"featured_media":33293,"comment_status":"open","ping_status":"closed","template":"","meta":{"_seopress_robots_primary_cat":"122","_seopress_titles_title":"Lonetas Panam\u00e1 Digital | M\u00fasica 2.80 | 80% Algod\u00e3o | SEO","_seopress_titles_desc":"Com 2.80m de largura e composta por 80% algod\u00e3o e 20% poli\u00e9ster, estas lonetas de 185gr s\u00e3o ideais para os seus projetos musicais. Encomende j\u00e1!","_seopress_robots_index":""},"product_brand":[],"product_cat":[124,131,130,128,122,244,242,127,159,69],"product_tag":[764,819,772,771,823,86,833,702,704,701,820,767,818],"class_list":{"0":"post-2414","1":"product","2":"type-product","3":"status-publish","4":"has-post-thumbnail","6":"product_cat-azul","7":"product_cat-branco","8":"product_cat-castanho","9":"product_cat-cinzento","10":"product_cat-cores","11":"product_cat-estampadas-lonetas","12":"product_cat-lonetas","13":"product_cat-preto","14":"product_cat-tecidos-decoracao","15":"product_cat-texteis","16":"product_tag-2-80-largura","17":"product_tag-alinhados","18":"product_tag-almofadas","19":"product_tag-colchas","20":"product_tag-cortinados","21":"product_tag-flores","22":"product_tag-instrumentos","23":"product_tag-instrumentos-musicais","24":"product_tag-lonetas","25":"product_tag-musica","26":"product_tag-panama-digital","27":"product_tag-sacos","28":"product_tag-tecidos-grossos","30":"first","31":"instock","32":"taxable","33":"shipping-taxable","34":"purchasable","35":"product-type-simple"},"_links":{"self":[{"href":"https:\/\/dev.eunitecidos.pt\/en\/wp-json\/wp\/v2\/product\/2414","targetHints":{"allow":["GET"]}}],"collection":[{"href":"https:\/\/dev.eunitecidos.pt\/en\/wp-json\/wp\/v2\/product"}],"about":[{"href":"https:\/\/dev.eunitecidos.pt\/en\/wp-json\/wp\/v2\/types\/product"}],"replies":[{"embeddable":true,"href":"https:\/\/dev.eunitecidos.pt\/en\/wp-json\/wp\/v2\/comments?post=2414"}],"wp:featuredmedia":[{"embeddable":true,"href":"https:\/\/dev.eunitecidos.pt\/en\/wp-json\/wp\/v2\/media\/33293"}],"wp:attachment":[{"href":"https:\/\/dev.eunitecidos.pt\/en\/wp-json\/wp\/v2\/media?parent=2414"}],"wp:term":[{"taxonomy":"product_brand","embeddable":true,"href":"https:\/\/dev.eunitecidos.pt\/en\/wp-json\/wp\/v2\/product_brand?post=2414"},{"taxonomy":"product_cat","embeddable":true,"href":"https:\/\/dev.eunitecidos.pt\/en\/wp-json\/wp\/v2\/product_cat?post=2414"},{"taxonomy":"product_tag","embeddable":true,"href":"https:\/\/dev.eunitecidos.pt\/en\/wp-json\/wp\/v2\/product_tag?post=2414"}],"curies":[{"name":"wp","href":"https:\/\/api.w.org\/{rel}","templated":true}]}}