
{"id":2463,"date":"2021-06-20T20:45:38","date_gmt":"2021-06-20T20:45:38","guid":{"rendered":"https:\/\/dev.eunitecidos.pt\/?post_type=product&#038;p=2463"},"modified":"2021-08-24T21:46:34","modified_gmt":"2021-08-24T21:46:34","slug":"lycras-estampadas-basicos-6","status":"publish","type":"product","link":"https:\/\/dev.eunitecidos.pt\/en\/loja\/cores\/lycras-estampadas-basicos-6\/","title":{"rendered":"Lycras | Printed | Basic"},"content":{"rendered":"<p>Lycras | Printed | Basic<\/p>\n<p>80% Polyamide<\/p>\n<p>20% Elastane<\/p>\n<p>Width 1.50 cm<\/p>\n<p>260 Gr\/m<\/p>\n<p>Lycras for Bikinis, Swimwear, Sportswear, Skirts, Dance, Figure Skating<\/p>\n<p>&nbsp;<\/p>\n<p>&nbsp;<\/p>\n<p>&nbsp;<\/p>\n<p>&nbsp;<\/p>","protected":false},"excerpt":{"rendered":"<p>Lycras | Printed | Basic<\/p>\n<p>80% Polyamide<\/p>\n<p>20% Elastane<\/p>\n<p>Width 1.50 cm<\/p>\n<p>260 Gr\/m<\/p>\n<p>Lycras for Bikinis, Swimwear, Sportswear, Skirts, Dance, Figure Skating<\/p>","protected":false},"featured_media":2443,"comment_status":"open","ping_status":"closed","template":"","meta":{"_seopress_robots_primary_cat":"122","_seopress_titles_title":"Lycras Estampadas B\u00e1sicos - Para Biqu\u00ednis e Mais!","_seopress_titles_desc":"Descubra as lycras de alta qualidade para biqu\u00ednis, fatos de banho, roupa desportiva, saias e mais. Conforto e estilo em cada pe\u00e7a!","_seopress_robots_index":""},"product_brand":[],"product_cat":[123,122,241,154,127,69],"product_tag":[841,844,705,842,840,304,405,100,491,843,456,746],"class_list":{"0":"post-2463","1":"product","2":"type-product","3":"status-publish","4":"has-post-thumbnail","6":"product_cat-amarelo","7":"product_cat-cores","8":"product_cat-estampadas-lycras","9":"product_cat-lycras","10":"product_cat-preto","11":"product_cat-texteis","12":"product_tag-biquinis","13":"product_tag-dancas","14":"product_tag-estampadas","15":"product_tag-fato-de-banho","16":"product_tag-lycras","17":"product_tag-menina","18":"product_tag-mostarda","19":"product_tag-praia","20":"product_tag-preto","21":"product_tag-saias","22":"product_tag-verao","23":"product_tag-vestidos","25":"first","26":"instock","27":"taxable","28":"shipping-taxable","29":"purchasable","30":"product-type-simple"},"_links":{"self":[{"href":"https:\/\/dev.eunitecidos.pt\/en\/wp-json\/wp\/v2\/product\/2463","targetHints":{"allow":["GET"]}}],"collection":[{"href":"https:\/\/dev.eunitecidos.pt\/en\/wp-json\/wp\/v2\/product"}],"about":[{"href":"https:\/\/dev.eunitecidos.pt\/en\/wp-json\/wp\/v2\/types\/product"}],"replies":[{"embeddable":true,"href":"https:\/\/dev.eunitecidos.pt\/en\/wp-json\/wp\/v2\/comments?post=2463"}],"wp:featuredmedia":[{"embeddable":true,"href":"https:\/\/dev.eunitecidos.pt\/en\/wp-json\/wp\/v2\/media\/2443"}],"wp:attachment":[{"href":"https:\/\/dev.eunitecidos.pt\/en\/wp-json\/wp\/v2\/media?parent=2463"}],"wp:term":[{"taxonomy":"product_brand","embeddable":true,"href":"https:\/\/dev.eunitecidos.pt\/en\/wp-json\/wp\/v2\/product_brand?post=2463"},{"taxonomy":"product_cat","embeddable":true,"href":"https:\/\/dev.eunitecidos.pt\/en\/wp-json\/wp\/v2\/product_cat?post=2463"},{"taxonomy":"product_tag","embeddable":true,"href":"https:\/\/dev.eunitecidos.pt\/en\/wp-json\/wp\/v2\/product_tag?post=2463"}],"curies":[{"name":"wp","href":"https:\/\/api.w.org\/{rel}","templated":true}]}}