
{"id":24693,"date":"2023-04-04T21:31:10","date_gmt":"2023-04-04T21:31:10","guid":{"rendered":"https:\/\/dev.eunitecidos.pt\/?post_type=product&#038;p=24693"},"modified":"2025-01-21T15:47:29","modified_gmt":"2025-01-21T15:47:29","slug":"fustao-piquet-100-algodao-estrela-fundo-verde","status":"publish","type":"product","link":"https:\/\/dev.eunitecidos.pt\/en\/loja\/texteis\/fustao-piquet-100-algodao-estrela-fundo-verde\/","title":{"rendered":"Piquet | 100% Cotton | Green Star Background"},"content":{"rendered":"<p>Piquet | 100% Cotton | Green Star Background<\/p>\n<p>100% Cotton fabric, soft, smooth and comfortable.<\/p>\n<p>Widely used in children's crafts, especially maternity items.<\/p>\n<p>OEKO-TEX certified<\/p>\n<p>1.50mt Width<\/p>","protected":false},"excerpt":{"rendered":"<p>Fust\u00e3o | Piquet | 100% Algod\u00e3o | Estrela Fundo Verde Tecido 100% Algod\u00e3o, macio, suave e confort\u00e1vel. Muito utilizado em artesanato infantil, principalmente em artigos de maternidade. Certificado OEKO-TEX 1,50mt Largura<\/p>","protected":false},"featured_media":24594,"comment_status":"closed","ping_status":"closed","template":"","meta":{"_seopress_robots_primary_cat":"69","_seopress_titles_title":"Tecido 100% Algod\u00e3o Certificado OEKO-TEX | Artigos de Maternidade","_seopress_titles_desc":"Descubra o tecido de algod\u00e3o Fust\u00e3o macio e confort\u00e1vel! Ideal para artesanato infantil e artigos de maternidade. Certificado OEKO-TEX. Encomende j\u00e1!","_seopress_robots_index":""},"product_brand":[],"product_cat":[208,206,202,135,69],"product_tag":[315,443,419,321,340,1994,2773,302,2044,312,2770,313,1712],"class_list":{"0":"post-24693","1":"product","2":"type-product","3":"status-publish","4":"has-post-thumbnail","6":"product_cat-estampados-piquet-fustao","7":"product_cat-estrelas-piquet-fustao","8":"product_cat-piquet-fustao","9":"product_cat-tecido-100-algodao","10":"product_cat-texteis","11":"product_tag-100-algodao","12":"product_tag-algodao-organico","13":"product_tag-basico","14":"product_tag-branco","15":"product_tag-estampado","16":"product_tag-estrela-branca","17":"product_tag-estrela-verde-jade","18":"product_tag-estrelas","19":"product_tag-fundo-verde-agua","20":"product_tag-fustao","21":"product_tag-pinta-amarela","22":"product_tag-piquet","23":"product_tag-tecido-algodao","25":"first","26":"instock","27":"taxable","28":"shipping-taxable","29":"purchasable","30":"product-type-simple"},"_links":{"self":[{"href":"https:\/\/dev.eunitecidos.pt\/en\/wp-json\/wp\/v2\/product\/24693","targetHints":{"allow":["GET"]}}],"collection":[{"href":"https:\/\/dev.eunitecidos.pt\/en\/wp-json\/wp\/v2\/product"}],"about":[{"href":"https:\/\/dev.eunitecidos.pt\/en\/wp-json\/wp\/v2\/types\/product"}],"replies":[{"embeddable":true,"href":"https:\/\/dev.eunitecidos.pt\/en\/wp-json\/wp\/v2\/comments?post=24693"}],"wp:featuredmedia":[{"embeddable":true,"href":"https:\/\/dev.eunitecidos.pt\/en\/wp-json\/wp\/v2\/media\/24594"}],"wp:attachment":[{"href":"https:\/\/dev.eunitecidos.pt\/en\/wp-json\/wp\/v2\/media?parent=24693"}],"wp:term":[{"taxonomy":"product_brand","embeddable":true,"href":"https:\/\/dev.eunitecidos.pt\/en\/wp-json\/wp\/v2\/product_brand?post=24693"},{"taxonomy":"product_cat","embeddable":true,"href":"https:\/\/dev.eunitecidos.pt\/en\/wp-json\/wp\/v2\/product_cat?post=24693"},{"taxonomy":"product_tag","embeddable":true,"href":"https:\/\/dev.eunitecidos.pt\/en\/wp-json\/wp\/v2\/product_tag?post=24693"}],"curies":[{"name":"wp","href":"https:\/\/api.w.org\/{rel}","templated":true}]}}