
{"id":24700,"date":"2023-04-13T18:12:15","date_gmt":"2023-04-13T18:12:15","guid":{"rendered":"https:\/\/dev.eunitecidos.pt\/?post_type=product&#038;p=24700"},"modified":"2025-01-21T15:47:26","modified_gmt":"2025-01-21T15:47:26","slug":"fustao-piquet-100-algodao-basicos-chevron-bege","status":"publish","type":"product","link":"https:\/\/dev.eunitecidos.pt\/en\/loja\/texteis\/fustao-piquet-100-algodao-basicos-chevron-bege\/","title":{"rendered":"Piquet | 100% Cotton | Basic | Chevron Beige"},"content":{"rendered":"<p>Piquet | 100% Cotton | Basic | Chevron Beige<\/p>\n<p>100% Cotton fabric, soft, smooth and comfortable.<\/p>\n<p>Widely used in children's crafts, especially maternity items.<\/p>\n<p>OEKO-TEX certified<\/p>\n<p>1.50mt Width<\/p>","protected":false},"excerpt":{"rendered":"<p>Fust\u00e3o | Piquet | 100% Cotton | B\u00e1sicos | Chevron Beige Fabric 100% Cotton, soft, smooth and comfortable. Widely used in children's handicrafts, especially maternity items. OEKO-TEX certified 1.50 metres wide<\/p>","protected":false},"featured_media":24635,"comment_status":"closed","ping_status":"closed","template":"","meta":{"_seopress_robots_primary_cat":"69","_seopress_titles_title":"Tecido 100% Algod\u00e3o Chevron Bege | B\u00e1sicos Infantil","_seopress_titles_desc":"Descubra o tecido 100% algod\u00e3o Chevron Bege, macio e confort\u00e1vel, perfeito para artesanato infantil e artigos de maternidade. Certificado OEKO-TEX. 1,50 mt Largura.","_seopress_robots_index":""},"product_brand":[],"product_cat":[194,202,135,69,349],"product_tag":[315,443,419,319,321,1334,340,312,313,1712],"class_list":{"0":"post-24700","1":"product","2":"type-product","3":"status-publish","4":"has-post-thumbnail","6":"product_cat-algodao-organico","7":"product_cat-piquet-fustao","8":"product_cat-tecido-100-algodao","9":"product_cat-texteis","10":"product_cat-zig-zag","11":"product_tag-100-algodao","12":"product_tag-algodao-organico","13":"product_tag-basico","14":"product_tag-bege","15":"product_tag-branco","16":"product_tag-chevron","17":"product_tag-estampado","18":"product_tag-fustao","19":"product_tag-piquet","20":"product_tag-tecido-algodao","22":"first","23":"instock","24":"taxable","25":"shipping-taxable","26":"purchasable","27":"product-type-simple"},"_links":{"self":[{"href":"https:\/\/dev.eunitecidos.pt\/en\/wp-json\/wp\/v2\/product\/24700","targetHints":{"allow":["GET"]}}],"collection":[{"href":"https:\/\/dev.eunitecidos.pt\/en\/wp-json\/wp\/v2\/product"}],"about":[{"href":"https:\/\/dev.eunitecidos.pt\/en\/wp-json\/wp\/v2\/types\/product"}],"replies":[{"embeddable":true,"href":"https:\/\/dev.eunitecidos.pt\/en\/wp-json\/wp\/v2\/comments?post=24700"}],"wp:featuredmedia":[{"embeddable":true,"href":"https:\/\/dev.eunitecidos.pt\/en\/wp-json\/wp\/v2\/media\/24635"}],"wp:attachment":[{"href":"https:\/\/dev.eunitecidos.pt\/en\/wp-json\/wp\/v2\/media?parent=24700"}],"wp:term":[{"taxonomy":"product_brand","embeddable":true,"href":"https:\/\/dev.eunitecidos.pt\/en\/wp-json\/wp\/v2\/product_brand?post=24700"},{"taxonomy":"product_cat","embeddable":true,"href":"https:\/\/dev.eunitecidos.pt\/en\/wp-json\/wp\/v2\/product_cat?post=24700"},{"taxonomy":"product_tag","embeddable":true,"href":"https:\/\/dev.eunitecidos.pt\/en\/wp-json\/wp\/v2\/product_tag?post=24700"}],"curies":[{"name":"wp","href":"https:\/\/api.w.org\/{rel}","templated":true}]}}