
{"id":24894,"date":"2023-05-12T11:10:53","date_gmt":"2023-05-12T11:10:53","guid":{"rendered":"https:\/\/dev.eunitecidos.pt\/?post_type=product&#038;p=24894"},"modified":"2025-02-24T09:44:03","modified_gmt":"2025-02-24T09:44:03","slug":"tecidos-100-algodao-estampado-infantil-balao-de-ar-quente","status":"publish","type":"product","link":"https:\/\/dev.eunitecidos.pt\/en\/loja\/texteis\/tecidos-100-algodao-estampado-infantil-balao-de-ar-quente\/","title":{"rendered":"Fabrics 100% Cotton | Children's Print | Hot Air Balloon"},"content":{"rendered":"<p>Fabrics 100% Cotton | Children's Print | Hot Air Balloon<\/p>\n<p>100% Cotton<\/p>\n<p>1.50 Width<\/p>\n<p>Oeko-Tex certified<\/p>","protected":false},"excerpt":{"rendered":"<p>Tecidos 100% Algod\u00e3o | Estampado Infantil | Bal\u00e3o de Ar Quente 100% Algod\u00e3o 1.50 Largura Certificado Oeko-Tex<\/p>","protected":false},"featured_media":24830,"comment_status":"closed","ping_status":"closed","template":"","meta":{"_seopress_robots_primary_cat":"69","_seopress_titles_title":"Tecidos 100% Algod\u00e3o Estampado Infantil | Certificado Oeko-Tex","_seopress_titles_desc":"Descubra os tecidos certificados Oeko-Tex, perfeitos para os seus projetos de costura. Adquira j\u00e1 o seu!","_seopress_robots_index":""},"product_brand":[],"product_cat":[194,196,381,135,69],"product_tag":[315,443,307,298,514,1739,351,1619,302,1995,424,353,333,1712],"class_list":{"0":"post-24894","1":"product","2":"type-product","3":"status-publish","4":"has-post-thumbnail","6":"product_cat-algodao-organico","7":"product_cat-estampados","8":"product_cat-infantis-tecido-100-algodao","9":"product_cat-tecido-100-algodao","10":"product_cat-texteis","11":"product_tag-100-algodao","12":"product_tag-algodao-organico","13":"product_tag-amarelo","14":"product_tag-azul","15":"product_tag-baloes-ar-quente","16":"product_tag-castanho-canela","17":"product_tag-cinza","18":"product_tag-estampado-infantil","19":"product_tag-estrelas","20":"product_tag-fundo-branco","21":"product_tag-laranja","22":"product_tag-luas","23":"product_tag-nuvens","24":"product_tag-tecido-algodao","26":"first","27":"instock","28":"taxable","29":"shipping-taxable","30":"purchasable","31":"product-type-simple"},"_links":{"self":[{"href":"https:\/\/dev.eunitecidos.pt\/en\/wp-json\/wp\/v2\/product\/24894","targetHints":{"allow":["GET"]}}],"collection":[{"href":"https:\/\/dev.eunitecidos.pt\/en\/wp-json\/wp\/v2\/product"}],"about":[{"href":"https:\/\/dev.eunitecidos.pt\/en\/wp-json\/wp\/v2\/types\/product"}],"replies":[{"embeddable":true,"href":"https:\/\/dev.eunitecidos.pt\/en\/wp-json\/wp\/v2\/comments?post=24894"}],"wp:featuredmedia":[{"embeddable":true,"href":"https:\/\/dev.eunitecidos.pt\/en\/wp-json\/wp\/v2\/media\/24830"}],"wp:attachment":[{"href":"https:\/\/dev.eunitecidos.pt\/en\/wp-json\/wp\/v2\/media?parent=24894"}],"wp:term":[{"taxonomy":"product_brand","embeddable":true,"href":"https:\/\/dev.eunitecidos.pt\/en\/wp-json\/wp\/v2\/product_brand?post=24894"},{"taxonomy":"product_cat","embeddable":true,"href":"https:\/\/dev.eunitecidos.pt\/en\/wp-json\/wp\/v2\/product_cat?post=24894"},{"taxonomy":"product_tag","embeddable":true,"href":"https:\/\/dev.eunitecidos.pt\/en\/wp-json\/wp\/v2\/product_tag?post=24894"}],"curies":[{"name":"wp","href":"https:\/\/api.w.org\/{rel}","templated":true}]}}