
{"id":2532,"date":"2021-06-21T19:13:23","date_gmt":"2021-06-21T19:13:23","guid":{"rendered":"https:\/\/dev.eunitecidos.pt\/?post_type=product&#038;p=2532"},"modified":"2025-11-13T16:49:26","modified_gmt":"2025-11-13T16:49:26","slug":"tecidos-100-algodao-florais-5","status":"publish","type":"product","link":"https:\/\/dev.eunitecidos.pt\/en\/loja\/cores\/tecidos-100-algodao-florais-5\/","title":{"rendered":"Fabrics 100% Cotton | Floral"},"content":{"rendered":"<p>Fabrics 100% Cotton | Floral<\/p>\n<p>100% Cotton<\/p>\n<p>1.50 Width<\/p>","protected":false},"excerpt":{"rendered":"<p>Fabrics 100% Cotton | Floral<\/p>\n<p>100% Cotton<\/p>\n<p>1.50 Width<\/p>","protected":false},"featured_media":33296,"comment_status":"open","ping_status":"closed","template":"","meta":{"_seopress_robots_primary_cat":"122","_seopress_titles_title":"Tecidos 100% Algod\u00e3o | Florais 100% Algod\u00e3o 1.50 Largura","_seopress_titles_desc":"Descubra a nossa ampla sele\u00e7\u00e3o de tecidos 100% algod\u00e3o, incluindo lindos designs florais. Compre agora e d\u00ea vida aos seus projetos de costura!","_seopress_robots_index":""},"product_brand":[],"product_cat":[325,128,122,360,197,129,133,135,69],"product_tag":[315,290,380,515,86,427,749,448,850],"class_list":{"0":"post-2532","1":"product","2":"type-product","3":"status-publish","4":"has-post-thumbnail","6":"product_cat-bege","7":"product_cat-cinzento","8":"product_cat-cores","9":"product_cat-estampados-tecido-100-algodao","10":"product_cat-florais-tropicais","11":"product_cat-laranja","12":"product_cat-roxo","13":"product_cat-tecido-100-algodao","14":"product_cat-texteis","15":"product_tag-100-algodao","16":"product_tag-algodao","17":"product_tag-coracoes","18":"product_tag-coral","19":"product_tag-flores","20":"product_tag-roxo","21":"product_tag-senhora","22":"product_tag-tecidos","23":"product_tag-vintage","25":"first","26":"instock","27":"taxable","28":"shipping-taxable","29":"purchasable","30":"product-type-simple"},"_links":{"self":[{"href":"https:\/\/dev.eunitecidos.pt\/en\/wp-json\/wp\/v2\/product\/2532","targetHints":{"allow":["GET"]}}],"collection":[{"href":"https:\/\/dev.eunitecidos.pt\/en\/wp-json\/wp\/v2\/product"}],"about":[{"href":"https:\/\/dev.eunitecidos.pt\/en\/wp-json\/wp\/v2\/types\/product"}],"replies":[{"embeddable":true,"href":"https:\/\/dev.eunitecidos.pt\/en\/wp-json\/wp\/v2\/comments?post=2532"}],"wp:featuredmedia":[{"embeddable":true,"href":"https:\/\/dev.eunitecidos.pt\/en\/wp-json\/wp\/v2\/media\/33296"}],"wp:attachment":[{"href":"https:\/\/dev.eunitecidos.pt\/en\/wp-json\/wp\/v2\/media?parent=2532"}],"wp:term":[{"taxonomy":"product_brand","embeddable":true,"href":"https:\/\/dev.eunitecidos.pt\/en\/wp-json\/wp\/v2\/product_brand?post=2532"},{"taxonomy":"product_cat","embeddable":true,"href":"https:\/\/dev.eunitecidos.pt\/en\/wp-json\/wp\/v2\/product_cat?post=2532"},{"taxonomy":"product_tag","embeddable":true,"href":"https:\/\/dev.eunitecidos.pt\/en\/wp-json\/wp\/v2\/product_tag?post=2532"}],"curies":[{"name":"wp","href":"https:\/\/api.w.org\/{rel}","templated":true}]}}