
{"id":26439,"date":"2023-05-27T16:27:00","date_gmt":"2023-05-27T16:27:00","guid":{"rendered":"https:\/\/dev.eunitecidos.pt\/?post_type=product&#038;p=26439"},"modified":"2025-09-09T14:15:29","modified_gmt":"2025-09-09T14:15:29","slug":"tecidos-resinados-estampado-riscas","status":"publish","type":"product","link":"https:\/\/dev.eunitecidos.pt\/en\/loja\/plastificados\/tecidos-resinados-estampado-riscas\/","title":{"rendered":"Resin Fabrics | Printed | Stripes"},"content":{"rendered":"<p>Resin Fabrics | Printed | Stripes<\/p>\n<p>1.40 Width<\/p>\n<p>Waterproof fabrics, great for outdoors, resistant fabrics, won't heat up in the sun.<\/p>\n<p>Soft and comfortable fabrics to the touch.<\/p>","protected":false},"excerpt":{"rendered":"<p>Tecidos Resinados | Estampado | Riscas 1.40 Largura Tecidos Imperme\u00e1veis, \u00f3timos para exterior, tecidos resistentes, n\u00e3o aquecem com o Sol. Tecidos Male\u00e1veis e confort\u00e1veis ao toque com a pele.<\/p>","protected":false},"featured_media":26410,"comment_status":"closed","ping_status":"closed","template":"","meta":{"_seopress_robots_primary_cat":"92","_seopress_titles_title":"Tecidos Resinados \u00e0 Prova de \u00c1gua | Estampado | Riscas 1.40 Largura","_seopress_titles_desc":"Descubra os tecidos resinados com estampado e riscas, largura de 1.40m. Imperme\u00e1veis, male\u00e1veis e confort\u00e1veis, ideais para exterior.","_seopress_robots_index":""},"product_brand":[],"product_cat":[256,92,163],"product_tag":[993,563,884,321,340,90,1788,784,891],"class_list":{"0":"post-26439","1":"product","2":"type-product","3":"status-publish","4":"has-post-thumbnail","6":"product_cat-estampados-resinados","7":"product_cat-plastificados","8":"product_cat-resinados","9":"product_tag-azul-claro","10":"product_tag-azul-escuro","11":"product_tag-azulao","12":"product_tag-branco","13":"product_tag-estampado","14":"product_tag-riscas","15":"product_tag-tecido-impermeavel","16":"product_tag-tecidos-resinados","17":"product_tag-turquesa","19":"first","20":"instock","21":"taxable","22":"shipping-taxable","23":"purchasable","24":"product-type-simple"},"_links":{"self":[{"href":"https:\/\/dev.eunitecidos.pt\/en\/wp-json\/wp\/v2\/product\/26439","targetHints":{"allow":["GET"]}}],"collection":[{"href":"https:\/\/dev.eunitecidos.pt\/en\/wp-json\/wp\/v2\/product"}],"about":[{"href":"https:\/\/dev.eunitecidos.pt\/en\/wp-json\/wp\/v2\/types\/product"}],"replies":[{"embeddable":true,"href":"https:\/\/dev.eunitecidos.pt\/en\/wp-json\/wp\/v2\/comments?post=26439"}],"wp:featuredmedia":[{"embeddable":true,"href":"https:\/\/dev.eunitecidos.pt\/en\/wp-json\/wp\/v2\/media\/26410"}],"wp:attachment":[{"href":"https:\/\/dev.eunitecidos.pt\/en\/wp-json\/wp\/v2\/media?parent=26439"}],"wp:term":[{"taxonomy":"product_brand","embeddable":true,"href":"https:\/\/dev.eunitecidos.pt\/en\/wp-json\/wp\/v2\/product_brand?post=26439"},{"taxonomy":"product_cat","embeddable":true,"href":"https:\/\/dev.eunitecidos.pt\/en\/wp-json\/wp\/v2\/product_cat?post=26439"},{"taxonomy":"product_tag","embeddable":true,"href":"https:\/\/dev.eunitecidos.pt\/en\/wp-json\/wp\/v2\/product_tag?post=26439"}],"curies":[{"name":"wp","href":"https:\/\/api.w.org\/{rel}","templated":true}]}}