
{"id":27352,"date":"2023-07-13T15:10:04","date_gmt":"2023-07-13T15:10:04","guid":{"rendered":"https:\/\/dev.eunitecidos.pt\/?post_type=product&#038;p=27352"},"modified":"2025-09-18T19:39:34","modified_gmt":"2025-09-18T19:39:34","slug":"tecidos-100-algodao-licencas-disney-mickey","status":"publish","type":"product","link":"https:\/\/dev.eunitecidos.pt\/en\/loja\/texteis\/tecidos-100-algodao-licencas-disney-mickey\/","title":{"rendered":"Fabrics 100% Cotton | Disney Licences | Mickey"},"content":{"rendered":"<p>Fabrics 100% Cotton | Disney Licences | Mickey<\/p>\n<p>100% Cotton<\/p>\n<p>1.40 Width<\/p>\n<p>Oeko-Tex certified<\/p>","protected":false},"excerpt":{"rendered":"<p>Fabrics 100% Cotton | Disney Licences | Mickey 100% Cotton 1.40 Wide Oeko-Tex Certified<\/p>","protected":false},"featured_media":27342,"comment_status":"closed","ping_status":"closed","template":"","meta":{"_seopress_robots_primary_cat":"69","_seopress_titles_title":"Tecidos 100% Algod\u00e3o Licen\u00e7as Disney Mickey 1.40 Largura Certificado Oeko-Tex","_seopress_titles_desc":"Descubra os tecidos 100% algod\u00e3o com licen\u00e7as Disney, incluindo Mickey Mouse, com 1.40m de largura certificado Oeko-Tex. Qualidade garantida!","_seopress_robots_index":""},"product_brand":[],"product_cat":[194,195,381,135,69],"product_tag":[315,601,884,321,1619,302,2760,451,452,491,1712,756,453],"class_list":{"0":"post-27352","1":"product","2":"type-product","3":"status-publish","4":"has-post-thumbnail","6":"product_cat-algodao-organico","7":"product_cat-disney-licencas","8":"product_cat-infantis-tecido-100-algodao","9":"product_cat-tecido-100-algodao","10":"product_cat-texteis","11":"product_tag-100-algodao","12":"product_tag-azul-bebe","13":"product_tag-azulao","14":"product_tag-branco","15":"product_tag-estampado-infantil","16":"product_tag-estrelas","17":"product_tag-fundo-azul-celeste","18":"product_tag-licencas","19":"product_tag-mickey","20":"product_tag-preto","21":"product_tag-tecido-algodao","22":"product_tag-tecidos-disney","23":"product_tag-vermelho","25":"first","26":"instock","27":"taxable","28":"shipping-taxable","29":"purchasable","30":"product-type-simple"},"_links":{"self":[{"href":"https:\/\/dev.eunitecidos.pt\/en\/wp-json\/wp\/v2\/product\/27352","targetHints":{"allow":["GET"]}}],"collection":[{"href":"https:\/\/dev.eunitecidos.pt\/en\/wp-json\/wp\/v2\/product"}],"about":[{"href":"https:\/\/dev.eunitecidos.pt\/en\/wp-json\/wp\/v2\/types\/product"}],"replies":[{"embeddable":true,"href":"https:\/\/dev.eunitecidos.pt\/en\/wp-json\/wp\/v2\/comments?post=27352"}],"wp:featuredmedia":[{"embeddable":true,"href":"https:\/\/dev.eunitecidos.pt\/en\/wp-json\/wp\/v2\/media\/27342"}],"wp:attachment":[{"href":"https:\/\/dev.eunitecidos.pt\/en\/wp-json\/wp\/v2\/media?parent=27352"}],"wp:term":[{"taxonomy":"product_brand","embeddable":true,"href":"https:\/\/dev.eunitecidos.pt\/en\/wp-json\/wp\/v2\/product_brand?post=27352"},{"taxonomy":"product_cat","embeddable":true,"href":"https:\/\/dev.eunitecidos.pt\/en\/wp-json\/wp\/v2\/product_cat?post=27352"},{"taxonomy":"product_tag","embeddable":true,"href":"https:\/\/dev.eunitecidos.pt\/en\/wp-json\/wp\/v2\/product_tag?post=27352"}],"curies":[{"name":"wp","href":"https:\/\/api.w.org\/{rel}","templated":true}]}}