
{"id":28590,"date":"2023-09-11T15:59:58","date_gmt":"2023-09-11T15:59:58","guid":{"rendered":"https:\/\/dev.eunitecidos.pt\/?post_type=product&#038;p=28590"},"modified":"2025-12-30T22:02:39","modified_gmt":"2025-12-30T22:02:39","slug":"tecido-100-algodao-estampado-infantil-panda","status":"publish","type":"product","link":"https:\/\/dev.eunitecidos.pt\/en\/loja\/texteis\/tecido-100-algodao-estampado-infantil-panda\/","title":{"rendered":"Fabric 100% Cotton | Children's Print | Panda"},"content":{"rendered":"<p>Fabric 100% Cotton | Children's Print | Panda<\/p>\n<p>Fabric 100% Cotton<\/p>\n<p>OEKO-TEX certified<\/p>\n<p>1.5 Width<\/p>","protected":false},"excerpt":{"rendered":"<p>Fabric 100% Cotton | Children's Print | Panda Fabric 100% Cotton OEKO-TEX Certified 1.5 Wide<\/p>","protected":false},"featured_media":28520,"comment_status":"closed","ping_status":"closed","template":"","meta":{"_seopress_robots_primary_cat":"69","_seopress_titles_title":"Tecido Algod\u00e3o Estampado Infantil 100% OEKO-TEX Panda 1,5 Largura","_seopress_titles_desc":"Descubra o tecido 100% algod\u00e3o estampado infantil com certifica\u00e7\u00e3o OEKO-TEX. Ideal para os pequenos com 1,5 metros de largura. Compre j\u00e1!","_seopress_robots_index":""},"product_brand":[],"product_cat":[194,196,381,135,69],"product_tag":[315,443,307,586,321,1619,2006,537,491,1712,102],"class_list":{"0":"post-28590","1":"product","2":"type-product","3":"status-publish","4":"has-post-thumbnail","6":"product_cat-algodao-organico","7":"product_cat-estampados","8":"product_cat-infantis-tecido-100-algodao","9":"product_cat-tecido-100-algodao","10":"product_cat-texteis","11":"product_tag-100-algodao","12":"product_tag-algodao-organico","13":"product_tag-amarelo","14":"product_tag-bambu","15":"product_tag-branco","16":"product_tag-estampado-infantil","17":"product_tag-fundo-amarelo","18":"product_tag-panda","19":"product_tag-preto","20":"product_tag-tecido-algodao","21":"product_tag-verde","23":"first","24":"instock","25":"taxable","26":"shipping-taxable","27":"purchasable","28":"product-type-simple"},"_links":{"self":[{"href":"https:\/\/dev.eunitecidos.pt\/en\/wp-json\/wp\/v2\/product\/28590","targetHints":{"allow":["GET"]}}],"collection":[{"href":"https:\/\/dev.eunitecidos.pt\/en\/wp-json\/wp\/v2\/product"}],"about":[{"href":"https:\/\/dev.eunitecidos.pt\/en\/wp-json\/wp\/v2\/types\/product"}],"replies":[{"embeddable":true,"href":"https:\/\/dev.eunitecidos.pt\/en\/wp-json\/wp\/v2\/comments?post=28590"}],"wp:featuredmedia":[{"embeddable":true,"href":"https:\/\/dev.eunitecidos.pt\/en\/wp-json\/wp\/v2\/media\/28520"}],"wp:attachment":[{"href":"https:\/\/dev.eunitecidos.pt\/en\/wp-json\/wp\/v2\/media?parent=28590"}],"wp:term":[{"taxonomy":"product_brand","embeddable":true,"href":"https:\/\/dev.eunitecidos.pt\/en\/wp-json\/wp\/v2\/product_brand?post=28590"},{"taxonomy":"product_cat","embeddable":true,"href":"https:\/\/dev.eunitecidos.pt\/en\/wp-json\/wp\/v2\/product_cat?post=28590"},{"taxonomy":"product_tag","embeddable":true,"href":"https:\/\/dev.eunitecidos.pt\/en\/wp-json\/wp\/v2\/product_tag?post=28590"}],"curies":[{"name":"wp","href":"https:\/\/api.w.org\/{rel}","templated":true}]}}