
{"id":28906,"date":"2023-09-20T10:55:20","date_gmt":"2023-09-20T10:55:20","guid":{"rendered":"https:\/\/dev.eunitecidos.pt\/?post_type=product&#038;p=28906"},"modified":"2024-09-28T07:51:33","modified_gmt":"2024-09-28T07:51:33","slug":"tecido-brushed-checks-estampado-xadrez-4","status":"publish","type":"product","link":"https:\/\/dev.eunitecidos.pt\/en\/loja\/texteis\/tecido-brushed-checks-estampado-xadrez-4\/","title":{"rendered":"Plaid Fabric | Printed | Plaid"},"content":{"rendered":"<p>Plaid Fabric | Printed | Plaid<\/p>\n<p>Soft and warm fabric, very similar to flannel in feel. Ideal for making clothes.<\/p>\n<p>It can also be used for creative sewing to make bags, suitcases and book covers, among other things.<\/p>\n<p>Composition 65% Polyester 35% Cotton 150gr\/m2<\/p>\n<p>1.45 metres wide<\/p>","protected":false},"excerpt":{"rendered":"<p>Plaid | Printed | Plaid Soft and warm fabric, very similar to flannel in feel. Ideal for making clothes. It can also be used for creative sewing to make bags, suitcases, book covers and other items. Composition 65% Polyester 35% Cotton 150gr\/m2 1.45 metres wide<\/p>","protected":false},"featured_media":28863,"comment_status":"closed","ping_status":"closed","template":"","meta":{"_seopress_robots_primary_cat":"69","_seopress_titles_title":"Tecido Xadrez Estampado | Ideal para Confe\u00e7\u00e3o de Vestu\u00e1rio","_seopress_titles_desc":"Tecido macio e quente, ideal para confec\u00e7\u00e3o de vestu\u00e1rio e costura criativa. Composi\u00e7\u00e3o: 65% Poli\u00e9ster, 35% Algod\u00e3o. 150gr\/m2, 1,45 mt Largura.","_seopress_robots_index":""},"product_brand":[],"product_cat":[146,1695,69,1611,234],"product_tag":[290,563,3000,1763,885,1612,340,424,3020,2185,1613,1889,1279,1472,378,444,1736],"class_list":{"0":"post-28906","1":"product","2":"type-product","3":"status-publish","4":"has-post-thumbnail","6":"product_cat-flanelas","7":"product_cat-tecidos-de-vestuario","8":"product_cat-texteis","9":"product_cat-xadres-escoces","10":"product_cat-xadrez","11":"product_tag-algodao","12":"product_tag-azul-escuro","13":"product_tag-brushed-checks","14":"product_tag-confecao","15":"product_tag-cru","16":"product_tag-escoces","17":"product_tag-estampado","18":"product_tag-laranja","19":"product_tag-outono-inverno","20":"product_tag-poliester","21":"product_tag-tartan","22":"product_tag-tecidos-vestuario","23":"product_tag-verde-claro","24":"product_tag-verde-escuro","25":"product_tag-vestuario","26":"product_tag-xadrez","27":"product_tag-xadrez-escoces","29":"first","30":"instock","31":"taxable","32":"shipping-taxable","33":"purchasable","34":"product-type-simple"},"_links":{"self":[{"href":"https:\/\/dev.eunitecidos.pt\/en\/wp-json\/wp\/v2\/product\/28906","targetHints":{"allow":["GET"]}}],"collection":[{"href":"https:\/\/dev.eunitecidos.pt\/en\/wp-json\/wp\/v2\/product"}],"about":[{"href":"https:\/\/dev.eunitecidos.pt\/en\/wp-json\/wp\/v2\/types\/product"}],"replies":[{"embeddable":true,"href":"https:\/\/dev.eunitecidos.pt\/en\/wp-json\/wp\/v2\/comments?post=28906"}],"wp:featuredmedia":[{"embeddable":true,"href":"https:\/\/dev.eunitecidos.pt\/en\/wp-json\/wp\/v2\/media\/28863"}],"wp:attachment":[{"href":"https:\/\/dev.eunitecidos.pt\/en\/wp-json\/wp\/v2\/media?parent=28906"}],"wp:term":[{"taxonomy":"product_brand","embeddable":true,"href":"https:\/\/dev.eunitecidos.pt\/en\/wp-json\/wp\/v2\/product_brand?post=28906"},{"taxonomy":"product_cat","embeddable":true,"href":"https:\/\/dev.eunitecidos.pt\/en\/wp-json\/wp\/v2\/product_cat?post=28906"},{"taxonomy":"product_tag","embeddable":true,"href":"https:\/\/dev.eunitecidos.pt\/en\/wp-json\/wp\/v2\/product_tag?post=28906"}],"curies":[{"name":"wp","href":"https:\/\/api.w.org\/{rel}","templated":true}]}}