
{"id":29003,"date":"2023-09-20T14:00:33","date_gmt":"2023-09-20T14:00:33","guid":{"rendered":"https:\/\/dev.eunitecidos.pt\/?post_type=product&#038;p=29003"},"modified":"2024-10-14T14:27:19","modified_gmt":"2024-10-14T14:27:19","slug":"tecido-brushed-checks-estampado-xadrez-6","status":"publish","type":"product","link":"https:\/\/dev.eunitecidos.pt\/en\/loja\/texteis\/tecido-brushed-checks-estampado-xadrez-6\/","title":{"rendered":"Brushed Checks Fabric | Printed | Plaid"},"content":{"rendered":"<p>Brushed Checks Fabric | Printed | Plaid<\/p>\n<p>Soft and warm fabric, very similar to flannel in feel. Ideal for making clothes.<\/p>\n<p>It can also be used for creative sewing to make bags, suitcases and book covers, among other things.<\/p>\n<p>Composition 50% Polyester 50% Cotton 330 gr\/m2<\/p>\n<p>1.50 metre width<\/p>","protected":false},"excerpt":{"rendered":"<p>Fabric Brushed Checks | Printed | Plaid Soft and warm fabric, very similar to flannel in feel. Ideal for making clothes. It can also be used for creative sewing to make bags, suitcases, book covers and other items. Composition 50% Polyester 50% Cotton 330 gr\/m2 1.50 mt Width<\/p>","protected":false},"featured_media":28955,"comment_status":"closed","ping_status":"closed","template":"","meta":{"_seopress_robots_primary_cat":"69","_seopress_titles_title":"Tecido Brushed Checks | Estampado | Xadrez","_seopress_titles_desc":"Tecido macio e quente, ideal para confe\u00e7\u00e3o de vestu\u00e1rio e costura criativa. Composi\u00e7\u00e3o: 50% Poli\u00e9ster 50% Algod\u00e3o, 330 gr\/m2, 1,50 mt Largura.","_seopress_robots_index":""},"product_brand":[],"product_cat":[146,69,1611,234],"product_tag":[290,3000,1763,1612,340,893,3020,2185,491,320,1613,1889,990,378,444,1736],"class_list":{"0":"post-29003","1":"product","2":"type-product","3":"status-publish","4":"has-post-thumbnail","6":"product_cat-flanelas","7":"product_cat-texteis","8":"product_cat-xadres-escoces","9":"product_cat-xadrez","10":"product_tag-algodao","11":"product_tag-brushed-checks","12":"product_tag-confecao","13":"product_tag-escoces","14":"product_tag-estampado","15":"product_tag-menta","16":"product_tag-outono-inverno","17":"product_tag-poliester","18":"product_tag-preto","19":"product_tag-rosa","20":"product_tag-tartan","21":"product_tag-tecidos-vestuario","22":"product_tag-terracota","23":"product_tag-vestuario","24":"product_tag-xadrez","25":"product_tag-xadrez-escoces","27":"first","28":"instock","29":"taxable","30":"shipping-taxable","31":"purchasable","32":"product-type-simple"},"_links":{"self":[{"href":"https:\/\/dev.eunitecidos.pt\/en\/wp-json\/wp\/v2\/product\/29003","targetHints":{"allow":["GET"]}}],"collection":[{"href":"https:\/\/dev.eunitecidos.pt\/en\/wp-json\/wp\/v2\/product"}],"about":[{"href":"https:\/\/dev.eunitecidos.pt\/en\/wp-json\/wp\/v2\/types\/product"}],"replies":[{"embeddable":true,"href":"https:\/\/dev.eunitecidos.pt\/en\/wp-json\/wp\/v2\/comments?post=29003"}],"wp:featuredmedia":[{"embeddable":true,"href":"https:\/\/dev.eunitecidos.pt\/en\/wp-json\/wp\/v2\/media\/28955"}],"wp:attachment":[{"href":"https:\/\/dev.eunitecidos.pt\/en\/wp-json\/wp\/v2\/media?parent=29003"}],"wp:term":[{"taxonomy":"product_brand","embeddable":true,"href":"https:\/\/dev.eunitecidos.pt\/en\/wp-json\/wp\/v2\/product_brand?post=29003"},{"taxonomy":"product_cat","embeddable":true,"href":"https:\/\/dev.eunitecidos.pt\/en\/wp-json\/wp\/v2\/product_cat?post=29003"},{"taxonomy":"product_tag","embeddable":true,"href":"https:\/\/dev.eunitecidos.pt\/en\/wp-json\/wp\/v2\/product_tag?post=29003"}],"curies":[{"name":"wp","href":"https:\/\/api.w.org\/{rel}","templated":true}]}}