
{"id":29978,"date":"2023-10-27T16:14:24","date_gmt":"2023-10-27T16:14:24","guid":{"rendered":"https:\/\/dev.eunitecidos.pt\/?post_type=product&#038;p=29978"},"modified":"2025-05-04T22:11:36","modified_gmt":"2025-05-04T22:11:36","slug":"tecido-100-algodao-estampado-poppy-floresta-2","status":"publish","type":"product","link":"https:\/\/dev.eunitecidos.pt\/en\/loja\/texteis\/tecido-100-algodao-estampado-poppy-floresta-2\/","title":{"rendered":"Fabric 100% Cotton | Printed | Poppy | Forest"},"content":{"rendered":"<p>Fabric 100% Cotton | Printed | Poppy | Forest<\/p>\n<p>Fabric 100% Organic Cotton<\/p>\n<p>OEKO-TEX certified<\/p>\n<p>1.50 Width 110GR\/M2<\/p>","protected":false},"excerpt":{"rendered":"<p>Fabric 100% Cotton | Printed | Poppy | Forest Fabric 100% Organic Cotton OEKO-TEX Certified 1,50 Width 110GR\/M2<\/p>","protected":false},"featured_media":29878,"comment_status":"closed","ping_status":"closed","template":"","meta":{"_seopress_robots_primary_cat":"69","_seopress_titles_title":"Tecido 100% Algod\u00e3o Estampado Poppy Floresta","_seopress_titles_desc":"Descubra o incr\u00edvel tecido org\u00e2nico certificado OEKO-TEX. Com largura de 1,50m e 110g\/m2, ideal para os seus projetos criativos!","_seopress_robots_index":""},"product_brand":[],"product_cat":[194,196,381,135,69],"product_tag":[315,443,307,1830,319,602,1619,86,1244,1995,3020,829,3041,331,1712,856,102,453],"class_list":{"0":"post-29978","1":"product","2":"type-product","3":"status-publish","4":"has-post-thumbnail","6":"product_cat-algodao-organico","7":"product_cat-estampados","8":"product_cat-infantis-tecido-100-algodao","9":"product_cat-tecido-100-algodao","10":"product_cat-texteis","11":"product_tag-100-algodao","12":"product_tag-algodao-organico","13":"product_tag-amarelo","14":"product_tag-bambi","15":"product_tag-bege","16":"product_tag-camel","17":"product_tag-estampado-infantil","18":"product_tag-flores","19":"product_tag-folhas","20":"product_tag-fundo-branco","21":"product_tag-outono-inverno","22":"product_tag-passaros","23":"product_tag-primavera-verao","24":"product_tag-rosa-velho","25":"product_tag-tecido-algodao","26":"product_tag-tecidos-poppy","27":"product_tag-verde","28":"product_tag-vermelho","30":"first","31":"instock","32":"taxable","33":"shipping-taxable","34":"purchasable","35":"product-type-simple"},"_links":{"self":[{"href":"https:\/\/dev.eunitecidos.pt\/en\/wp-json\/wp\/v2\/product\/29978","targetHints":{"allow":["GET"]}}],"collection":[{"href":"https:\/\/dev.eunitecidos.pt\/en\/wp-json\/wp\/v2\/product"}],"about":[{"href":"https:\/\/dev.eunitecidos.pt\/en\/wp-json\/wp\/v2\/types\/product"}],"replies":[{"embeddable":true,"href":"https:\/\/dev.eunitecidos.pt\/en\/wp-json\/wp\/v2\/comments?post=29978"}],"wp:featuredmedia":[{"embeddable":true,"href":"https:\/\/dev.eunitecidos.pt\/en\/wp-json\/wp\/v2\/media\/29878"}],"wp:attachment":[{"href":"https:\/\/dev.eunitecidos.pt\/en\/wp-json\/wp\/v2\/media?parent=29978"}],"wp:term":[{"taxonomy":"product_brand","embeddable":true,"href":"https:\/\/dev.eunitecidos.pt\/en\/wp-json\/wp\/v2\/product_brand?post=29978"},{"taxonomy":"product_cat","embeddable":true,"href":"https:\/\/dev.eunitecidos.pt\/en\/wp-json\/wp\/v2\/product_cat?post=29978"},{"taxonomy":"product_tag","embeddable":true,"href":"https:\/\/dev.eunitecidos.pt\/en\/wp-json\/wp\/v2\/product_tag?post=29978"}],"curies":[{"name":"wp","href":"https:\/\/api.w.org\/{rel}","templated":true}]}}