
{"id":30144,"date":"2023-11-03T17:07:48","date_gmt":"2023-11-03T17:07:48","guid":{"rendered":"https:\/\/dev.eunitecidos.pt\/?post_type=product&#038;p=30144"},"modified":"2025-02-13T14:12:01","modified_gmt":"2025-02-13T14:12:01","slug":"coralina-estampado-infantil-urso-indio","status":"publish","type":"product","link":"https:\/\/dev.eunitecidos.pt\/en\/loja\/texteis\/coralina-estampado-infantil-urso-indio\/","title":{"rendered":"Coralina | Printed| Children's | Indian Bear"},"content":{"rendered":"<p>Coralina | Printed| Children's | Indian Bear<\/p>\n<p>Short-haired fabric on both sides, with a high level of protection against the cold.<\/p>\n<p>Soft and smooth touch, very pleasant on contact with the skin<\/p>\n<p>Ideal for making items for babies and children, such as blankets, pyjamas, jumpers, pillowcases, etc...<\/p>\n<p>100% Polyester<\/p>\n<p>1.50 Width<\/p>","protected":false},"excerpt":{"rendered":"<p>Coralina | Estampado| Infantil | Urso \u00cdndio Tecido de p\u00ealo curto nas duas faces, com elevado n\u00edvel de prote\u00e7\u00e3o contra o frio. Toque macio e suave muito agrad\u00e1vel no contacto com a pele Ideal para a confe\u00e7\u00e3o de pe\u00e7as para beb\u00e9s e crian\u00e7as, como por exemplo: mantinhas, pijamas, agasalhos, fronhas, etc&#8230; 100% Polyester 1,50 Largura<\/p>","protected":false},"featured_media":30107,"comment_status":"closed","ping_status":"closed","template":"","meta":{"_seopress_robots_primary_cat":"69","_seopress_titles_title":"Estampado Coralina Infantil Urso \u00cdndio | Tecido 100% Polyester","_seopress_titles_desc":"Tecido de p\u00ealo curto nas duas faces, ideal para pe\u00e7as de beb\u00e9s e crian\u00e7as. Suave, macio e quente. 100% Polyester. 1,50m de largura.","_seopress_robots_index":""},"product_brand":[],"product_cat":[145,231,69],"product_tag":[707,298,319,516,1692,1618,885,1619,3088,352,1671,405,549],"class_list":{"0":"post-30144","1":"product","2":"type-product","3":"status-publish","4":"has-post-thumbnail","6":"product_cat-coralinas","7":"product_cat-estampadas-coralinas","8":"product_cat-texteis","9":"product_tag-100-poliester","10":"product_tag-azul","11":"product_tag-bege","12":"product_tag-castanho","13":"product_tag-conforto","14":"product_tag-coralina","15":"product_tag-cru","16":"product_tag-estampado-infantil","17":"product_tag-indio","18":"product_tag-infantil","19":"product_tag-inverno","20":"product_tag-mostarda","21":"product_tag-urso","23":"first","24":"instock","25":"taxable","26":"shipping-taxable","27":"purchasable","28":"product-type-simple"},"_links":{"self":[{"href":"https:\/\/dev.eunitecidos.pt\/en\/wp-json\/wp\/v2\/product\/30144","targetHints":{"allow":["GET"]}}],"collection":[{"href":"https:\/\/dev.eunitecidos.pt\/en\/wp-json\/wp\/v2\/product"}],"about":[{"href":"https:\/\/dev.eunitecidos.pt\/en\/wp-json\/wp\/v2\/types\/product"}],"replies":[{"embeddable":true,"href":"https:\/\/dev.eunitecidos.pt\/en\/wp-json\/wp\/v2\/comments?post=30144"}],"wp:featuredmedia":[{"embeddable":true,"href":"https:\/\/dev.eunitecidos.pt\/en\/wp-json\/wp\/v2\/media\/30107"}],"wp:attachment":[{"href":"https:\/\/dev.eunitecidos.pt\/en\/wp-json\/wp\/v2\/media?parent=30144"}],"wp:term":[{"taxonomy":"product_brand","embeddable":true,"href":"https:\/\/dev.eunitecidos.pt\/en\/wp-json\/wp\/v2\/product_brand?post=30144"},{"taxonomy":"product_cat","embeddable":true,"href":"https:\/\/dev.eunitecidos.pt\/en\/wp-json\/wp\/v2\/product_cat?post=30144"},{"taxonomy":"product_tag","embeddable":true,"href":"https:\/\/dev.eunitecidos.pt\/en\/wp-json\/wp\/v2\/product_tag?post=30144"}],"curies":[{"name":"wp","href":"https:\/\/api.w.org\/{rel}","templated":true}]}}