
{"id":30492,"date":"2023-11-22T20:37:33","date_gmt":"2023-11-22T20:37:33","guid":{"rendered":"https:\/\/dev.eunitecidos.pt\/?post_type=product&#038;p=30492"},"modified":"2026-01-06T15:47:54","modified_gmt":"2026-01-06T15:47:54","slug":"tecido-100-algodao-estampado-infantil-esquilos","status":"publish","type":"product","link":"https:\/\/dev.eunitecidos.pt\/en\/loja\/texteis\/tecido-100-algodao-estampado-infantil-esquilos\/","title":{"rendered":"Fabric 100% Cotton | Children's Print | Squirrels"},"content":{"rendered":"<p>Fabric 100% Cotton | Children's Print | Squirrels<\/p>\n<p>Fabric 100% Organic Cotton<\/p>\n<p>OEKO-TEX certified<\/p>\n<p>1.50 Width<\/p>","protected":false},"excerpt":{"rendered":"<p>Tecido 100% Algod\u00e3o | Estampado Infantil | Esquilos Tecido 100% Algod\u00e3o Org\u00e2nico Certificado OEKO-TEX 1,50 Largura<\/p>","protected":false},"featured_media":30448,"comment_status":"closed","ping_status":"closed","template":"","meta":{"_seopress_robots_primary_cat":"69","_seopress_titles_title":"Tecido 100% Algod\u00e3o Org\u00e2nico | Estampado Infantil","_seopress_titles_desc":"Descubra o tecido de algod\u00e3o org\u00e2nico estampado com motivo infantil de esquilos. Certificado OEKO-TEX e com 1,50m de largura. Ideal para projetos criativos!","_seopress_robots_index":""},"product_brand":[],"product_cat":[194,196,381,135,69],"product_tag":[315,443,319,321,1926,515,3105,1619,86,1244,2485,540,1712,469],"class_list":{"0":"post-30492","1":"product","2":"type-product","3":"status-publish","4":"has-post-thumbnail","6":"product_cat-algodao-organico","7":"product_cat-estampados","8":"product_cat-infantis-tecido-100-algodao","9":"product_cat-tecido-100-algodao","10":"product_cat-texteis","11":"product_tag-100-algodao","12":"product_tag-algodao-organico","13":"product_tag-bege","14":"product_tag-branco","15":"product_tag-cogumelos","16":"product_tag-coral","17":"product_tag-esquilos","18":"product_tag-estampado-infantil","19":"product_tag-flores","20":"product_tag-folhas","21":"product_tag-fundo-rosa-bebe","22":"product_tag-raposas","23":"product_tag-tecido-algodao","24":"product_tag-verde-agua","26":"first","27":"instock","28":"taxable","29":"shipping-taxable","30":"purchasable","31":"product-type-simple"},"_links":{"self":[{"href":"https:\/\/dev.eunitecidos.pt\/en\/wp-json\/wp\/v2\/product\/30492","targetHints":{"allow":["GET"]}}],"collection":[{"href":"https:\/\/dev.eunitecidos.pt\/en\/wp-json\/wp\/v2\/product"}],"about":[{"href":"https:\/\/dev.eunitecidos.pt\/en\/wp-json\/wp\/v2\/types\/product"}],"replies":[{"embeddable":true,"href":"https:\/\/dev.eunitecidos.pt\/en\/wp-json\/wp\/v2\/comments?post=30492"}],"wp:featuredmedia":[{"embeddable":true,"href":"https:\/\/dev.eunitecidos.pt\/en\/wp-json\/wp\/v2\/media\/30448"}],"wp:attachment":[{"href":"https:\/\/dev.eunitecidos.pt\/en\/wp-json\/wp\/v2\/media?parent=30492"}],"wp:term":[{"taxonomy":"product_brand","embeddable":true,"href":"https:\/\/dev.eunitecidos.pt\/en\/wp-json\/wp\/v2\/product_brand?post=30492"},{"taxonomy":"product_cat","embeddable":true,"href":"https:\/\/dev.eunitecidos.pt\/en\/wp-json\/wp\/v2\/product_cat?post=30492"},{"taxonomy":"product_tag","embeddable":true,"href":"https:\/\/dev.eunitecidos.pt\/en\/wp-json\/wp\/v2\/product_tag?post=30492"}],"curies":[{"name":"wp","href":"https:\/\/api.w.org\/{rel}","templated":true}]}}