
{"id":30576,"date":"2023-11-24T10:50:39","date_gmt":"2023-11-24T10:50:39","guid":{"rendered":"https:\/\/dev.eunitecidos.pt\/?post_type=product&#038;p=30576"},"modified":"2025-12-02T09:50:49","modified_gmt":"2025-12-02T09:50:49","slug":"fita-vies-30mm-natal-branco","status":"publish","type":"product","link":"https:\/\/dev.eunitecidos.pt\/en\/loja\/retrosaria\/fita-vies-30mm-natal-branco\/","title":{"rendered":"Bias Tape | 30mm | Christmas | White"},"content":{"rendered":"<p>Bias Tape | 30mm | Christmas | White<\/p>\n<p>Christmas motifs in gold.<\/p>\n<p>30mm<\/p>\n<p>100% Cotton<\/p>","protected":false},"excerpt":{"rendered":"<p>Fita Vi\u00e9s | 30mm | Natal | Branco Motivos Natal, em dourado. 30mm 100% Algod\u00e3o<\/p>","protected":false},"featured_media":30564,"comment_status":"closed","ping_status":"closed","template":"","meta":{"_seopress_robots_primary_cat":"72","_seopress_titles_title":"Fita Vi\u00e9s Natal 30mm Branco Motivos Dourados 100% Algod\u00e3o","_seopress_titles_desc":"Adicione um toque festivo aos seus projetos com esta fita vi\u00e9s de 30mm em 100% algod\u00e3o. Perfeita para os preparativos natal\u00edcios!","_seopress_robots_index":""},"product_brand":[],"product_cat":[285,1486,72,283],"product_tag":[1795,1578,896,340,1118,1995,1575,1279,1472,453,1119],"class_list":{"0":"post-30576","1":"product","2":"type-product","3":"status-publish","4":"has-post-thumbnail","6":"product_cat-30mm","7":"product_cat-vies-estampados","8":"product_cat-retrosaria","9":"product_cat-vies","10":"product_tag-30mm","11":"product_tag-azevinho","12":"product_tag-dourado","13":"product_tag-estampado","14":"product_tag-fita-de-vies","15":"product_tag-fundo-branco","16":"product_tag-natal","17":"product_tag-verde-claro","18":"product_tag-verde-escuro","19":"product_tag-vermelho","20":"product_tag-vies-de-algodao","22":"first","23":"instock","24":"taxable","25":"shipping-taxable","26":"purchasable","27":"product-type-simple"},"_links":{"self":[{"href":"https:\/\/dev.eunitecidos.pt\/en\/wp-json\/wp\/v2\/product\/30576","targetHints":{"allow":["GET"]}}],"collection":[{"href":"https:\/\/dev.eunitecidos.pt\/en\/wp-json\/wp\/v2\/product"}],"about":[{"href":"https:\/\/dev.eunitecidos.pt\/en\/wp-json\/wp\/v2\/types\/product"}],"replies":[{"embeddable":true,"href":"https:\/\/dev.eunitecidos.pt\/en\/wp-json\/wp\/v2\/comments?post=30576"}],"wp:featuredmedia":[{"embeddable":true,"href":"https:\/\/dev.eunitecidos.pt\/en\/wp-json\/wp\/v2\/media\/30564"}],"wp:attachment":[{"href":"https:\/\/dev.eunitecidos.pt\/en\/wp-json\/wp\/v2\/media?parent=30576"}],"wp:term":[{"taxonomy":"product_brand","embeddable":true,"href":"https:\/\/dev.eunitecidos.pt\/en\/wp-json\/wp\/v2\/product_brand?post=30576"},{"taxonomy":"product_cat","embeddable":true,"href":"https:\/\/dev.eunitecidos.pt\/en\/wp-json\/wp\/v2\/product_cat?post=30576"},{"taxonomy":"product_tag","embeddable":true,"href":"https:\/\/dev.eunitecidos.pt\/en\/wp-json\/wp\/v2\/product_tag?post=30576"}],"curies":[{"name":"wp","href":"https:\/\/api.w.org\/{rel}","templated":true}]}}