
{"id":30577,"date":"2023-11-24T10:52:20","date_gmt":"2023-11-24T10:52:20","guid":{"rendered":"https:\/\/dev.eunitecidos.pt\/?post_type=product&#038;p=30577"},"modified":"2024-10-19T20:48:42","modified_gmt":"2024-10-19T20:48:42","slug":"fita-vies-18mm-natal-vermelho","status":"publish","type":"product","link":"https:\/\/dev.eunitecidos.pt\/en\/loja\/retrosaria\/fita-vies-18mm-natal-vermelho\/","title":{"rendered":"Bias Tape | 18mm | Christmas | Red"},"content":{"rendered":"<p>Bias Tape | 18mm | Christmas | Red<\/p>\n<p>Christmas motifs in gold.<\/p>\n<p>18mm<\/p>\n<p>100% Cotton<\/p>","protected":false},"excerpt":{"rendered":"<p>Ribbon Bias | 18mm | Christmas | Red Christmas motifs, in gold. 18mm 100% Cotton<\/p>","protected":false},"featured_media":30567,"comment_status":"closed","ping_status":"closed","template":"","meta":{"_seopress_robots_primary_cat":"72","_seopress_titles_title":"Fita Vi\u00e9s 18mm Vermelho Motivos Natal Dourado 100% Algod\u00e3o","_seopress_titles_desc":"Decorativa e festiva fita vi\u00e9s de 18mm, 100% algod\u00e3o, perfeita para adicionar um toque de Natal aos seus projetos de costura. Dispon\u00edvel na cor vermelha com motivos natal\u00edcios em dourado.","_seopress_robots_index":""},"product_brand":[],"product_cat":[284,1486,72,283],"product_tag":[1123,1583,1587,896,340,1118,2535,2005,1575,1658,453,1119],"class_list":{"0":"post-30577","1":"product","2":"type-product","3":"status-publish","4":"has-post-thumbnail","6":"product_cat-18-mm","7":"product_cat-vies-estampados","8":"product_cat-retrosaria","9":"product_cat-vies","10":"product_tag-18mm","11":"product_tag-arvore-de-natal","12":"product_tag-boneco-gengibre","13":"product_tag-dourado","14":"product_tag-estampado","15":"product_tag-fita-de-vies","16":"product_tag-floco-de-neve","17":"product_tag-fundo-vermelho","18":"product_tag-natal","19":"product_tag-rena","20":"product_tag-vermelho","21":"product_tag-vies-de-algodao","23":"first","24":"instock","25":"taxable","26":"shipping-taxable","27":"purchasable","28":"product-type-simple"},"_links":{"self":[{"href":"https:\/\/dev.eunitecidos.pt\/en\/wp-json\/wp\/v2\/product\/30577","targetHints":{"allow":["GET"]}}],"collection":[{"href":"https:\/\/dev.eunitecidos.pt\/en\/wp-json\/wp\/v2\/product"}],"about":[{"href":"https:\/\/dev.eunitecidos.pt\/en\/wp-json\/wp\/v2\/types\/product"}],"replies":[{"embeddable":true,"href":"https:\/\/dev.eunitecidos.pt\/en\/wp-json\/wp\/v2\/comments?post=30577"}],"wp:featuredmedia":[{"embeddable":true,"href":"https:\/\/dev.eunitecidos.pt\/en\/wp-json\/wp\/v2\/media\/30567"}],"wp:attachment":[{"href":"https:\/\/dev.eunitecidos.pt\/en\/wp-json\/wp\/v2\/media?parent=30577"}],"wp:term":[{"taxonomy":"product_brand","embeddable":true,"href":"https:\/\/dev.eunitecidos.pt\/en\/wp-json\/wp\/v2\/product_brand?post=30577"},{"taxonomy":"product_cat","embeddable":true,"href":"https:\/\/dev.eunitecidos.pt\/en\/wp-json\/wp\/v2\/product_cat?post=30577"},{"taxonomy":"product_tag","embeddable":true,"href":"https:\/\/dev.eunitecidos.pt\/en\/wp-json\/wp\/v2\/product_tag?post=30577"}],"curies":[{"name":"wp","href":"https:\/\/api.w.org\/{rel}","templated":true}]}}