
{"id":30669,"date":"2023-11-28T21:44:16","date_gmt":"2023-11-28T21:44:16","guid":{"rendered":"https:\/\/dev.eunitecidos.pt\/?post_type=product&#038;p=30669"},"modified":"2025-01-22T12:11:17","modified_gmt":"2025-01-22T12:11:17","slug":"tecido-minimat-100-poliester-liso-bordo-78","status":"publish","type":"product","link":"https:\/\/dev.eunitecidos.pt\/en\/loja\/texteis\/tecido-minimat-100-poliester-liso-bordo-78\/","title":{"rendered":"Minimat Fabric | 100% Polyester | Plain | Bordeaux 78"},"content":{"rendered":"<p>Minimat Fabric | 100% Polyester | Plain | Bordeaux 78<\/p>\n<p>100% polyester fabric, quick-drying, stain-resistant, does not crease.<\/p>\n<p>Lightweight, flowing fabric, very versatile with many uses and a low price.<\/p>\n<p>Ideal fabric for printing and sublimation.<\/p>\n<p>Ideal for catering tablecloths. Used for carnival costumes or themed parties.<\/p>\n<p>1.5 metres wide 190gr\/m2<\/p>","protected":false},"excerpt":{"rendered":"<p>Tecido Minimat | 100% Poli\u00e9ster | Liso | Bord\u00f4 78 Tecido 100% poli\u00e9ster, de secagem r\u00e1pida, antin\u00f3doa, n\u00e3o amarrota. Tecido de ca\u00edda leve e fluida, bastante vers\u00e1til com variad\u00edssimas utiliza\u00e7\u00f5es e de pre\u00e7o baixo. Tecido ideal para estampagem e sublima\u00e7\u00e3o. Ideal para toalhas de mesa em restaura\u00e7\u00e3o. Utilizado para vestu\u00e1rio de carnaval ou festas tem\u00e1ticas. [&hellip;]<\/p>","protected":false},"featured_media":30519,"comment_status":"closed","ping_status":"closed","template":"","meta":{"_seopress_robots_primary_cat":"69","_seopress_titles_title":"Tecido Minimat 100% Poli\u00e9ster Liso Bord\u00f4","_seopress_titles_desc":"Tecido poli\u00e9ster de qualidade e versatilidade, perfeito para estampagem e toalhas de mesa. Ideal para carnaval e festas tem\u00e1ticas. Descubra mais!","_seopress_robots_index":""},"product_brand":[],"product_cat":[1665,156,69],"product_tag":[707,1810,1885,778,1992,581,706,677,2060,2657,2835,3106],"class_list":{"0":"post-30669","1":"product","2":"type-product","3":"status-publish","4":"has-post-thumbnail","6":"product_cat-atoalhados","7":"product_cat-minimate","8":"product_cat-texteis","9":"product_tag-100-poliester","10":"product_tag-anti-nodoa","11":"product_tag-atoalhado","12":"product_tag-bordo","13":"product_tag-carnaval","14":"product_tag-cortinas","15":"product_tag-decoracao","16":"product_tag-liso","17":"product_tag-marchas","18":"product_tag-minimat","19":"product_tag-secagem-rapida","20":"product_tag-versatil","22":"first","23":"instock","24":"taxable","25":"shipping-taxable","26":"purchasable","27":"product-type-simple"},"_links":{"self":[{"href":"https:\/\/dev.eunitecidos.pt\/en\/wp-json\/wp\/v2\/product\/30669","targetHints":{"allow":["GET"]}}],"collection":[{"href":"https:\/\/dev.eunitecidos.pt\/en\/wp-json\/wp\/v2\/product"}],"about":[{"href":"https:\/\/dev.eunitecidos.pt\/en\/wp-json\/wp\/v2\/types\/product"}],"replies":[{"embeddable":true,"href":"https:\/\/dev.eunitecidos.pt\/en\/wp-json\/wp\/v2\/comments?post=30669"}],"wp:featuredmedia":[{"embeddable":true,"href":"https:\/\/dev.eunitecidos.pt\/en\/wp-json\/wp\/v2\/media\/30519"}],"wp:attachment":[{"href":"https:\/\/dev.eunitecidos.pt\/en\/wp-json\/wp\/v2\/media?parent=30669"}],"wp:term":[{"taxonomy":"product_brand","embeddable":true,"href":"https:\/\/dev.eunitecidos.pt\/en\/wp-json\/wp\/v2\/product_brand?post=30669"},{"taxonomy":"product_cat","embeddable":true,"href":"https:\/\/dev.eunitecidos.pt\/en\/wp-json\/wp\/v2\/product_cat?post=30669"},{"taxonomy":"product_tag","embeddable":true,"href":"https:\/\/dev.eunitecidos.pt\/en\/wp-json\/wp\/v2\/product_tag?post=30669"}],"curies":[{"name":"wp","href":"https:\/\/api.w.org\/{rel}","templated":true}]}}