
{"id":30803,"date":"2023-12-06T21:10:14","date_gmt":"2023-12-06T21:10:14","guid":{"rendered":"https:\/\/dev.eunitecidos.pt\/?post_type=product&#038;p=30803"},"modified":"2024-05-27T10:26:40","modified_gmt":"2024-05-27T10:26:40","slug":"turco-com-elasticidade-liso-cinza","status":"publish","type":"product","link":"https:\/\/dev.eunitecidos.pt\/en\/loja\/texteis\/turco-com-elasticidade-liso-cinza\/","title":{"rendered":"Turkish Elasticated | Smooth | Grey"},"content":{"rendered":"<p>Turkish Elasticated | Smooth | Grey<\/p>\n<p>Fine, supple terry with a velvety, very soft touch.<\/p>\n<p>Ideal for making children's layettes<\/p>\n<p>Composition 80% cotton 20% Polyester<\/p>\n<p>Available in white, beige and grey<\/p>\n<p>240 gr\/m2<\/p>\n<p>1.50 metres wide<\/p>","protected":false},"excerpt":{"rendered":"<p>Turco com Elasticidade | Liso | Cinza Turco fino, com elasticidade, com toque aveludado e bastante suave. Ideal para confe\u00e7\u00e3o de pe\u00e7as de enxoval infantil Composi\u00e7\u00e3o 80% algod\u00e3o 20% Poli\u00e9ster Dispon\u00edvel em branco, bege e cinza 240 gr\/m2 1,50 mt largura<\/p>","protected":false},"featured_media":30460,"comment_status":"closed","ping_status":"closed","template":"","meta":{"_seopress_robots_primary_cat":"69","_seopress_titles_title":"Turco Fino com Elasticidade | Liso | Cinza","_seopress_titles_desc":"Turco fino e suave, ideal para enxovais infantis. Composi\u00e7\u00e3o: 80% algod\u00e3o, 20% poli\u00e9ster. Dispon\u00edvel em branco, bege e cinza. 240 gr\/m2, 1,50 mt largura.","_seopress_robots_index":""},"product_brand":[],"product_cat":[69,238,153],"product_tag":[290,1631,1614,677,2185,1668,3109,585],"class_list":{"0":"post-30803","1":"product","2":"type-product","3":"status-publish","4":"has-post-thumbnail","6":"product_cat-texteis","7":"product_cat-turco-algodao","8":"product_cat-turcos","9":"product_tag-algodao","10":"product_tag-cinza-claro","11":"product_tag-elasticidade","12":"product_tag-liso","13":"product_tag-poliester","14":"product_tag-suave","15":"product_tag-toque-aveludado","16":"product_tag-turco","18":"first","19":"instock","20":"taxable","21":"shipping-taxable","22":"purchasable","23":"product-type-simple"},"_links":{"self":[{"href":"https:\/\/dev.eunitecidos.pt\/en\/wp-json\/wp\/v2\/product\/30803","targetHints":{"allow":["GET"]}}],"collection":[{"href":"https:\/\/dev.eunitecidos.pt\/en\/wp-json\/wp\/v2\/product"}],"about":[{"href":"https:\/\/dev.eunitecidos.pt\/en\/wp-json\/wp\/v2\/types\/product"}],"replies":[{"embeddable":true,"href":"https:\/\/dev.eunitecidos.pt\/en\/wp-json\/wp\/v2\/comments?post=30803"}],"wp:featuredmedia":[{"embeddable":true,"href":"https:\/\/dev.eunitecidos.pt\/en\/wp-json\/wp\/v2\/media\/30460"}],"wp:attachment":[{"href":"https:\/\/dev.eunitecidos.pt\/en\/wp-json\/wp\/v2\/media?parent=30803"}],"wp:term":[{"taxonomy":"product_brand","embeddable":true,"href":"https:\/\/dev.eunitecidos.pt\/en\/wp-json\/wp\/v2\/product_brand?post=30803"},{"taxonomy":"product_cat","embeddable":true,"href":"https:\/\/dev.eunitecidos.pt\/en\/wp-json\/wp\/v2\/product_cat?post=30803"},{"taxonomy":"product_tag","embeddable":true,"href":"https:\/\/dev.eunitecidos.pt\/en\/wp-json\/wp\/v2\/product_tag?post=30803"}],"curies":[{"name":"wp","href":"https:\/\/api.w.org\/{rel}","templated":true}]}}