
{"id":30901,"date":"2023-12-13T10:50:20","date_gmt":"2023-12-13T10:50:20","guid":{"rendered":"https:\/\/dev.eunitecidos.pt\/?post_type=product&#038;p=30901"},"modified":"2024-10-13T19:25:33","modified_gmt":"2024-10-13T19:25:33","slug":"tecido-loneta-estampado-floral-26","status":"publish","type":"product","link":"https:\/\/dev.eunitecidos.pt\/en\/loja\/texteis\/tecido-loneta-estampado-floral-26\/","title":{"rendered":"Loneta Fabric | Printed | Floral"},"content":{"rendered":"<p>Loneta Fabric | Printed | Floral<\/p>\n<p>Composition: 65% Cotton 35% Polyester<\/p>\n<p>2.8 Width<\/p>\n<p>Discover the wide selection of Floral Printed Loneta Fabric in 65% Cotton and 35% Polyester. Ideal for various sewing projects. Order now!<\/p>","protected":false},"excerpt":{"rendered":"<p>Tecido Loneta |\u00a0 Estampado | Floral Composi\u00e7\u00e3o: 65% Algod\u00e3o 35% Poli\u00e9ster 2,8 Largura Descubra a vasta sele\u00e7\u00e3o de Tecido Loneta Estampado Floral com 65% Algod\u00e3o e 35% Poli\u00e9ster. Ideal para diversos projetos de costura. Encomende agora!<\/p>","protected":false},"featured_media":30398,"comment_status":"closed","ping_status":"closed","template":"","meta":{"_seopress_robots_primary_cat":"69","_seopress_titles_title":"Tecido Loneta Estampado Floral | Composi\u00e7\u00e3o Algod\u00e3o Poli\u00e9ster","_seopress_titles_desc":"Descubra a vasta sele\u00e7\u00e3o de Tecido Loneta Estampado Floral com 65% Algod\u00e3o e 35% Poli\u00e9ster. Ideal para diversos projetos de costura. Encomende agora!","_seopress_robots_index":""},"product_brand":[],"product_cat":[244,242,159,69],"product_tag":[290,993,563,321,885,340,1798,86,2001,2185,1758,1659,102,1472],"class_list":{"0":"post-30901","1":"product","2":"type-product","3":"status-publish","4":"has-post-thumbnail","6":"product_cat-estampadas-lonetas","7":"product_cat-lonetas","8":"product_cat-tecidos-decoracao","9":"product_cat-texteis","10":"product_tag-algodao","11":"product_tag-azul-claro","12":"product_tag-azul-escuro","13":"product_tag-branco","14":"product_tag-cru","15":"product_tag-estampado","16":"product_tag-floral","17":"product_tag-flores","18":"product_tag-fundo-bege","19":"product_tag-poliester","20":"product_tag-tecido-decoracao","21":"product_tag-tecido-loneta","22":"product_tag-verde","23":"product_tag-verde-escuro","25":"first","26":"instock","27":"taxable","28":"shipping-taxable","29":"purchasable","30":"product-type-simple"},"_links":{"self":[{"href":"https:\/\/dev.eunitecidos.pt\/en\/wp-json\/wp\/v2\/product\/30901","targetHints":{"allow":["GET"]}}],"collection":[{"href":"https:\/\/dev.eunitecidos.pt\/en\/wp-json\/wp\/v2\/product"}],"about":[{"href":"https:\/\/dev.eunitecidos.pt\/en\/wp-json\/wp\/v2\/types\/product"}],"replies":[{"embeddable":true,"href":"https:\/\/dev.eunitecidos.pt\/en\/wp-json\/wp\/v2\/comments?post=30901"}],"wp:featuredmedia":[{"embeddable":true,"href":"https:\/\/dev.eunitecidos.pt\/en\/wp-json\/wp\/v2\/media\/30398"}],"wp:attachment":[{"href":"https:\/\/dev.eunitecidos.pt\/en\/wp-json\/wp\/v2\/media?parent=30901"}],"wp:term":[{"taxonomy":"product_brand","embeddable":true,"href":"https:\/\/dev.eunitecidos.pt\/en\/wp-json\/wp\/v2\/product_brand?post=30901"},{"taxonomy":"product_cat","embeddable":true,"href":"https:\/\/dev.eunitecidos.pt\/en\/wp-json\/wp\/v2\/product_cat?post=30901"},{"taxonomy":"product_tag","embeddable":true,"href":"https:\/\/dev.eunitecidos.pt\/en\/wp-json\/wp\/v2\/product_tag?post=30901"}],"curies":[{"name":"wp","href":"https:\/\/api.w.org\/{rel}","templated":true}]}}