
{"id":30929,"date":"2023-12-14T11:50:52","date_gmt":"2023-12-14T11:50:52","guid":{"rendered":"https:\/\/dev.eunitecidos.pt\/?post_type=product&#038;p=30929"},"modified":"2024-07-10T10:58:12","modified_gmt":"2024-07-10T10:58:12","slug":"lame-liso-elastano-dourado","status":"publish","type":"product","link":"https:\/\/dev.eunitecidos.pt\/en\/loja\/texteis\/lame-liso-elastano-dourado\/","title":{"rendered":"Lam\u00e9 | Smooth | Elastane | Gold"},"content":{"rendered":"<p>Lam\u00e9 | Smooth | Elastane | Gold<\/p>\n<p>Very stretchy knit, shiny on one side.<\/p>\n<p>Ideal for leggings and carnival costumes<\/p>\n<p>Composition 95% Polyester 5% Spandex 262gr\/m2<\/p>\n<p>1.50 Width<\/p>","protected":false},"excerpt":{"rendered":"<p>Lam\u00e9 | Liso | Elastano | Dourado Malha com bastante elasticidade, brilhante numa das faces. Ideal para legins e fantasias de carnaval Composi\u00e7\u00e3o 95% Poli\u00e9ster 5% Spandex 262gr\/m2 1,50 Largura<\/p>","protected":false},"featured_media":30930,"comment_status":"closed","ping_status":"closed","template":"","meta":{"_seopress_robots_primary_cat":"69","_seopress_titles_title":"Malha de Lam\u00e9 Dourada com Elastano | Ideal para Carnaval","_seopress_titles_desc":"Malha com bastante elasticidade e brilho, perfeita para confe\u00e7\u00e3o de pe\u00e7as como legins e fantasias de carnaval. Composi\u00e7\u00e3o: 95% Poli\u00e9ster 5% Spandex. Peso: 262gr\/m2. Largura: 1,50m.","_seopress_robots_index":""},"product_brand":[],"product_cat":[2016,199,69],"product_tag":[1992,896,1614,2696,677,2185,2647],"class_list":{"0":"post-30929","1":"product","2":"type-product","3":"status-publish","4":"has-post-thumbnail","6":"product_cat-carnaval","7":"product_cat-tematicos","8":"product_cat-texteis","9":"product_tag-carnaval","10":"product_tag-dourado","11":"product_tag-elasticidade","12":"product_tag-lame","13":"product_tag-liso","14":"product_tag-poliester","15":"product_tag-spandex","17":"first","18":"instock","19":"taxable","20":"shipping-taxable","21":"purchasable","22":"product-type-simple"},"_links":{"self":[{"href":"https:\/\/dev.eunitecidos.pt\/en\/wp-json\/wp\/v2\/product\/30929","targetHints":{"allow":["GET"]}}],"collection":[{"href":"https:\/\/dev.eunitecidos.pt\/en\/wp-json\/wp\/v2\/product"}],"about":[{"href":"https:\/\/dev.eunitecidos.pt\/en\/wp-json\/wp\/v2\/types\/product"}],"replies":[{"embeddable":true,"href":"https:\/\/dev.eunitecidos.pt\/en\/wp-json\/wp\/v2\/comments?post=30929"}],"wp:featuredmedia":[{"embeddable":true,"href":"https:\/\/dev.eunitecidos.pt\/en\/wp-json\/wp\/v2\/media\/30930"}],"wp:attachment":[{"href":"https:\/\/dev.eunitecidos.pt\/en\/wp-json\/wp\/v2\/media?parent=30929"}],"wp:term":[{"taxonomy":"product_brand","embeddable":true,"href":"https:\/\/dev.eunitecidos.pt\/en\/wp-json\/wp\/v2\/product_brand?post=30929"},{"taxonomy":"product_cat","embeddable":true,"href":"https:\/\/dev.eunitecidos.pt\/en\/wp-json\/wp\/v2\/product_cat?post=30929"},{"taxonomy":"product_tag","embeddable":true,"href":"https:\/\/dev.eunitecidos.pt\/en\/wp-json\/wp\/v2\/product_tag?post=30929"}],"curies":[{"name":"wp","href":"https:\/\/api.w.org\/{rel}","templated":true}]}}