
{"id":31612,"date":"2024-01-30T14:31:47","date_gmt":"2024-01-30T14:31:47","guid":{"rendered":"https:\/\/dev.eunitecidos.pt\/?post_type=product&#038;p=31612"},"modified":"2024-12-07T20:51:21","modified_gmt":"2024-12-07T20:51:21","slug":"tecido-policanvas-estampado-3d-floral-9","status":"publish","type":"product","link":"https:\/\/dev.eunitecidos.pt\/en\/loja\/texteis\/tecido-policanvas-estampado-3d-floral-9\/","title":{"rendered":"Policanvas Fabric | 3D Print | Floral"},"content":{"rendered":"<p>Policanvas Fabric | 3D Print | Floral<\/p>\n<p>Polycanvas is twice as strong as normal cotton. It is treated with silicone which makes it<strong> water-resistant, but not waterproof.<\/strong><\/p>\n<p>It's a synthetic fabric made from polyester, with a simple weave that imitates the feel and look of canvas.<\/p>\n<p>Its durability makes it perfect for making bags, accessories and decoration.<\/p>\n<p>100% Polyester<\/p>\n<p>1.5 metres wide<\/p>\n<p>Discover the water-resistant polycanvas fabric, ideal for bags, accessories and decoration. Made from polyester with a 3D floral print. Find out more!<\/p>","protected":false},"excerpt":{"rendered":"<p>Tecido Policanvas | Estampado 3D | Floral O policanvas \u00e9 duas vezes mais resistente que o algod\u00e3o normal. \u00c9 tratado com silicone o que o torna resistente \u00e0 \u00e1gua, mas n\u00e3o \u00e9 imperme\u00e1vel. \u00c9 um tecido sint\u00e9tico feito \u00e0 base de poli\u00e9ster, com uma trama simples que imita a sensa\u00e7\u00e3o e apar\u00eancia da lona. A [&hellip;]<\/p>","protected":false},"featured_media":31589,"comment_status":"closed","ping_status":"closed","template":"","meta":{"_seopress_robots_primary_cat":"69","_seopress_titles_title":"Tecido Policanvas Estampado 3D - Resistente e Dur\u00e1vel","_seopress_titles_desc":"Descubra o tecido policanvas resistente \u00e0 \u00e1gua, ideal para bolsas, acess\u00f3rios e decora\u00e7\u00e3o. Feito em poli\u00e9ster com estampado 3D floral. Saiba mais!","_seopress_robots_index":""},"product_brand":[],"product_cat":[3129,159,69],"product_tag":[707,307,885,3131,3132,1798,86,893,405,3130,453],"class_list":{"0":"post-31612","1":"product","2":"type-product","3":"status-publish","4":"has-post-thumbnail","6":"product_cat-policanvas","7":"product_cat-tecidos-decoracao","8":"product_cat-texteis","9":"product_tag-100-poliester","10":"product_tag-amarelo","11":"product_tag-cru","12":"product_tag-estampa-3d","13":"product_tag-estampado-floral","14":"product_tag-floral","15":"product_tag-flores","16":"product_tag-menta","17":"product_tag-mostarda","18":"product_tag-policanvas","19":"product_tag-vermelho","21":"first","22":"instock","23":"taxable","24":"shipping-taxable","25":"purchasable","26":"product-type-simple"},"_links":{"self":[{"href":"https:\/\/dev.eunitecidos.pt\/en\/wp-json\/wp\/v2\/product\/31612","targetHints":{"allow":["GET"]}}],"collection":[{"href":"https:\/\/dev.eunitecidos.pt\/en\/wp-json\/wp\/v2\/product"}],"about":[{"href":"https:\/\/dev.eunitecidos.pt\/en\/wp-json\/wp\/v2\/types\/product"}],"replies":[{"embeddable":true,"href":"https:\/\/dev.eunitecidos.pt\/en\/wp-json\/wp\/v2\/comments?post=31612"}],"wp:featuredmedia":[{"embeddable":true,"href":"https:\/\/dev.eunitecidos.pt\/en\/wp-json\/wp\/v2\/media\/31589"}],"wp:attachment":[{"href":"https:\/\/dev.eunitecidos.pt\/en\/wp-json\/wp\/v2\/media?parent=31612"}],"wp:term":[{"taxonomy":"product_brand","embeddable":true,"href":"https:\/\/dev.eunitecidos.pt\/en\/wp-json\/wp\/v2\/product_brand?post=31612"},{"taxonomy":"product_cat","embeddable":true,"href":"https:\/\/dev.eunitecidos.pt\/en\/wp-json\/wp\/v2\/product_cat?post=31612"},{"taxonomy":"product_tag","embeddable":true,"href":"https:\/\/dev.eunitecidos.pt\/en\/wp-json\/wp\/v2\/product_tag?post=31612"}],"curies":[{"name":"wp","href":"https:\/\/api.w.org\/{rel}","templated":true}]}}