
{"id":31661,"date":"2024-01-31T15:51:20","date_gmt":"2024-01-31T15:51:20","guid":{"rendered":"https:\/\/dev.eunitecidos.pt\/?post_type=product&#038;p=31661"},"modified":"2025-03-20T18:10:51","modified_gmt":"2025-03-20T18:10:51","slug":"tecidos-100-algodao-licencas-universal-studio-dinossauros","status":"publish","type":"product","link":"https:\/\/dev.eunitecidos.pt\/en\/loja\/texteis\/tecidos-100-algodao-licencas-universal-studio-dinossauros\/","title":{"rendered":"Fabric 100% Cotton | Universal Studio Licences | Dinosaurs"},"content":{"rendered":"<p>Fabric 100% Cotton | Universal Studio Licences | Dinosaurs<\/p>\n<p>100% Cotton<\/p>\n<p>1.40 Width<\/p>\n<p>Oeko-Tex certified<\/p>","protected":false},"excerpt":{"rendered":"<p>Tecidos 100% Algod\u00e3o | Licen\u00e7as Universal Studio | Dinossauros 100% Algod\u00e3o 1.40 Largura Certificado Oeko-Tex<\/p>","protected":false},"featured_media":31512,"comment_status":"closed","ping_status":"closed","template":"","meta":{"_seopress_robots_primary_cat":"69","_seopress_titles_title":"Tecidos 100% Algod\u00e3o | Universal Studio | Dinossauros Certificado Oeko-Tex","_seopress_titles_desc":"Descubra os tecidos de algod\u00e3o de qualidade premium com licen\u00e7as da Universal Studio. Impressione com dinossauros em 1.40 de largura e certifica\u00e7\u00e3o Oeko-Tex.","_seopress_robots_index":""},"product_brand":[],"product_cat":[194,195,381,135,69],"product_tag":[315,307,321,516,524,1619,2188,424,3137,1712,891,3140,882],"class_list":{"0":"post-31661","1":"product","2":"type-product","3":"status-publish","4":"has-post-thumbnail","6":"product_cat-algodao-organico","7":"product_cat-disney-licencas","8":"product_cat-infantis-tecido-100-algodao","9":"product_cat-tecido-100-algodao","10":"product_cat-texteis","11":"product_tag-100-algodao","12":"product_tag-amarelo","13":"product_tag-branco","14":"product_tag-castanho","15":"product_tag-dinossauros","16":"product_tag-estampado-infantil","17":"product_tag-fundo-menta","18":"product_tag-laranja","19":"product_tag-lecencas","20":"product_tag-tecido-algodao","21":"product_tag-turquesa","22":"product_tag-universal-studio","23":"product_tag-verde-alface","25":"first","26":"instock","27":"taxable","28":"shipping-taxable","29":"purchasable","30":"product-type-simple"},"_links":{"self":[{"href":"https:\/\/dev.eunitecidos.pt\/en\/wp-json\/wp\/v2\/product\/31661","targetHints":{"allow":["GET"]}}],"collection":[{"href":"https:\/\/dev.eunitecidos.pt\/en\/wp-json\/wp\/v2\/product"}],"about":[{"href":"https:\/\/dev.eunitecidos.pt\/en\/wp-json\/wp\/v2\/types\/product"}],"replies":[{"embeddable":true,"href":"https:\/\/dev.eunitecidos.pt\/en\/wp-json\/wp\/v2\/comments?post=31661"}],"wp:featuredmedia":[{"embeddable":true,"href":"https:\/\/dev.eunitecidos.pt\/en\/wp-json\/wp\/v2\/media\/31512"}],"wp:attachment":[{"href":"https:\/\/dev.eunitecidos.pt\/en\/wp-json\/wp\/v2\/media?parent=31661"}],"wp:term":[{"taxonomy":"product_brand","embeddable":true,"href":"https:\/\/dev.eunitecidos.pt\/en\/wp-json\/wp\/v2\/product_brand?post=31661"},{"taxonomy":"product_cat","embeddable":true,"href":"https:\/\/dev.eunitecidos.pt\/en\/wp-json\/wp\/v2\/product_cat?post=31661"},{"taxonomy":"product_tag","embeddable":true,"href":"https:\/\/dev.eunitecidos.pt\/en\/wp-json\/wp\/v2\/product_tag?post=31661"}],"curies":[{"name":"wp","href":"https:\/\/api.w.org\/{rel}","templated":true}]}}