
{"id":31807,"date":"2024-02-09T14:59:14","date_gmt":"2024-02-09T14:59:14","guid":{"rendered":"https:\/\/dev.eunitecidos.pt\/?post_type=product&#038;p=31807"},"modified":"2025-11-27T11:58:00","modified_gmt":"2025-11-27T11:58:00","slug":"chita-estampado-tradicional-sardinha-4","status":"publish","type":"product","link":"https:\/\/dev.eunitecidos.pt\/en\/loja\/texteis\/chita-estampado-tradicional-sardinha-4\/","title":{"rendered":"Chita | Traditional Print | Sardine"},"content":{"rendered":"<p>Chita | Traditional Print | Sardine<\/p>\n<p>Chintz is made exclusively in the Portuguese textile industry<\/p>\n<p>Composition 50% Cotton 50% Polyester<\/p>\n<p>1.50 Width<\/p>\n<p>Discover the authenticity of Portuguese chintz, made from 50% cotton and 50% polyester. Ideal for traditional textile projects.<\/p>","protected":false},"excerpt":{"rendered":"<p>Chita | Estampado Tradicional | Sardinha A chita \u00e9 feita exclusivamente na industria t\u00eaxtil Portuguesa Composi\u00e7\u00e3o 50% Algod\u00e3o 50% poli\u00e9ster 1,50 Largura Descubra a autenticidade da chita portuguesa, feita com composi\u00e7\u00e3o de 50% algod\u00e3o e 50% poli\u00e9ster. Ideal para projetos t\u00eaxteis tradicionais.<\/p>","protected":false},"featured_media":31795,"comment_status":"closed","ping_status":"closed","template":"","meta":{"_seopress_robots_primary_cat":"69","_seopress_titles_title":"Chita Portuguesa | Estampado Tradicional | Sardinha","_seopress_titles_desc":"Descubra a autenticidade da chita portuguesa, feita com composi\u00e7\u00e3o de 50% algod\u00e3o e 50% poli\u00e9ster. Ideal para projetos t\u00eaxteis tradicionais.","_seopress_robots_index":""},"product_brand":[],"product_cat":[142,227,69],"product_tag":[290,884,321,582,1944,380,340,2405,1891,2867,2453,2185,491,2837,839,1890,3208,1779,102,453],"class_list":{"0":"post-31807","1":"product","2":"type-product","3":"status-publish","4":"has-post-thumbnail","6":"product_cat-cambraias","7":"product_cat-chitas","8":"product_cat-texteis","9":"product_tag-algodao","10":"product_tag-azulao","11":"product_tag-branco","12":"product_tag-cambraia","13":"product_tag-chita","14":"product_tag-coracoes","15":"product_tag-estampado","16":"product_tag-fundo-bordo","17":"product_tag-galo-barcelos","18":"product_tag-marchas-populares","19":"product_tag-monumentos","20":"product_tag-poliester","21":"product_tag-preto","22":"product_tag-santos-populares","23":"product_tag-sardinhas","24":"product_tag-tipico-portugues","25":"product_tag-tipicos-portugueses","26":"product_tag-tradicional","27":"product_tag-verde","28":"product_tag-vermelho","30":"first","31":"instock","32":"taxable","33":"shipping-taxable","34":"purchasable","35":"product-type-simple"},"_links":{"self":[{"href":"https:\/\/dev.eunitecidos.pt\/en\/wp-json\/wp\/v2\/product\/31807","targetHints":{"allow":["GET"]}}],"collection":[{"href":"https:\/\/dev.eunitecidos.pt\/en\/wp-json\/wp\/v2\/product"}],"about":[{"href":"https:\/\/dev.eunitecidos.pt\/en\/wp-json\/wp\/v2\/types\/product"}],"replies":[{"embeddable":true,"href":"https:\/\/dev.eunitecidos.pt\/en\/wp-json\/wp\/v2\/comments?post=31807"}],"wp:featuredmedia":[{"embeddable":true,"href":"https:\/\/dev.eunitecidos.pt\/en\/wp-json\/wp\/v2\/media\/31795"}],"wp:attachment":[{"href":"https:\/\/dev.eunitecidos.pt\/en\/wp-json\/wp\/v2\/media?parent=31807"}],"wp:term":[{"taxonomy":"product_brand","embeddable":true,"href":"https:\/\/dev.eunitecidos.pt\/en\/wp-json\/wp\/v2\/product_brand?post=31807"},{"taxonomy":"product_cat","embeddable":true,"href":"https:\/\/dev.eunitecidos.pt\/en\/wp-json\/wp\/v2\/product_cat?post=31807"},{"taxonomy":"product_tag","embeddable":true,"href":"https:\/\/dev.eunitecidos.pt\/en\/wp-json\/wp\/v2\/product_tag?post=31807"}],"curies":[{"name":"wp","href":"https:\/\/api.w.org\/{rel}","templated":true}]}}