
{"id":32317,"date":"2024-03-01T12:40:35","date_gmt":"2024-03-01T12:40:35","guid":{"rendered":"https:\/\/dev.eunitecidos.pt\/?post_type=product&#038;p=32317"},"modified":"2026-02-04T11:17:17","modified_gmt":"2026-02-04T11:17:17","slug":"tecido-confecao-vestuario-100-algodao-estampado-floral-2","status":"publish","type":"product","link":"https:\/\/dev.eunitecidos.pt\/en\/loja\/texteis\/tecido-confecao-vestuario-100-algodao-estampado-floral-2\/","title":{"rendered":"Fabric Garment | Clothing | 100% Cotton | Printed | Floral"},"content":{"rendered":"<p>Fabric Garment | Clothing | 100% Cotton | Printed | Floral<\/p>\n<p>Light, flowing fabric, ideal for clothing, in cotton with a digital print<\/p>\n<p>Composition 100% Cotton 70 gr\/m2<\/p>\n<p>OEKO-TEX certified<\/p>\n<p>1.45 Width<\/p>","protected":false},"excerpt":{"rendered":"<p>Tecido Confe\u00e7\u00e3o | Vestu\u00e1rio | 100% Algod\u00e3o | Estampado | Floral Tecido leve e fluido, ideal para vestu\u00e1rio, em algod\u00e3o com estampado digital Composi\u00e7\u00e3o 100% Algod\u00e3o\u00a0 70 gr\/m2 Certificado OEKO-TEX 1,45 Largura<\/p>","protected":false},"featured_media":32304,"comment_status":"closed","ping_status":"closed","template":"","meta":{"_seopress_robots_primary_cat":"69","_seopress_titles_title":"","_seopress_titles_desc":"Descubra o tecido leve e fluido ideal para vestu\u00e1rio, em algod\u00e3o com estampado digital. Qualidade certificada com 100% Algod\u00e3o e largura de 1,45m.","_seopress_robots_index":""},"product_brand":[],"product_cat":[194,1737,360,135,1695,69],"product_tag":[315,340,1798,86,3151,424,3041,320,2018,1693,1889,102,453],"class_list":{"0":"post-32317","1":"product","2":"type-product","3":"status-publish","4":"has-post-thumbnail","6":"product_cat-algodao-organico","7":"product_cat-estampados-tecidos-de-vestuario","8":"product_cat-estampados-tecido-100-algodao","9":"product_cat-tecido-100-algodao","10":"product_cat-tecidos-de-vestuario","11":"product_cat-texteis","12":"product_tag-100-algodao","13":"product_tag-estampado","14":"product_tag-floral","15":"product_tag-flores","16":"product_tag-fundo-rosa-claro","17":"product_tag-laranja","18":"product_tag-primavera-verao","19":"product_tag-rosa","20":"product_tag-rosa-fucsia","21":"product_tag-tecido-confecao","22":"product_tag-tecidos-vestuario","23":"product_tag-verde","24":"product_tag-vermelho","26":"first","27":"outofstock","28":"taxable","29":"shipping-taxable","30":"purchasable","31":"product-type-simple"},"_links":{"self":[{"href":"https:\/\/dev.eunitecidos.pt\/en\/wp-json\/wp\/v2\/product\/32317","targetHints":{"allow":["GET"]}}],"collection":[{"href":"https:\/\/dev.eunitecidos.pt\/en\/wp-json\/wp\/v2\/product"}],"about":[{"href":"https:\/\/dev.eunitecidos.pt\/en\/wp-json\/wp\/v2\/types\/product"}],"replies":[{"embeddable":true,"href":"https:\/\/dev.eunitecidos.pt\/en\/wp-json\/wp\/v2\/comments?post=32317"}],"wp:featuredmedia":[{"embeddable":true,"href":"https:\/\/dev.eunitecidos.pt\/en\/wp-json\/wp\/v2\/media\/32304"}],"wp:attachment":[{"href":"https:\/\/dev.eunitecidos.pt\/en\/wp-json\/wp\/v2\/media?parent=32317"}],"wp:term":[{"taxonomy":"product_brand","embeddable":true,"href":"https:\/\/dev.eunitecidos.pt\/en\/wp-json\/wp\/v2\/product_brand?post=32317"},{"taxonomy":"product_cat","embeddable":true,"href":"https:\/\/dev.eunitecidos.pt\/en\/wp-json\/wp\/v2\/product_cat?post=32317"},{"taxonomy":"product_tag","embeddable":true,"href":"https:\/\/dev.eunitecidos.pt\/en\/wp-json\/wp\/v2\/product_tag?post=32317"}],"curies":[{"name":"wp","href":"https:\/\/api.w.org\/{rel}","templated":true}]}}