
{"id":32892,"date":"2024-03-13T16:38:40","date_gmt":"2024-03-13T16:38:40","guid":{"rendered":"https:\/\/dev.eunitecidos.pt\/?post_type=product&#038;p=32892"},"modified":"2024-03-22T12:11:53","modified_gmt":"2024-03-22T12:11:53","slug":"tecido-algodao-100-algodao-estampado-floral-9","status":"publish","type":"product","link":"https:\/\/dev.eunitecidos.pt\/en\/loja\/texteis\/tecido-algodao-100-algodao-estampado-floral-9\/","title":{"rendered":"Fabric Cotton | 100% Cotton | Printed | Floral"},"content":{"rendered":"<p>Fabric Cotton | 100% Cotton | Printed | Floral<\/p>\n<p>Fabric 100% Organic Cotton<\/p>\n<p>1.50 Width<\/p>","protected":false},"excerpt":{"rendered":"<p>Fabric Cotton | 100% Cotton | Printed | Floral Fabric 100% Organic Cotton 1.50 Wide<\/p>","protected":false},"featured_media":32774,"comment_status":"closed","ping_status":"closed","template":"","meta":{"_seopress_robots_primary_cat":"69","_seopress_titles_title":"Tecido Algod\u00e3o Estampado 100% Algod\u00e3o Floral","_seopress_titles_desc":"Descubra o nosso tecido de 100% algod\u00e3o org\u00e2nico estampado com padr\u00e3o floral. Ideal para projetos criativos e sustent\u00e1veis. Encomende j\u00e1!","_seopress_robots_index":""},"product_brand":[],"product_cat":[194,360,135,69],"product_tag":[315,443,340,1798,86,1995,3041,2763,1712,2802,1987],"class_list":{"0":"post-32892","1":"product","2":"type-product","3":"status-publish","4":"has-post-thumbnail","6":"product_cat-algodao-organico","7":"product_cat-estampados-tecido-100-algodao","8":"product_cat-tecido-100-algodao","9":"product_cat-texteis","10":"product_tag-100-algodao","11":"product_tag-algodao-organico","12":"product_tag-estampado","13":"product_tag-floral","14":"product_tag-flores","15":"product_tag-fundo-branco","16":"product_tag-primavera-verao","17":"product_tag-rosa-barbie","18":"product_tag-tecido-algodao","19":"product_tag-verde-pistache","20":"product_tag-verde-relva","22":"first","23":"instock","24":"taxable","25":"shipping-taxable","26":"purchasable","27":"product-type-simple"},"_links":{"self":[{"href":"https:\/\/dev.eunitecidos.pt\/en\/wp-json\/wp\/v2\/product\/32892","targetHints":{"allow":["GET"]}}],"collection":[{"href":"https:\/\/dev.eunitecidos.pt\/en\/wp-json\/wp\/v2\/product"}],"about":[{"href":"https:\/\/dev.eunitecidos.pt\/en\/wp-json\/wp\/v2\/types\/product"}],"replies":[{"embeddable":true,"href":"https:\/\/dev.eunitecidos.pt\/en\/wp-json\/wp\/v2\/comments?post=32892"}],"wp:featuredmedia":[{"embeddable":true,"href":"https:\/\/dev.eunitecidos.pt\/en\/wp-json\/wp\/v2\/media\/32774"}],"wp:attachment":[{"href":"https:\/\/dev.eunitecidos.pt\/en\/wp-json\/wp\/v2\/media?parent=32892"}],"wp:term":[{"taxonomy":"product_brand","embeddable":true,"href":"https:\/\/dev.eunitecidos.pt\/en\/wp-json\/wp\/v2\/product_brand?post=32892"},{"taxonomy":"product_cat","embeddable":true,"href":"https:\/\/dev.eunitecidos.pt\/en\/wp-json\/wp\/v2\/product_cat?post=32892"},{"taxonomy":"product_tag","embeddable":true,"href":"https:\/\/dev.eunitecidos.pt\/en\/wp-json\/wp\/v2\/product_tag?post=32892"}],"curies":[{"name":"wp","href":"https:\/\/api.w.org\/{rel}","templated":true}]}}