
{"id":32947,"date":"2024-03-13T18:29:49","date_gmt":"2024-03-13T18:29:49","guid":{"rendered":"https:\/\/dev.eunitecidos.pt\/?post_type=product&#038;p=32947"},"modified":"2025-12-16T21:51:13","modified_gmt":"2025-12-16T21:51:13","slug":"lame-lurex-liso-prata-ref-1","status":"publish","type":"product","link":"https:\/\/dev.eunitecidos.pt\/en\/loja\/texteis\/lame-lurex-liso-prata-ref-1\/","title":{"rendered":"Lam\u00e9 Lurex | Plain | Silver (Ref 1)"},"content":{"rendered":"<p>Lam\u00e9 Lurex | Plain | Silver (Ref 1)<\/p>\n<p>Light, flowing fabric, ideal for marching costumes and carnival costumes.<\/p>\n<p>Composition 80% Polyester 20% Lurex 50Gr\/m2<\/p>\n<p>1.50 metre width<\/p>","protected":false},"excerpt":{"rendered":"<p>Lam\u00e9 Lurex | Liso | Prata (Ref 1) Tecido leve e fluido, ideal para fatos de marchas e fantasias de carnaval. Composi\u00e7\u00e3o 80% Poli\u00e9ster 20% Lurex 50Gr\/m2 1,50 mt Largura<\/p>","protected":false},"featured_media":32935,"comment_status":"closed","ping_status":"closed","template":"","meta":{"_seopress_robots_primary_cat":"69","_seopress_titles_title":"Tecido Lam\u00e9 Lurex Prata | Ideal para fatos de marchas e fantasias de carnaval","_seopress_titles_desc":"Descubra o tecido leve e fluido perfeito para fatos de marchas e fantasias de carnaval. Composi\u00e7\u00e3o de 80% Poli\u00e9ster e 20% Lurex. Saiba mais aqui!","_seopress_robots_index":""},"product_brand":[],"product_cat":[2016,199,69],"product_tag":[1992,2696,677,1793,2867,2185,897],"class_list":{"0":"post-32947","1":"product","2":"type-product","3":"status-publish","4":"has-post-thumbnail","6":"product_cat-carnaval","7":"product_cat-tematicos","8":"product_cat-texteis","9":"product_tag-carnaval","10":"product_tag-lame","11":"product_tag-liso","12":"product_tag-lurex","13":"product_tag-marchas-populares","14":"product_tag-poliester","15":"product_tag-prateado","17":"first","18":"instock","19":"taxable","20":"shipping-taxable","21":"purchasable","22":"product-type-simple"},"_links":{"self":[{"href":"https:\/\/dev.eunitecidos.pt\/en\/wp-json\/wp\/v2\/product\/32947","targetHints":{"allow":["GET"]}}],"collection":[{"href":"https:\/\/dev.eunitecidos.pt\/en\/wp-json\/wp\/v2\/product"}],"about":[{"href":"https:\/\/dev.eunitecidos.pt\/en\/wp-json\/wp\/v2\/types\/product"}],"replies":[{"embeddable":true,"href":"https:\/\/dev.eunitecidos.pt\/en\/wp-json\/wp\/v2\/comments?post=32947"}],"wp:featuredmedia":[{"embeddable":true,"href":"https:\/\/dev.eunitecidos.pt\/en\/wp-json\/wp\/v2\/media\/32935"}],"wp:attachment":[{"href":"https:\/\/dev.eunitecidos.pt\/en\/wp-json\/wp\/v2\/media?parent=32947"}],"wp:term":[{"taxonomy":"product_brand","embeddable":true,"href":"https:\/\/dev.eunitecidos.pt\/en\/wp-json\/wp\/v2\/product_brand?post=32947"},{"taxonomy":"product_cat","embeddable":true,"href":"https:\/\/dev.eunitecidos.pt\/en\/wp-json\/wp\/v2\/product_cat?post=32947"},{"taxonomy":"product_tag","embeddable":true,"href":"https:\/\/dev.eunitecidos.pt\/en\/wp-json\/wp\/v2\/product_tag?post=32947"}],"curies":[{"name":"wp","href":"https:\/\/api.w.org\/{rel}","templated":true}]}}