
{"id":32962,"date":"2024-03-14T18:29:18","date_gmt":"2024-03-14T18:29:18","guid":{"rendered":"https:\/\/dev.eunitecidos.pt\/?post_type=product&#038;p=32962"},"modified":"2024-05-14T16:28:38","modified_gmt":"2024-05-14T16:28:38","slug":"tecido-algodao-100-algodao-estampado-floral-4","status":"publish","type":"product","link":"https:\/\/dev.eunitecidos.pt\/en\/loja\/texteis\/tecido-algodao-100-algodao-estampado-floral-4\/","title":{"rendered":"Fabric Cotton | 100% Cotton | Printed | Floral"},"content":{"rendered":"<p>Fabric Cotton | 100% Cotton | Printed | Floral<\/p>\n<p>Fabric 100% Organic Cotton<\/p>\n<p>1.50 Width<\/p>","protected":false},"excerpt":{"rendered":"<p>Fabric Cotton | 100% Cotton | Printed | Floral Fabric 100% Organic Cotton 1.50 Wide<\/p>","protected":false},"featured_media":32788,"comment_status":"closed","ping_status":"closed","template":"","meta":{"_seopress_robots_primary_cat":"69","_seopress_titles_title":"Tecido 100% Algod\u00e3o Org\u00e2nico Estampado Floral | Compre Online","_seopress_titles_desc":"Descubra a qualidade do tecido 100% algod\u00e3o org\u00e2nico estampado com motivos florais. Ideal para os seus projetos de costura. Confira!","_seopress_robots_index":""},"product_brand":[],"product_cat":[194,360,135,69],"product_tag":[315,443,321,340,1798,86,2037,424,989,3041,1712],"class_list":{"0":"post-32962","1":"product","2":"type-product","3":"status-publish","4":"has-post-thumbnail","6":"product_cat-algodao-organico","7":"product_cat-estampados-tecido-100-algodao","8":"product_cat-tecido-100-algodao","9":"product_cat-texteis","10":"product_tag-100-algodao","11":"product_tag-algodao-organico","12":"product_tag-branco","13":"product_tag-estampado","14":"product_tag-floral","15":"product_tag-flores","16":"product_tag-fundo-azul-escuro","17":"product_tag-laranja","18":"product_tag-petroleo","19":"product_tag-primavera-verao","20":"product_tag-tecido-algodao","22":"first","23":"instock","24":"taxable","25":"shipping-taxable","26":"purchasable","27":"product-type-simple"},"_links":{"self":[{"href":"https:\/\/dev.eunitecidos.pt\/en\/wp-json\/wp\/v2\/product\/32962","targetHints":{"allow":["GET"]}}],"collection":[{"href":"https:\/\/dev.eunitecidos.pt\/en\/wp-json\/wp\/v2\/product"}],"about":[{"href":"https:\/\/dev.eunitecidos.pt\/en\/wp-json\/wp\/v2\/types\/product"}],"replies":[{"embeddable":true,"href":"https:\/\/dev.eunitecidos.pt\/en\/wp-json\/wp\/v2\/comments?post=32962"}],"wp:featuredmedia":[{"embeddable":true,"href":"https:\/\/dev.eunitecidos.pt\/en\/wp-json\/wp\/v2\/media\/32788"}],"wp:attachment":[{"href":"https:\/\/dev.eunitecidos.pt\/en\/wp-json\/wp\/v2\/media?parent=32962"}],"wp:term":[{"taxonomy":"product_brand","embeddable":true,"href":"https:\/\/dev.eunitecidos.pt\/en\/wp-json\/wp\/v2\/product_brand?post=32962"},{"taxonomy":"product_cat","embeddable":true,"href":"https:\/\/dev.eunitecidos.pt\/en\/wp-json\/wp\/v2\/product_cat?post=32962"},{"taxonomy":"product_tag","embeddable":true,"href":"https:\/\/dev.eunitecidos.pt\/en\/wp-json\/wp\/v2\/product_tag?post=32962"}],"curies":[{"name":"wp","href":"https:\/\/api.w.org\/{rel}","templated":true}]}}