
{"id":33038,"date":"2024-03-19T14:40:41","date_gmt":"2024-03-19T14:40:41","guid":{"rendered":"https:\/\/dev.eunitecidos.pt\/?post_type=product&#038;p=33038"},"modified":"2025-11-15T13:10:06","modified_gmt":"2025-11-15T13:10:06","slug":"tecido-algodao-100-algodao-estampado-floral-fundo-vermelho","status":"publish","type":"product","link":"https:\/\/dev.eunitecidos.pt\/en\/loja\/texteis\/tecido-algodao-100-algodao-estampado-floral-fundo-vermelho\/","title":{"rendered":"Fabric Cotton | 100% Cotton | Printed | Floral | Red Background"},"content":{"rendered":"<p>Fabric Cotton | 100% Cotton | Printed | Floral | Red Background<\/p>\n<p>Fabric 100% Organic Cotton<\/p>\n<p>1.50 Width<\/p>","protected":false},"excerpt":{"rendered":"<p>Tecido Algod\u00e3o | 100% Algod\u00e3o | Estampado | Floral | Fundo Vermelho Tecido 100% Algod\u00e3o Org\u00e2nico 1,50 Largura<\/p>","protected":false},"featured_media":32831,"comment_status":"closed","ping_status":"closed","template":"","meta":{"_seopress_robots_primary_cat":"69","_seopress_titles_title":"Tecido Algod\u00e3o 100% | Estampado Floral Fundo Vermelho","_seopress_titles_desc":"Compre tecido 100% algod\u00e3o org\u00e2nico estampado floral em fundo vermelho. V\u00e1rios padr\u00f5es dispon\u00edveis, 1,50m de largura. Qualidade garantida!","_seopress_robots_index":""},"product_brand":[],"product_cat":[194,360,197,135,69],"product_tag":[315,443,307,321,340,1798,86,2005,3041,320,2162,1712,102,453],"class_list":{"0":"post-33038","1":"product","2":"type-product","3":"status-publish","4":"has-post-thumbnail","6":"product_cat-algodao-organico","7":"product_cat-estampados-tecido-100-algodao","8":"product_cat-florais-tropicais","9":"product_cat-tecido-100-algodao","10":"product_cat-texteis","11":"product_tag-100-algodao","12":"product_tag-algodao-organico","13":"product_tag-amarelo","14":"product_tag-branco","15":"product_tag-estampado","16":"product_tag-floral","17":"product_tag-flores","18":"product_tag-fundo-vermelho","19":"product_tag-primavera-verao","20":"product_tag-rosa","21":"product_tag-rosas","22":"product_tag-tecido-algodao","23":"product_tag-verde","24":"product_tag-vermelho","26":"first","27":"instock","28":"taxable","29":"shipping-taxable","30":"purchasable","31":"product-type-simple"},"_links":{"self":[{"href":"https:\/\/dev.eunitecidos.pt\/en\/wp-json\/wp\/v2\/product\/33038","targetHints":{"allow":["GET"]}}],"collection":[{"href":"https:\/\/dev.eunitecidos.pt\/en\/wp-json\/wp\/v2\/product"}],"about":[{"href":"https:\/\/dev.eunitecidos.pt\/en\/wp-json\/wp\/v2\/types\/product"}],"replies":[{"embeddable":true,"href":"https:\/\/dev.eunitecidos.pt\/en\/wp-json\/wp\/v2\/comments?post=33038"}],"wp:featuredmedia":[{"embeddable":true,"href":"https:\/\/dev.eunitecidos.pt\/en\/wp-json\/wp\/v2\/media\/32831"}],"wp:attachment":[{"href":"https:\/\/dev.eunitecidos.pt\/en\/wp-json\/wp\/v2\/media?parent=33038"}],"wp:term":[{"taxonomy":"product_brand","embeddable":true,"href":"https:\/\/dev.eunitecidos.pt\/en\/wp-json\/wp\/v2\/product_brand?post=33038"},{"taxonomy":"product_cat","embeddable":true,"href":"https:\/\/dev.eunitecidos.pt\/en\/wp-json\/wp\/v2\/product_cat?post=33038"},{"taxonomy":"product_tag","embeddable":true,"href":"https:\/\/dev.eunitecidos.pt\/en\/wp-json\/wp\/v2\/product_tag?post=33038"}],"curies":[{"name":"wp","href":"https:\/\/api.w.org\/{rel}","templated":true}]}}