
{"id":33123,"date":"2024-03-22T12:47:07","date_gmt":"2024-03-22T12:47:07","guid":{"rendered":"https:\/\/dev.eunitecidos.pt\/?post_type=product&#038;p=33123"},"modified":"2025-12-07T19:30:15","modified_gmt":"2025-12-07T19:30:15","slug":"tecido-algodao-100-algodao-estampado-cornucopia-fundo-cru","status":"publish","type":"product","link":"https:\/\/dev.eunitecidos.pt\/en\/loja\/texteis\/tecido-algodao-100-algodao-estampado-cornucopia-fundo-cru\/","title":{"rendered":"Cotton Fabric | 100% Cotton | Printed | Cornucopia (Raw Background)"},"content":{"rendered":"<p>Cotton Fabric | 100% Cotton | Printed | Cornucopia (Raw Background)<\/p>\n<p>Fabric 100% Organic Cotton<\/p>\n<p>1.50 Width<\/p>","protected":false},"excerpt":{"rendered":"<p>Tecido Algod\u00e3o | 100% Algod\u00e3o | Estampado | Cornuc\u00f3pia (Fundo Cru) Tecido 100% Algod\u00e3o Org\u00e2nico 1,50 Largura<\/p>","protected":false},"featured_media":32851,"comment_status":"closed","ping_status":"closed","template":"","meta":{"_seopress_robots_primary_cat":"69","_seopress_titles_title":"Tecido Algod\u00e3o Org\u00e2nico Estampado | 1,50m largura","_seopress_titles_desc":"Descubra o tecido de algod\u00e3o perfeito para as suas cria\u00e7\u00f5es, com estampado e produzido com 100% de algod\u00e3o org\u00e2nico. Conhe\u00e7a agora!","_seopress_robots_index":""},"product_brand":[],"product_cat":[194,360,197,135,69],"product_tag":[315,443,602,562,340,2118,491,3041,1712],"class_list":{"0":"post-33123","1":"product","2":"type-product","3":"status-publish","4":"has-post-thumbnail","6":"product_cat-algodao-organico","7":"product_cat-estampados-tecido-100-algodao","8":"product_cat-florais-tropicais","9":"product_cat-tecido-100-algodao","10":"product_cat-texteis","11":"product_tag-100-algodao","12":"product_tag-algodao-organico","13":"product_tag-camel","14":"product_tag-cornucopias","15":"product_tag-estampado","16":"product_tag-fundo-cru","17":"product_tag-preto","18":"product_tag-primavera-verao","19":"product_tag-tecido-algodao","21":"first","22":"instock","23":"taxable","24":"shipping-taxable","25":"purchasable","26":"product-type-simple"},"_links":{"self":[{"href":"https:\/\/dev.eunitecidos.pt\/en\/wp-json\/wp\/v2\/product\/33123","targetHints":{"allow":["GET"]}}],"collection":[{"href":"https:\/\/dev.eunitecidos.pt\/en\/wp-json\/wp\/v2\/product"}],"about":[{"href":"https:\/\/dev.eunitecidos.pt\/en\/wp-json\/wp\/v2\/types\/product"}],"replies":[{"embeddable":true,"href":"https:\/\/dev.eunitecidos.pt\/en\/wp-json\/wp\/v2\/comments?post=33123"}],"wp:featuredmedia":[{"embeddable":true,"href":"https:\/\/dev.eunitecidos.pt\/en\/wp-json\/wp\/v2\/media\/32851"}],"wp:attachment":[{"href":"https:\/\/dev.eunitecidos.pt\/en\/wp-json\/wp\/v2\/media?parent=33123"}],"wp:term":[{"taxonomy":"product_brand","embeddable":true,"href":"https:\/\/dev.eunitecidos.pt\/en\/wp-json\/wp\/v2\/product_brand?post=33123"},{"taxonomy":"product_cat","embeddable":true,"href":"https:\/\/dev.eunitecidos.pt\/en\/wp-json\/wp\/v2\/product_cat?post=33123"},{"taxonomy":"product_tag","embeddable":true,"href":"https:\/\/dev.eunitecidos.pt\/en\/wp-json\/wp\/v2\/product_tag?post=33123"}],"curies":[{"name":"wp","href":"https:\/\/api.w.org\/{rel}","templated":true}]}}