
{"id":3345,"date":"2021-07-05T17:46:54","date_gmt":"2021-07-05T17:46:54","guid":{"rendered":"https:\/\/dev.eunitecidos.pt\/?post_type=product&#038;p=3345"},"modified":"2026-01-26T12:00:25","modified_gmt":"2026-01-26T12:00:25","slug":"vivos-com-petalas-com-folhos-com-pompons-turquesa","status":"publish","type":"product","link":"https:\/\/dev.eunitecidos.pt\/en\/loja\/cores\/vivos-com-petalas-com-folhos-com-pompons-turquesa\/","title":{"rendered":"Vivid | With Petals | With Frills | With Pompoms | Turquoise 116"},"content":{"rendered":"<p>Alive | With petals | With ruffles | With pompoms<\/p>\n<p>Live Ribbons with Petals - About 30mm high<\/p>\n<p>Live Ribbons with Frills - About 25mm high<\/p>\n<p>Live Ribbons with Pompoms - About 20mm High<\/p>\n<p>&nbsp;<\/p>","protected":false},"excerpt":{"rendered":"<p>Alive | With petals | With ruffles | With pompoms<\/p>\n<p>Live Ribbons with Petals - About 30mm high<\/p>\n<p>Live Ribbons with Frills - About 25mm high<\/p>\n<p>Live Ribbons with Pompoms - About 20mm High<\/p>","protected":false},"featured_media":4871,"comment_status":"open","ping_status":"closed","template":"","meta":{"_seopress_robots_primary_cat":"122","_seopress_titles_title":"Fitas de Vivo com P\u00e9talas, Folhos e Pompons - Alta Qualidade","_seopress_titles_desc":"Descubra fitas de Vivo com P\u00e9talas, Folhos e Pompons para dar um toque especial aos seus projetos de costura e artesanato. Encomende j\u00e1!","_seopress_robots_index":""},"product_brand":[],"product_cat":[124,122,183,72],"product_tag":[1062,1057,475,1055,1056,1063,612,1060,1059,1061,1058],"class_list":{"0":"post-3345","1":"product","2":"type-product","3":"status-publish","4":"has-post-thumbnail","6":"product_cat-azul","7":"product_cat-cores","8":"product_cat-folhos-petalas","9":"product_cat-retrosaria","10":"product_tag-acabamentos","11":"product_tag-fita-de-vivo","12":"product_tag-folhos","13":"product_tag-petalas","14":"product_tag-pompons","15":"product_tag-pormenores","16":"product_tag-retrosaria","17":"product_tag-vivo-com-folho","18":"product_tag-vivo-com-petalas","19":"product_tag-vivo-com-pompons","20":"product_tag-vivos","21":"pa_padrao-1-vivo-com-petalas","22":"pa_padrao-2-petalas-com-pompons","24":"first","25":"instock","26":"taxable","27":"shipping-taxable","28":"purchasable","29":"product-type-variable"},"_links":{"self":[{"href":"https:\/\/dev.eunitecidos.pt\/en\/wp-json\/wp\/v2\/product\/3345","targetHints":{"allow":["GET"]}}],"collection":[{"href":"https:\/\/dev.eunitecidos.pt\/en\/wp-json\/wp\/v2\/product"}],"about":[{"href":"https:\/\/dev.eunitecidos.pt\/en\/wp-json\/wp\/v2\/types\/product"}],"replies":[{"embeddable":true,"href":"https:\/\/dev.eunitecidos.pt\/en\/wp-json\/wp\/v2\/comments?post=3345"}],"wp:featuredmedia":[{"embeddable":true,"href":"https:\/\/dev.eunitecidos.pt\/en\/wp-json\/wp\/v2\/media\/4871"}],"wp:attachment":[{"href":"https:\/\/dev.eunitecidos.pt\/en\/wp-json\/wp\/v2\/media?parent=3345"}],"wp:term":[{"taxonomy":"product_brand","embeddable":true,"href":"https:\/\/dev.eunitecidos.pt\/en\/wp-json\/wp\/v2\/product_brand?post=3345"},{"taxonomy":"product_cat","embeddable":true,"href":"https:\/\/dev.eunitecidos.pt\/en\/wp-json\/wp\/v2\/product_cat?post=3345"},{"taxonomy":"product_tag","embeddable":true,"href":"https:\/\/dev.eunitecidos.pt\/en\/wp-json\/wp\/v2\/product_tag?post=3345"}],"curies":[{"name":"wp","href":"https:\/\/api.w.org\/{rel}","templated":true}]}}