
{"id":34432,"date":"2024-04-18T11:08:56","date_gmt":"2024-04-18T11:08:56","guid":{"rendered":"https:\/\/dev.eunitecidos.pt\/?post_type=product&#038;p=34432"},"modified":"2025-06-30T08:09:41","modified_gmt":"2025-06-30T08:09:41","slug":"tecido-confecao-vestuario-cetim-com-elastano-liso-amarelo-31","status":"publish","type":"product","link":"https:\/\/dev.eunitecidos.pt\/en\/loja\/texteis\/tecidos-de-vestuario\/lisos-tecidos-de-vestuario\/tecido-confecao-vestuario-cetim-com-elastano-liso-amarelo-31\/","title":{"rendered":"Garment Fabric | Apparel | Satin with Elastane | Plain | Yellow 31"},"content":{"rendered":"<p>Garment Fabric | Apparel | Satin with Elastane | Plain | Yellow 31<\/p>\n<p>Lightweight, very fluid fabric with slight elasticity in one direction.<\/p>\n<p>Satin, due to its lustre and silky feel, is widely used to make ceremonial garments such as<\/p>\n<p>weddings and prom parties.<\/p>\n<p>Due to its lightness and elasticity, it adapts to the most varied styles of dress.<\/p>\n<p>Composition 95% Polyester 5% Spandex<\/p>\n<p>1.50 Width<\/p>\n<p>Discover Satin with Elastane Yellow 31. Lightweight, flowing fabric for your evening dresses. Buy now for a stunning look!<\/p>","protected":false},"excerpt":{"rendered":"<p>Tecido Confe\u00e7\u00e3o | Vestu\u00e1rio | Cetim com Elastano | Liso | Amarelo 31 Tecido leve e bastante fluido, com ligeira elasticidade num dos sentidos do tecido. O Cetim, devido ao seu brilho e toque sedoso, \u00e9 muito utilizado em confe\u00e7\u00e3o de vestu\u00e1rio de cerim\u00f3nias, tais como casamentos e festas de finalistas. Devido \u00e0 sua leveza [&hellip;]<\/p>","protected":false},"featured_media":34320,"comment_status":"closed","ping_status":"closed","template":"","meta":{"_seopress_robots_primary_cat":"none","_seopress_titles_title":"Tecido Confe\u00e7\u00e3o Amarelo | Cetim Elastano Liso","_seopress_titles_desc":"Descubra o Cetim com Elastano Amarelo 31. Tecido leve e fluido para os seus vestidos de cerim\u00f3nia. Compre j\u00e1 para um visual deslumbrante!","_seopress_robots_index":""},"product_brand":[],"product_cat":[1696,69],"product_tag":[307,3194,3201,2204,2052,3193,2183,677,2185,3041,1693,378],"class_list":{"0":"post-34432","1":"product","2":"type-product","3":"status-publish","4":"has-post-thumbnail","6":"product_cat-lisos-tecidos-de-vestuario","7":"product_cat-texteis","8":"product_tag-amarelo","9":"product_tag-baile-finalistas","10":"product_tag-casamento","11":"product_tag-cerimonia","12":"product_tag-cetim","13":"product_tag-damas-de-honor","14":"product_tag-elastano","15":"product_tag-liso","16":"product_tag-poliester","17":"product_tag-primavera-verao","18":"product_tag-tecido-confecao","19":"product_tag-vestuario","21":"first","22":"instock","23":"taxable","24":"shipping-taxable","25":"purchasable","26":"product-type-simple"},"_links":{"self":[{"href":"https:\/\/dev.eunitecidos.pt\/en\/wp-json\/wp\/v2\/product\/34432","targetHints":{"allow":["GET"]}}],"collection":[{"href":"https:\/\/dev.eunitecidos.pt\/en\/wp-json\/wp\/v2\/product"}],"about":[{"href":"https:\/\/dev.eunitecidos.pt\/en\/wp-json\/wp\/v2\/types\/product"}],"replies":[{"embeddable":true,"href":"https:\/\/dev.eunitecidos.pt\/en\/wp-json\/wp\/v2\/comments?post=34432"}],"wp:featuredmedia":[{"embeddable":true,"href":"https:\/\/dev.eunitecidos.pt\/en\/wp-json\/wp\/v2\/media\/34320"}],"wp:attachment":[{"href":"https:\/\/dev.eunitecidos.pt\/en\/wp-json\/wp\/v2\/media?parent=34432"}],"wp:term":[{"taxonomy":"product_brand","embeddable":true,"href":"https:\/\/dev.eunitecidos.pt\/en\/wp-json\/wp\/v2\/product_brand?post=34432"},{"taxonomy":"product_cat","embeddable":true,"href":"https:\/\/dev.eunitecidos.pt\/en\/wp-json\/wp\/v2\/product_cat?post=34432"},{"taxonomy":"product_tag","embeddable":true,"href":"https:\/\/dev.eunitecidos.pt\/en\/wp-json\/wp\/v2\/product_tag?post=34432"}],"curies":[{"name":"wp","href":"https:\/\/api.w.org\/{rel}","templated":true}]}}