
{"id":34479,"date":"2024-04-19T15:50:16","date_gmt":"2024-04-19T15:50:16","guid":{"rendered":"https:\/\/dev.eunitecidos.pt\/?post_type=product&#038;p=34479"},"modified":"2025-03-31T10:13:25","modified_gmt":"2025-03-31T10:13:25","slug":"tecido-policanvas-estampado-floral-tropical-flamingo","status":"publish","type":"product","link":"https:\/\/dev.eunitecidos.pt\/en\/loja\/texteis\/tecido-policanvas-estampado-floral-tropical-flamingo\/","title":{"rendered":"Policanvas Fabric | Printed | Tropical Floral | Flamingo"},"content":{"rendered":"<p>Policanvas Fabric | Printed | Tropical Floral | Flamingo<\/p>\n<p>Polycanvas is twice as strong as normal cotton. It is treated with silicone which makes it<strong> water-resistant, but not waterproof.<\/strong><\/p>\n<p>It's a synthetic fabric made from polyester, with a simple weave that imitates the feel and look of canvas.<\/p>\n<p>Its durability makes it perfect for making bags, accessories and decoration.<\/p>\n<p>100% Polyester<\/p>\n<p>1.5 metres wide<\/p>\n<p>Discover polycanvas, a durable and resistant synthetic fabric perfect for bags, accessories and decoration. Made from polyester, this fabric is ideal for a variety of creative projects.<\/p>","protected":false},"excerpt":{"rendered":"<p>Tecido Policanvas | Estampado | Floral Tropical | Flamingo O policanvas \u00e9 duas vezes mais resistente que o algod\u00e3o normal. \u00c9 tratado com silicone o que o torna resistente \u00e0 \u00e1gua, mas n\u00e3o \u00e9 imperme\u00e1vel. \u00c9 um tecido sint\u00e9tico feito \u00e0 base de poli\u00e9ster, com uma trama simples que imita a sensa\u00e7\u00e3o e apar\u00eancia da [&hellip;]<\/p>","protected":false},"featured_media":34473,"comment_status":"closed","ping_status":"closed","template":"","meta":{"_seopress_robots_primary_cat":"69","_seopress_titles_title":"Tecido Policanvas Estampado Floral Tropical Flamingo","_seopress_titles_desc":"Descubra o policanvas, um tecido sint\u00e9tico dur\u00e1vel e resistente, perfeito para bolsas, acess\u00f3rios e decora\u00e7\u00e3o. Feito \u00e0 base de poli\u00e9ster, ideal para diversos projetos criativos.","_seopress_robots_index":""},"product_brand":[],"product_cat":[3129,159,69],"product_tag":[707,321,3132,454,3202,86,1244,2808,893,405,3130,320,459,469,3203,453],"class_list":{"0":"post-34479","1":"product","2":"type-product","3":"status-publish","4":"has-post-thumbnail","6":"product_cat-policanvas","7":"product_cat-tecidos-decoracao","8":"product_cat-texteis","9":"product_tag-100-poliester","10":"product_tag-branco","11":"product_tag-estampado-floral","12":"product_tag-flamingos","13":"product_tag-flor-de-cerejeira","14":"product_tag-flores","15":"product_tag-folhas","16":"product_tag-hibiscos","17":"product_tag-menta","18":"product_tag-mostarda","19":"product_tag-policanvas","20":"product_tag-rosa","21":"product_tag-tropicais","22":"product_tag-verde-agua","23":"product_tag-verdee","24":"product_tag-vermelho","26":"first","27":"instock","28":"taxable","29":"shipping-taxable","30":"purchasable","31":"product-type-simple"},"_links":{"self":[{"href":"https:\/\/dev.eunitecidos.pt\/en\/wp-json\/wp\/v2\/product\/34479","targetHints":{"allow":["GET"]}}],"collection":[{"href":"https:\/\/dev.eunitecidos.pt\/en\/wp-json\/wp\/v2\/product"}],"about":[{"href":"https:\/\/dev.eunitecidos.pt\/en\/wp-json\/wp\/v2\/types\/product"}],"replies":[{"embeddable":true,"href":"https:\/\/dev.eunitecidos.pt\/en\/wp-json\/wp\/v2\/comments?post=34479"}],"wp:featuredmedia":[{"embeddable":true,"href":"https:\/\/dev.eunitecidos.pt\/en\/wp-json\/wp\/v2\/media\/34473"}],"wp:attachment":[{"href":"https:\/\/dev.eunitecidos.pt\/en\/wp-json\/wp\/v2\/media?parent=34479"}],"wp:term":[{"taxonomy":"product_brand","embeddable":true,"href":"https:\/\/dev.eunitecidos.pt\/en\/wp-json\/wp\/v2\/product_brand?post=34479"},{"taxonomy":"product_cat","embeddable":true,"href":"https:\/\/dev.eunitecidos.pt\/en\/wp-json\/wp\/v2\/product_cat?post=34479"},{"taxonomy":"product_tag","embeddable":true,"href":"https:\/\/dev.eunitecidos.pt\/en\/wp-json\/wp\/v2\/product_tag?post=34479"}],"curies":[{"name":"wp","href":"https:\/\/api.w.org\/{rel}","templated":true}]}}