
{"id":34777,"date":"2024-05-03T15:25:35","date_gmt":"2024-05-03T15:25:35","guid":{"rendered":"https:\/\/dev.eunitecidos.pt\/?post_type=product&#038;p=34777"},"modified":"2026-01-05T18:53:00","modified_gmt":"2026-01-05T18:53:00","slug":"tecido-algodao-100-algodao-basico-risca-azul","status":"publish","type":"product","link":"https:\/\/dev.eunitecidos.pt\/en\/loja\/texteis\/tecido-100-algodao\/basicos\/tecido-algodao-100-algodao-basico-risca-azul\/","title":{"rendered":"Fabric Cotton | 100% Cotton | Basic | Stripe | Blue"},"content":{"rendered":"<p>Fabric Cotton | 100% Cotton | Basic | Stripe | Blue<\/p>\n<p>Woven in 100% Cotton, with a fine stripe.<\/p>\n<p>Light and cool fabric, great for making children's clothes.<\/p>\n<p>1.50 metre width<\/p>\n<p>Discover the 100% Cotton fabric with a fine stripe, ideal for making children's clothes. Light, fresh and high quality. Buy now!<\/p>","protected":false},"excerpt":{"rendered":"<p>Tecido Algod\u00e3o | 100% Algod\u00e3o | B\u00e1sico | Risca | Azul Tecido em 100% Algod\u00e3o, com risca fina. Tecido leve e fresco, \u00f3timo para confe\u00e7\u00e3o de vestu\u00e1rio de crian\u00e7a. 1,50 mt Largura Descubra o tecido em 100% Algod\u00e3o com risca fina, ideal para confe\u00e7\u00e3o de vestu\u00e1rio de crian\u00e7a. Leve, fresco e de alta qualidade. Compre [&hellip;]<\/p>","protected":false},"featured_media":34779,"comment_status":"closed","ping_status":"closed","template":"","meta":{"_seopress_robots_primary_cat":"none","_seopress_titles_title":"Tecido em 100% Algod\u00e3o com risca fina | Ideal para confe\u00e7\u00e3o de vestu\u00e1rio infantil","_seopress_titles_desc":"Descubra o tecido em 100% Algod\u00e3o com risca fina, ideal para confe\u00e7\u00e3o de vestu\u00e1rio de crian\u00e7a. Leve, fresco e de alta qualidade. Compre j\u00e1!","_seopress_robots_index":""},"product_brand":[],"product_cat":[189,69],"product_tag":[298,419,321,3041,3102,3206,1712],"class_list":{"0":"post-34777","1":"product","2":"type-product","3":"status-publish","4":"has-post-thumbnail","6":"product_cat-basicos","7":"product_cat-texteis","8":"product_tag-azul","9":"product_tag-basico","10":"product_tag-branco","11":"product_tag-primavera-verao","12":"product_tag-risca","13":"product_tag-tecido-100-algodao","14":"product_tag-tecido-algodao","16":"first","17":"instock","18":"taxable","19":"shipping-taxable","20":"purchasable","21":"product-type-simple"},"_links":{"self":[{"href":"https:\/\/dev.eunitecidos.pt\/en\/wp-json\/wp\/v2\/product\/34777","targetHints":{"allow":["GET"]}}],"collection":[{"href":"https:\/\/dev.eunitecidos.pt\/en\/wp-json\/wp\/v2\/product"}],"about":[{"href":"https:\/\/dev.eunitecidos.pt\/en\/wp-json\/wp\/v2\/types\/product"}],"replies":[{"embeddable":true,"href":"https:\/\/dev.eunitecidos.pt\/en\/wp-json\/wp\/v2\/comments?post=34777"}],"wp:featuredmedia":[{"embeddable":true,"href":"https:\/\/dev.eunitecidos.pt\/en\/wp-json\/wp\/v2\/media\/34779"}],"wp:attachment":[{"href":"https:\/\/dev.eunitecidos.pt\/en\/wp-json\/wp\/v2\/media?parent=34777"}],"wp:term":[{"taxonomy":"product_brand","embeddable":true,"href":"https:\/\/dev.eunitecidos.pt\/en\/wp-json\/wp\/v2\/product_brand?post=34777"},{"taxonomy":"product_cat","embeddable":true,"href":"https:\/\/dev.eunitecidos.pt\/en\/wp-json\/wp\/v2\/product_cat?post=34777"},{"taxonomy":"product_tag","embeddable":true,"href":"https:\/\/dev.eunitecidos.pt\/en\/wp-json\/wp\/v2\/product_tag?post=34777"}],"curies":[{"name":"wp","href":"https:\/\/api.w.org\/{rel}","templated":true}]}}