
{"id":34798,"date":"2024-05-03T16:04:56","date_gmt":"2024-05-03T16:04:56","guid":{"rendered":"https:\/\/dev.eunitecidos.pt\/?post_type=product&#038;p=34798"},"modified":"2026-01-05T18:52:59","modified_gmt":"2026-01-05T18:52:59","slug":"tecido-algodao-100-algodao-basico-liso-azul","status":"publish","type":"product","link":"https:\/\/dev.eunitecidos.pt\/en\/loja\/texteis\/tecido-100-algodao\/basicos\/tecido-algodao-100-algodao-basico-liso-azul\/","title":{"rendered":"Cotton Fabric | 100% Cotton | Basic | Plain | Blue"},"content":{"rendered":"<p>Cotton Fabric | 100% Cotton | Basic | Plain | Blue<\/p>\n<p>Fabric in 100% Cotton<\/p>\n<p>Light and cool fabric, great for making children's clothes.<\/p>\n<p>1.50 metre width<\/p>\n<p>100% Cotton fabric, light and fresh, perfect for creating children's clothes. Thickness of 1.50 metres. Enjoy now!<\/p>","protected":false},"excerpt":{"rendered":"<p>Tecido Algod\u00e3o | 100% Algod\u00e3o | B\u00e1sico | Liso | Azul Tecido em 100% Algod\u00e3o Tecido leve e fresco, \u00f3timo para confe\u00e7\u00e3o de vestu\u00e1rio de crian\u00e7a. 1,50 mt Largura Tecido de 100% Algod\u00e3o leve, fresco, perfeito para criar roupas infantis. Espessura de 1,50 mt. Aproveite j\u00e1!<\/p>","protected":false},"featured_media":34786,"comment_status":"closed","ping_status":"closed","template":"","meta":{"_seopress_robots_primary_cat":"none","_seopress_titles_title":"Tecido 100% Algod\u00e3o Liso Azul | Ideal para Roupa de Crian\u00e7a","_seopress_titles_desc":"Tecido de 100% Algod\u00e3o leve, fresco, perfeito para criar roupas infantis. Espessura de 1,50 mt. Aproveite j\u00e1!","_seopress_robots_index":""},"product_brand":[],"product_cat":[189,69],"product_tag":[298,419,677,3041,3206,1712],"class_list":{"0":"post-34798","1":"product","2":"type-product","3":"status-publish","4":"has-post-thumbnail","6":"product_cat-basicos","7":"product_cat-texteis","8":"product_tag-azul","9":"product_tag-basico","10":"product_tag-liso","11":"product_tag-primavera-verao","12":"product_tag-tecido-100-algodao","13":"product_tag-tecido-algodao","15":"first","16":"instock","17":"taxable","18":"shipping-taxable","19":"purchasable","20":"product-type-simple"},"_links":{"self":[{"href":"https:\/\/dev.eunitecidos.pt\/en\/wp-json\/wp\/v2\/product\/34798","targetHints":{"allow":["GET"]}}],"collection":[{"href":"https:\/\/dev.eunitecidos.pt\/en\/wp-json\/wp\/v2\/product"}],"about":[{"href":"https:\/\/dev.eunitecidos.pt\/en\/wp-json\/wp\/v2\/types\/product"}],"replies":[{"embeddable":true,"href":"https:\/\/dev.eunitecidos.pt\/en\/wp-json\/wp\/v2\/comments?post=34798"}],"wp:featuredmedia":[{"embeddable":true,"href":"https:\/\/dev.eunitecidos.pt\/en\/wp-json\/wp\/v2\/media\/34786"}],"wp:attachment":[{"href":"https:\/\/dev.eunitecidos.pt\/en\/wp-json\/wp\/v2\/media?parent=34798"}],"wp:term":[{"taxonomy":"product_brand","embeddable":true,"href":"https:\/\/dev.eunitecidos.pt\/en\/wp-json\/wp\/v2\/product_brand?post=34798"},{"taxonomy":"product_cat","embeddable":true,"href":"https:\/\/dev.eunitecidos.pt\/en\/wp-json\/wp\/v2\/product_cat?post=34798"},{"taxonomy":"product_tag","embeddable":true,"href":"https:\/\/dev.eunitecidos.pt\/en\/wp-json\/wp\/v2\/product_tag?post=34798"}],"curies":[{"name":"wp","href":"https:\/\/api.w.org\/{rel}","templated":true}]}}