
{"id":35215,"date":"2024-05-10T14:37:29","date_gmt":"2024-05-10T14:37:29","guid":{"rendered":"https:\/\/dev.eunitecidos.pt\/?post_type=product&#038;p=35215"},"modified":"2024-05-13T13:25:12","modified_gmt":"2024-05-13T13:25:12","slug":"spray-de-limpeza-odif-dk5-removedor-de-cola","status":"publish","type":"product","link":"https:\/\/dev.eunitecidos.pt\/en\/loja\/retrosaria\/colas\/spray-de-limpeza-odif-dk5-removedor-de-cola\/","title":{"rendered":"Cleaning Spray | Odif DK5 | Glue Remover"},"content":{"rendered":"<p>Cleaning Spray | Odif DK5 | Glue Remover<\/p>\n<p>Spray DK5 cleans traces of glue from cutting tools, scissors, rulers, cutting machines and other objects such as work tables, benches, etc.<\/p>\n<p>Contains 30% of aliphatic hydrocarbons and perfumes.<\/p>\n<p>Spray DK5 cleans traces of glue from tools, scissors and rulers. It contains 30% hydrocarbons and is easy to use. Buy now!<\/p>\n<p>How to use: Spray the surface to be cleaned from a distance of 25 cm. Leave on for 30 seconds. Wipe with a clean, dry cloth, repeating if necessary.<\/p>\n<p>Volume 500ml<\/p>","protected":false},"excerpt":{"rendered":"<p>Spray de Limpeza | Odif DK5 | Removedor de Cola O Spray DK5 permite limpar vest\u00edgios de cola em ferramentas de corte, tesouras, r\u00e9guas, m\u00e1quinas de corte e outros objetos, tais como mesas de trabalho, bancadas, etc Contem 30% de hidrocarbonetos alf\u00e1ticos e perfumes. O Spray DK5 limpa vest\u00edgios de cola em ferramentas, tesouras, r\u00e9guas. [&hellip;]<\/p>","protected":false},"featured_media":34626,"comment_status":"closed","ping_status":"closed","template":"","meta":{"_seopress_robots_primary_cat":"none","_seopress_titles_title":"Spray de Limpeza DK5 | Removedor de Cola | 500ml","_seopress_titles_desc":"O Spray DK5 limpa vest\u00edgios de cola em ferramentas, tesouras, r\u00e9guas. Cont\u00e9m 30% hidrocarbonetos e tem modo de utiliza\u00e7\u00e3o simples. Compre j\u00e1!","_seopress_robots_index":""},"product_brand":[],"product_cat":[3248,72],"product_tag":[3251,1763,770,3255,3258,3257,1445,3256,3254],"class_list":{"0":"post-35215","1":"product","2":"type-product","3":"status-publish","4":"has-post-thumbnail","6":"product_cat-colas","7":"product_cat-retrosaria","8":"product_tag-500-ml","9":"product_tag-confecao","10":"product_tag-costura-criativa","11":"product_tag-dk5","12":"product_tag-limpeza-de-bancadas","13":"product_tag-limpeza-de-utensilios","14":"product_tag-odif","15":"product_tag-removedor-de-cola","16":"product_tag-spray-de-limpeza","18":"first","19":"instock","20":"taxable","21":"shipping-taxable","22":"purchasable","23":"product-type-simple"},"_links":{"self":[{"href":"https:\/\/dev.eunitecidos.pt\/en\/wp-json\/wp\/v2\/product\/35215","targetHints":{"allow":["GET"]}}],"collection":[{"href":"https:\/\/dev.eunitecidos.pt\/en\/wp-json\/wp\/v2\/product"}],"about":[{"href":"https:\/\/dev.eunitecidos.pt\/en\/wp-json\/wp\/v2\/types\/product"}],"replies":[{"embeddable":true,"href":"https:\/\/dev.eunitecidos.pt\/en\/wp-json\/wp\/v2\/comments?post=35215"}],"wp:featuredmedia":[{"embeddable":true,"href":"https:\/\/dev.eunitecidos.pt\/en\/wp-json\/wp\/v2\/media\/34626"}],"wp:attachment":[{"href":"https:\/\/dev.eunitecidos.pt\/en\/wp-json\/wp\/v2\/media?parent=35215"}],"wp:term":[{"taxonomy":"product_brand","embeddable":true,"href":"https:\/\/dev.eunitecidos.pt\/en\/wp-json\/wp\/v2\/product_brand?post=35215"},{"taxonomy":"product_cat","embeddable":true,"href":"https:\/\/dev.eunitecidos.pt\/en\/wp-json\/wp\/v2\/product_cat?post=35215"},{"taxonomy":"product_tag","embeddable":true,"href":"https:\/\/dev.eunitecidos.pt\/en\/wp-json\/wp\/v2\/product_tag?post=35215"}],"curies":[{"name":"wp","href":"https:\/\/api.w.org\/{rel}","templated":true}]}}