
{"id":4036,"date":"2021-07-16T21:34:16","date_gmt":"2021-07-16T21:34:16","guid":{"rendered":"https:\/\/dev.eunitecidos.pt\/?post_type=product&#038;p=4036"},"modified":"2026-01-25T21:21:12","modified_gmt":"2026-01-25T21:21:12","slug":"cursor-zipper-malha-3-coral-554","status":"publish","type":"product","link":"https:\/\/dev.eunitecidos.pt\/en\/loja\/cores\/cursor-zipper-malha-3-coral-554\/","title":{"rendered":"Cursor | Malha 3 | Coral 554"},"content":{"rendered":"<p>Cursor Zipper | Mesh 3<\/p>\n<p>I close the Metro<\/p>\n<p>Metre zip with separate slider.<\/p>\n<p>&nbsp;<\/p>","protected":false},"excerpt":{"rendered":"<p>Zip closure | Mesh 3<\/p>\n<p>I close the Metro<\/p>\n<p>Metre zip with separate slider.<\/p>","protected":false},"featured_media":4003,"comment_status":"open","ping_status":"closed","template":"","meta":{"_seopress_robots_primary_cat":"122","_seopress_titles_title":"Malha 3 Fecho a Metro com Cursor Separado","_seopress_titles_desc":"Descubra o nosso fecho a metro com cursor separado de alta qualidade para costura de malhas. Compre j\u00e1 e d\u00ea um toque especial \u00e0s suas pe\u00e7as!","_seopress_robots_index":""},"product_brand":[],"product_cat":[122,279,129,280],"product_tag":[515,1232,879,886,1179,1180,612,874,889],"class_list":{"0":"post-4036","1":"product","2":"type-product","3":"status-publish","4":"has-post-thumbnail","6":"product_cat-cores","7":"product_cat-cursores","8":"product_cat-laranja","9":"product_cat-malha-3-cursores","10":"product_tag-coral","11":"product_tag-cursor","12":"product_tag-cursores","13":"product_tag-cursores-zipper","14":"product_tag-fecho-a-metro","15":"product_tag-fechos","16":"product_tag-retrosaria","17":"product_tag-zipper","18":"product_tag-zipper-a-metro","20":"first","21":"instock","22":"taxable","23":"shipping-taxable","24":"purchasable","25":"product-type-simple"},"_links":{"self":[{"href":"https:\/\/dev.eunitecidos.pt\/en\/wp-json\/wp\/v2\/product\/4036","targetHints":{"allow":["GET"]}}],"collection":[{"href":"https:\/\/dev.eunitecidos.pt\/en\/wp-json\/wp\/v2\/product"}],"about":[{"href":"https:\/\/dev.eunitecidos.pt\/en\/wp-json\/wp\/v2\/types\/product"}],"replies":[{"embeddable":true,"href":"https:\/\/dev.eunitecidos.pt\/en\/wp-json\/wp\/v2\/comments?post=4036"}],"wp:featuredmedia":[{"embeddable":true,"href":"https:\/\/dev.eunitecidos.pt\/en\/wp-json\/wp\/v2\/media\/4003"}],"wp:attachment":[{"href":"https:\/\/dev.eunitecidos.pt\/en\/wp-json\/wp\/v2\/media?parent=4036"}],"wp:term":[{"taxonomy":"product_brand","embeddable":true,"href":"https:\/\/dev.eunitecidos.pt\/en\/wp-json\/wp\/v2\/product_brand?post=4036"},{"taxonomy":"product_cat","embeddable":true,"href":"https:\/\/dev.eunitecidos.pt\/en\/wp-json\/wp\/v2\/product_cat?post=4036"},{"taxonomy":"product_tag","embeddable":true,"href":"https:\/\/dev.eunitecidos.pt\/en\/wp-json\/wp\/v2\/product_tag?post=4036"}],"curies":[{"name":"wp","href":"https:\/\/api.w.org\/{rel}","templated":true}]}}