
{"id":5008,"date":"2021-07-29T23:26:32","date_gmt":"2021-07-29T23:26:32","guid":{"rendered":"https:\/\/dev.eunitecidos.pt\/?post_type=product&#038;p=5008"},"modified":"2026-02-04T11:18:26","modified_gmt":"2026-02-04T11:18:26","slug":"enchimento-foam-varias-cores","status":"publish","type":"product","link":"https:\/\/dev.eunitecidos.pt\/en\/loja\/cores\/enchimento-foam-varias-cores\/","title":{"rendered":"Filler | Foam | Various Colours"},"content":{"rendered":"<p>Filling | Foam<\/p>\n<p>O foam \u00e9 um material bastante vers\u00e1til na sua aplica\u00e7\u00e3o. Pode usar-se como estruturador de pe\u00e7as de costura criativa, e \u00e9 muito utilizado para confe\u00e7\u00e3o de fatos e disfarces de carnaval. Como tem uma espuma de estrutura j\u00e1 incorporada, dispensa o uso extra de estruturadores para fatos mais encorpados. Dispon\u00edvel numa variedade de cores incr\u00edveis.<\/p>\n<p>1.50 Width<\/p>\n<p>Available in various colours.<\/p>","protected":false},"excerpt":{"rendered":"<p>Enchimento | Foam O foam \u00e9 um material bastante vers\u00e1til na sua aplica\u00e7\u00e3o. Pode usar-se como estruturador de pe\u00e7as de costura criativa, e \u00e9 muito utilizado para confe\u00e7\u00e3o de fatos e disfarces de carnaval. Como tem uma espuma de estrutura j\u00e1 incorporada, dispensa o uso extra de estruturadores para fatos mais encorpados. Dispon\u00edvel numa variedade [&hellip;]<\/p>","protected":false},"featured_media":4950,"comment_status":"open","ping_status":"closed","template":"","meta":{"_seopress_robots_primary_cat":"122","_seopress_titles_title":"Foam 1.50 Largura Enchimento Suave e fofo | Dispon\u00edvel em v\u00e1rias cores","_seopress_titles_desc":"Enchimento suave e fofo para estruturar as suas pe\u00e7as, dispon\u00edvel em v\u00e1rias cores. Compre j\u00e1!","_seopress_robots_index":""},"product_brand":[],"product_cat":[131,2016,122,71,177,199],"product_tag":[],"class_list":{"0":"post-5008","1":"product","2":"type-product","3":"status-publish","4":"has-post-thumbnail","6":"product_cat-branco","7":"product_cat-carnaval","8":"product_cat-cores","9":"product_cat-enchimentos-estruturadores","10":"product_cat-foam","11":"product_cat-tematicos","12":"pa_cor-branco","13":"pa_cor-dourado","14":"pa_cor-prateado","15":"pa_cor-rosa-fuscia-fu","16":"pa_cor-verde","18":"first","19":"instock","20":"taxable","21":"shipping-taxable","22":"purchasable","23":"product-type-variable"},"_links":{"self":[{"href":"https:\/\/dev.eunitecidos.pt\/en\/wp-json\/wp\/v2\/product\/5008","targetHints":{"allow":["GET"]}}],"collection":[{"href":"https:\/\/dev.eunitecidos.pt\/en\/wp-json\/wp\/v2\/product"}],"about":[{"href":"https:\/\/dev.eunitecidos.pt\/en\/wp-json\/wp\/v2\/types\/product"}],"replies":[{"embeddable":true,"href":"https:\/\/dev.eunitecidos.pt\/en\/wp-json\/wp\/v2\/comments?post=5008"}],"wp:featuredmedia":[{"embeddable":true,"href":"https:\/\/dev.eunitecidos.pt\/en\/wp-json\/wp\/v2\/media\/4950"}],"wp:attachment":[{"href":"https:\/\/dev.eunitecidos.pt\/en\/wp-json\/wp\/v2\/media?parent=5008"}],"wp:term":[{"taxonomy":"product_brand","embeddable":true,"href":"https:\/\/dev.eunitecidos.pt\/en\/wp-json\/wp\/v2\/product_brand?post=5008"},{"taxonomy":"product_cat","embeddable":true,"href":"https:\/\/dev.eunitecidos.pt\/en\/wp-json\/wp\/v2\/product_cat?post=5008"},{"taxonomy":"product_tag","embeddable":true,"href":"https:\/\/dev.eunitecidos.pt\/en\/wp-json\/wp\/v2\/product_tag?post=5008"}],"curies":[{"name":"wp","href":"https:\/\/api.w.org\/{rel}","templated":true}]}}