
{"id":5648,"date":"2021-08-02T18:30:16","date_gmt":"2021-08-02T18:30:16","guid":{"rendered":"https:\/\/dev.eunitecidos.pt\/?post_type=product&#038;p=5648"},"modified":"2026-01-12T15:10:36","modified_gmt":"2026-01-12T15:10:36","slug":"fecho-zipper-malha-3-cinza-712","status":"publish","type":"product","link":"https:\/\/dev.eunitecidos.pt\/en\/loja\/cores\/fecho-zipper-malha-3-cinza-712\/","title":{"rendered":"Zip closure | Mesh 3 | Grey 712"},"content":{"rendered":"<p>Zip closure | Mesh 3<\/p>\n<p>I close the Metro<\/p>\n<p>Metre zip with separate slider.<\/p>\n<p>Discover Mesh 3's metre zip with separate slider. Buy now and add a touch of style to your garments!<\/p>\n<p>&nbsp;<\/p>","protected":false},"excerpt":{"rendered":"<p>Zip closure | Mesh 3<\/p>\n<p>I close the Metro<\/p>\n<p>Metre zip with separate slider.<\/p>","protected":false},"featured_media":5646,"comment_status":"open","ping_status":"closed","template":"","meta":{"_seopress_robots_primary_cat":"122","_seopress_titles_title":"Fecho Zipper 3 Malha: Fecho a Metro com Cursor Separado","_seopress_titles_desc":"Descubra o fecho a metro com cursor separado da Malha 3. Compre j\u00e1 e adicione um toque de estilo \u00e0s suas pe\u00e7as de vestu\u00e1rio!","_seopress_robots_index":""},"product_brand":[],"product_cat":[128,122,276,277,125],"product_tag":[351,885,1179,1180,612,935,874,889],"class_list":{"0":"post-5648","1":"product","2":"type-product","3":"status-publish","4":"has-post-thumbnail","6":"product_cat-cinzento","7":"product_cat-cores","8":"product_cat-fecho-zipper-metro","9":"product_cat-malha-3","10":"product_cat-verde","11":"product_tag-cinza","12":"product_tag-cru","13":"product_tag-fecho-a-metro","14":"product_tag-fechos","15":"product_tag-retrosaria","16":"product_tag-verde-menta","17":"product_tag-zipper","18":"product_tag-zipper-a-metro","20":"first","21":"instock","22":"taxable","23":"shipping-taxable","24":"purchasable","25":"product-type-simple"},"_links":{"self":[{"href":"https:\/\/dev.eunitecidos.pt\/en\/wp-json\/wp\/v2\/product\/5648","targetHints":{"allow":["GET"]}}],"collection":[{"href":"https:\/\/dev.eunitecidos.pt\/en\/wp-json\/wp\/v2\/product"}],"about":[{"href":"https:\/\/dev.eunitecidos.pt\/en\/wp-json\/wp\/v2\/types\/product"}],"replies":[{"embeddable":true,"href":"https:\/\/dev.eunitecidos.pt\/en\/wp-json\/wp\/v2\/comments?post=5648"}],"wp:featuredmedia":[{"embeddable":true,"href":"https:\/\/dev.eunitecidos.pt\/en\/wp-json\/wp\/v2\/media\/5646"}],"wp:attachment":[{"href":"https:\/\/dev.eunitecidos.pt\/en\/wp-json\/wp\/v2\/media?parent=5648"}],"wp:term":[{"taxonomy":"product_brand","embeddable":true,"href":"https:\/\/dev.eunitecidos.pt\/en\/wp-json\/wp\/v2\/product_brand?post=5648"},{"taxonomy":"product_cat","embeddable":true,"href":"https:\/\/dev.eunitecidos.pt\/en\/wp-json\/wp\/v2\/product_cat?post=5648"},{"taxonomy":"product_tag","embeddable":true,"href":"https:\/\/dev.eunitecidos.pt\/en\/wp-json\/wp\/v2\/product_tag?post=5648"}],"curies":[{"name":"wp","href":"https:\/\/api.w.org\/{rel}","templated":true}]}}