
{"id":5676,"date":"2021-08-02T19:40:08","date_gmt":"2021-08-02T19:40:08","guid":{"rendered":"https:\/\/dev.eunitecidos.pt\/?post_type=product&#038;p=5676"},"modified":"2021-08-24T21:38:11","modified_gmt":"2021-08-24T21:38:11","slug":"zipper-cursor-malha-3-bege-708","status":"publish","type":"product","link":"https:\/\/dev.eunitecidos.pt\/en\/loja\/retrosaria\/zippers-cursores\/zipper-cursor-malha-3-bege-708\/","title":{"rendered":"Zipper | Cursor | Mesh 3 | Beige 708"},"content":{"rendered":"","protected":false},"excerpt":{"rendered":"","protected":false},"featured_media":5645,"comment_status":"open","ping_status":"closed","template":"","meta":{"_seopress_robots_primary_cat":"0","_seopress_titles_title":"Zipper Cursor Malha 3 Bege - Eunitecidos","_seopress_titles_desc":"Descubra o fecho de correr perfeito para a sua pe\u00e7a de roupa. Compre j\u00e1 o seu na nossa loja online! Qualidade e eleg\u00e2ncia em cada detalhe.","_seopress_robots_index":""},"product_brand":[],"product_cat":[179],"product_tag":[],"class_list":{"0":"post-5676","1":"product","2":"type-product","3":"status-publish","4":"has-post-thumbnail","6":"product_cat-zippers-cursores","8":"first","9":"instock","10":"taxable","11":"shipping-taxable","12":"product-type-grouped"},"_links":{"self":[{"href":"https:\/\/dev.eunitecidos.pt\/en\/wp-json\/wp\/v2\/product\/5676","targetHints":{"allow":["GET"]}}],"collection":[{"href":"https:\/\/dev.eunitecidos.pt\/en\/wp-json\/wp\/v2\/product"}],"about":[{"href":"https:\/\/dev.eunitecidos.pt\/en\/wp-json\/wp\/v2\/types\/product"}],"replies":[{"embeddable":true,"href":"https:\/\/dev.eunitecidos.pt\/en\/wp-json\/wp\/v2\/comments?post=5676"}],"wp:featuredmedia":[{"embeddable":true,"href":"https:\/\/dev.eunitecidos.pt\/en\/wp-json\/wp\/v2\/media\/5645"}],"wp:attachment":[{"href":"https:\/\/dev.eunitecidos.pt\/en\/wp-json\/wp\/v2\/media?parent=5676"}],"wp:term":[{"taxonomy":"product_brand","embeddable":true,"href":"https:\/\/dev.eunitecidos.pt\/en\/wp-json\/wp\/v2\/product_brand?post=5676"},{"taxonomy":"product_cat","embeddable":true,"href":"https:\/\/dev.eunitecidos.pt\/en\/wp-json\/wp\/v2\/product_cat?post=5676"},{"taxonomy":"product_tag","embeddable":true,"href":"https:\/\/dev.eunitecidos.pt\/en\/wp-json\/wp\/v2\/product_tag?post=5676"}],"curies":[{"name":"wp","href":"https:\/\/api.w.org\/{rel}","templated":true}]}}