
{"id":5860,"date":"2021-08-11T09:45:06","date_gmt":"2021-08-11T09:45:06","guid":{"rendered":"https:\/\/dev.eunitecidos.pt\/?post_type=product&#038;p=5860"},"modified":"2023-10-09T12:56:15","modified_gmt":"2023-10-09T12:56:15","slug":"tecidos-100-algodao-1-10-largura-cavalos-acessorios-4","status":"publish","type":"product","link":"https:\/\/dev.eunitecidos.pt\/en\/loja\/cores\/tecidos-100-algodao-1-10-largura-cavalos-acessorios-4\/","title":{"rendered":"Fabric 100% Cotton | 1.10 Wide | Horses| Accessories"},"content":{"rendered":"<p>Fabric 100% Cotton | 1.10 Wide | Horses| Accessories<\/p>\n<p>1.10 Width<\/p>\n<div class=\"wp-menu-arrow\">\n<div><\/div>\n<\/div>\n<div class=\"wp-menu-image dashicons-before\" aria-hidden=\"true\"><\/div>\n<div class=\"wp-menu-name\"><\/div>\n<p>&nbsp;<\/p>","protected":false},"excerpt":{"rendered":"<p>Tecidos 100% Algod\u00e3o | 1.10 Largura | Cavalos| Acess\u00f3rios 1.10 Largura &nbsp;<\/p>","protected":false},"featured_media":5777,"comment_status":"open","ping_status":"closed","template":"","meta":{"_seopress_robots_primary_cat":"122","_seopress_titles_title":"Tecidos 100% Algod\u00e3o para Cavalos e Acess\u00f3rios | 1.10 Largura","_seopress_titles_desc":"Explore os melhores tecidos 100% algod\u00e3o com 1.10m de largura para projetos de cavalos e acess\u00f3rios. Descubra j\u00e1 a nossa sele\u00e7\u00e3o!","_seopress_robots_index":""},"product_brand":[],"product_cat":[123,131,130,128,122,127,139,213,69],"product_tag":[488,315,863,373,319,602,516,1493,351,1496,491,118],"class_list":{"0":"post-5860","1":"product","2":"type-product","3":"status-publish","4":"has-post-thumbnail","6":"product_cat-amarelo","7":"product_cat-branco","8":"product_cat-castanho","9":"product_cat-cinzento","10":"product_cat-cores","11":"product_cat-preto","12":"product_cat-tecidos-110m-largura","13":"product_cat-tematicos-110largura","14":"product_cat-texteis","15":"product_tag-1-10-largura","16":"product_tag-100-algodao","17":"product_tag-acessorios","18":"product_tag-animais","19":"product_tag-bege","20":"product_tag-camel","21":"product_tag-castanho","22":"product_tag-cavalos","23":"product_tag-cinza","24":"product_tag-equitacao","25":"product_tag-preto","26":"product_tag-promocao","28":"first","29":"instock","30":"taxable","31":"shipping-taxable","32":"purchasable","33":"product-type-simple"},"_links":{"self":[{"href":"https:\/\/dev.eunitecidos.pt\/en\/wp-json\/wp\/v2\/product\/5860","targetHints":{"allow":["GET"]}}],"collection":[{"href":"https:\/\/dev.eunitecidos.pt\/en\/wp-json\/wp\/v2\/product"}],"about":[{"href":"https:\/\/dev.eunitecidos.pt\/en\/wp-json\/wp\/v2\/types\/product"}],"replies":[{"embeddable":true,"href":"https:\/\/dev.eunitecidos.pt\/en\/wp-json\/wp\/v2\/comments?post=5860"}],"wp:featuredmedia":[{"embeddable":true,"href":"https:\/\/dev.eunitecidos.pt\/en\/wp-json\/wp\/v2\/media\/5777"}],"wp:attachment":[{"href":"https:\/\/dev.eunitecidos.pt\/en\/wp-json\/wp\/v2\/media?parent=5860"}],"wp:term":[{"taxonomy":"product_brand","embeddable":true,"href":"https:\/\/dev.eunitecidos.pt\/en\/wp-json\/wp\/v2\/product_brand?post=5860"},{"taxonomy":"product_cat","embeddable":true,"href":"https:\/\/dev.eunitecidos.pt\/en\/wp-json\/wp\/v2\/product_cat?post=5860"},{"taxonomy":"product_tag","embeddable":true,"href":"https:\/\/dev.eunitecidos.pt\/en\/wp-json\/wp\/v2\/product_tag?post=5860"}],"curies":[{"name":"wp","href":"https:\/\/api.w.org\/{rel}","templated":true}]}}