
{"id":6471,"date":"2021-09-14T13:55:27","date_gmt":"2021-09-14T13:55:27","guid":{"rendered":"https:\/\/dev.eunitecidos.pt\/?post_type=product&#038;p=6471"},"modified":"2025-10-23T01:08:02","modified_gmt":"2025-10-23T01:08:02","slug":"tecidos-100-algodao-organico-halloween-2","status":"publish","type":"product","link":"https:\/\/dev.eunitecidos.pt\/en\/loja\/cores\/tecidos-100-algodao-organico-halloween-2\/","title":{"rendered":"Fabrics 100% Cotton | Halloween"},"content":{"rendered":"<p>Fabrics 100% Cotton | Halloween<\/p>\n<p>100% Cotton<\/p>\n<p>1.50 Width<\/p>","protected":false},"excerpt":{"rendered":"<p>Fabrics 100% Cotton | Halloween 100% Cotton 1.50 Wide<\/p>","protected":false},"featured_media":6383,"comment_status":"closed","ping_status":"closed","template":"","meta":{"_seopress_robots_primary_cat":"122","_seopress_titles_title":"Tecidos 100% Algod\u00e3o | Halloween 100% Algod\u00e3o 1,50 Largura","_seopress_titles_desc":"Descubra os melhores tecidos de algod\u00e3o para o Halloween! Tecidos 100% Algod\u00e3o com uma largura de 1,50 metros. Oferecemos qualidade e variedade na nossa cole\u00e7\u00e3o.","_seopress_robots_index":""},"product_brand":[],"product_cat":[123,131,128,122,2517,129,127,135,199,69],"product_tag":[315,1369,443,1567,321,1318,318,424,491],"class_list":{"0":"post-6471","1":"product","2":"type-product","3":"status-publish","4":"has-post-thumbnail","6":"product_cat-amarelo","7":"product_cat-branco","8":"product_cat-cinzento","9":"product_cat-cores","10":"product_cat-halloween","11":"product_cat-laranja","12":"product_cat-preto","13":"product_cat-tecido-100-algodao","14":"product_cat-tematicos","15":"product_cat-texteis","16":"product_tag-100-algodao","17":"product_tag-aboboras","18":"product_tag-algodao-organico","19":"product_tag-aranhas","20":"product_tag-branco","21":"product_tag-caveiras","22":"product_tag-cinzento","23":"product_tag-laranja","24":"product_tag-preto","26":"first","27":"instock","28":"taxable","29":"shipping-taxable","30":"purchasable","31":"product-type-simple"},"_links":{"self":[{"href":"https:\/\/dev.eunitecidos.pt\/en\/wp-json\/wp\/v2\/product\/6471","targetHints":{"allow":["GET"]}}],"collection":[{"href":"https:\/\/dev.eunitecidos.pt\/en\/wp-json\/wp\/v2\/product"}],"about":[{"href":"https:\/\/dev.eunitecidos.pt\/en\/wp-json\/wp\/v2\/types\/product"}],"replies":[{"embeddable":true,"href":"https:\/\/dev.eunitecidos.pt\/en\/wp-json\/wp\/v2\/comments?post=6471"}],"wp:featuredmedia":[{"embeddable":true,"href":"https:\/\/dev.eunitecidos.pt\/en\/wp-json\/wp\/v2\/media\/6383"}],"wp:attachment":[{"href":"https:\/\/dev.eunitecidos.pt\/en\/wp-json\/wp\/v2\/media?parent=6471"}],"wp:term":[{"taxonomy":"product_brand","embeddable":true,"href":"https:\/\/dev.eunitecidos.pt\/en\/wp-json\/wp\/v2\/product_brand?post=6471"},{"taxonomy":"product_cat","embeddable":true,"href":"https:\/\/dev.eunitecidos.pt\/en\/wp-json\/wp\/v2\/product_cat?post=6471"},{"taxonomy":"product_tag","embeddable":true,"href":"https:\/\/dev.eunitecidos.pt\/en\/wp-json\/wp\/v2\/product_tag?post=6471"}],"curies":[{"name":"wp","href":"https:\/\/api.w.org\/{rel}","templated":true}]}}