
{"id":6546,"date":"2021-09-16T17:14:55","date_gmt":"2021-09-16T17:14:55","guid":{"rendered":"https:\/\/dev.eunitecidos.pt\/?post_type=product&#038;p=6546"},"modified":"2024-09-10T13:23:53","modified_gmt":"2024-09-10T13:23:53","slug":"tecidos-100-algodao-natal-estrelas-sino","status":"publish","type":"product","link":"https:\/\/dev.eunitecidos.pt\/en\/loja\/cores\/tecidos-100-algodao-natal-estrelas-sino\/","title":{"rendered":"Fabric 100% Cotton | Christmas | Stars | Bell"},"content":{"rendered":"<p>Fabric 100% Cotton | Christmas | Stars | Bell<\/p>\n<p>100% Cotton<\/p>\n<p>1.50 Width<\/p>","protected":false},"excerpt":{"rendered":"<p>Tecidos 100% Algod\u00e3o | Natal | Estrelas | Sino 100% Algod\u00e3o 1,50 Largura<\/p>","protected":false},"featured_media":6235,"comment_status":"closed","ping_status":"closed","template":"","meta":{"_seopress_robots_primary_cat":"122","_seopress_titles_title":"Tecidos 100% Algod\u00e3o Natal Estrelas Sino 1,50 Largura","_seopress_titles_desc":"Descubra os nossos tecidos de 100% algod\u00e3o com estampados de Natal, perfeitos para criar pe\u00e7as \u00fanicas com Estrelas, Sino e muito mais. Encomende j\u00e1!","_seopress_robots_index":""},"product_brand":[],"product_cat":[775,122,2518,135,199,69,125],"product_tag":[315,778,896,302,1580,1575,1584,1586,1576,1472],"class_list":{"0":"post-6546","1":"product","2":"type-product","3":"status-publish","4":"has-post-thumbnail","6":"product_cat-bordo","7":"product_cat-cores","8":"product_cat-natal","9":"product_cat-tecido-100-algodao","10":"product_cat-tematicos","11":"product_cat-texteis","12":"product_cat-verde","13":"product_tag-100-algodao","14":"product_tag-bordo","15":"product_tag-dourado","16":"product_tag-estrelas","17":"product_tag-flocos-de-neve","18":"product_tag-natal","19":"product_tag-pombas","20":"product_tag-sino","21":"product_tag-tecidos-natal","22":"product_tag-verde-escuro","24":"first","25":"instock","26":"taxable","27":"shipping-taxable","28":"purchasable","29":"product-type-simple"},"_links":{"self":[{"href":"https:\/\/dev.eunitecidos.pt\/en\/wp-json\/wp\/v2\/product\/6546","targetHints":{"allow":["GET"]}}],"collection":[{"href":"https:\/\/dev.eunitecidos.pt\/en\/wp-json\/wp\/v2\/product"}],"about":[{"href":"https:\/\/dev.eunitecidos.pt\/en\/wp-json\/wp\/v2\/types\/product"}],"replies":[{"embeddable":true,"href":"https:\/\/dev.eunitecidos.pt\/en\/wp-json\/wp\/v2\/comments?post=6546"}],"wp:featuredmedia":[{"embeddable":true,"href":"https:\/\/dev.eunitecidos.pt\/en\/wp-json\/wp\/v2\/media\/6235"}],"wp:attachment":[{"href":"https:\/\/dev.eunitecidos.pt\/en\/wp-json\/wp\/v2\/media?parent=6546"}],"wp:term":[{"taxonomy":"product_brand","embeddable":true,"href":"https:\/\/dev.eunitecidos.pt\/en\/wp-json\/wp\/v2\/product_brand?post=6546"},{"taxonomy":"product_cat","embeddable":true,"href":"https:\/\/dev.eunitecidos.pt\/en\/wp-json\/wp\/v2\/product_cat?post=6546"},{"taxonomy":"product_tag","embeddable":true,"href":"https:\/\/dev.eunitecidos.pt\/en\/wp-json\/wp\/v2\/product_tag?post=6546"}],"curies":[{"name":"wp","href":"https:\/\/api.w.org\/{rel}","templated":true}]}}