
{"id":6561,"date":"2021-09-16T17:08:14","date_gmt":"2021-09-16T17:08:14","guid":{"rendered":"https:\/\/dev.eunitecidos.pt\/?post_type=product&#038;p=6561"},"modified":"2025-06-20T16:02:21","modified_gmt":"2025-06-20T16:02:21","slug":"tecidos-100-algodao-azevinho","status":"publish","type":"product","link":"https:\/\/dev.eunitecidos.pt\/en\/loja\/cores\/tecidos-100-algodao-azevinho\/","title":{"rendered":"Fabrics 100% Cotton | Holly"},"content":{"rendered":"<p>Fabrics 100% Cotton | Holly<\/p>\n<p>100% Cotton<\/p>\n<p>1.50 Width<\/p>","protected":false},"excerpt":{"rendered":"<p>Tecidos 100% Algod\u00e3o | Azevinho 100% Algod\u00e3o 1,50 Largura<\/p>","protected":false},"featured_media":6221,"comment_status":"closed","ping_status":"closed","template":"","meta":{"_seopress_robots_primary_cat":"122","_seopress_titles_title":"Tecidos 100% Algod\u00e3o | Azevinho 1,50 Largura","_seopress_titles_desc":"Descubra os nossos tecidos de azevinho em 100% algod\u00e3o com largura de 1,50m. Qualidade e eleg\u00e2ncia para os seus projetos de costura!","_seopress_robots_index":""},"product_brand":[],"product_cat":[775,122,135,199,69,125],"product_tag":[315,1578,778,896,1575,1576,1472],"class_list":{"0":"post-6561","1":"product","2":"type-product","3":"status-publish","4":"has-post-thumbnail","6":"product_cat-bordo","7":"product_cat-cores","8":"product_cat-tecido-100-algodao","9":"product_cat-tematicos","10":"product_cat-texteis","11":"product_cat-verde","12":"product_tag-100-algodao","13":"product_tag-azevinho","14":"product_tag-bordo","15":"product_tag-dourado","16":"product_tag-natal","17":"product_tag-tecidos-natal","18":"product_tag-verde-escuro","20":"first","21":"instock","22":"taxable","23":"shipping-taxable","24":"purchasable","25":"product-type-simple"},"_links":{"self":[{"href":"https:\/\/dev.eunitecidos.pt\/en\/wp-json\/wp\/v2\/product\/6561","targetHints":{"allow":["GET"]}}],"collection":[{"href":"https:\/\/dev.eunitecidos.pt\/en\/wp-json\/wp\/v2\/product"}],"about":[{"href":"https:\/\/dev.eunitecidos.pt\/en\/wp-json\/wp\/v2\/types\/product"}],"replies":[{"embeddable":true,"href":"https:\/\/dev.eunitecidos.pt\/en\/wp-json\/wp\/v2\/comments?post=6561"}],"wp:featuredmedia":[{"embeddable":true,"href":"https:\/\/dev.eunitecidos.pt\/en\/wp-json\/wp\/v2\/media\/6221"}],"wp:attachment":[{"href":"https:\/\/dev.eunitecidos.pt\/en\/wp-json\/wp\/v2\/media?parent=6561"}],"wp:term":[{"taxonomy":"product_brand","embeddable":true,"href":"https:\/\/dev.eunitecidos.pt\/en\/wp-json\/wp\/v2\/product_brand?post=6561"},{"taxonomy":"product_cat","embeddable":true,"href":"https:\/\/dev.eunitecidos.pt\/en\/wp-json\/wp\/v2\/product_cat?post=6561"},{"taxonomy":"product_tag","embeddable":true,"href":"https:\/\/dev.eunitecidos.pt\/en\/wp-json\/wp\/v2\/product_tag?post=6561"}],"curies":[{"name":"wp","href":"https:\/\/api.w.org\/{rel}","templated":true}]}}