
{"id":6784,"date":"2021-09-22T20:51:21","date_gmt":"2021-09-22T20:51:21","guid":{"rendered":"https:\/\/dev.eunitecidos.pt\/?post_type=product&#038;p=6784"},"modified":"2021-09-22T20:51:21","modified_gmt":"2021-09-22T20:51:21","slug":"xadrez-escoces-tartan-24","status":"publish","type":"product","link":"https:\/\/dev.eunitecidos.pt\/en\/loja\/cores\/xadrez-escoces-tartan-24\/","title":{"rendered":"Scottish chess | Tartan"},"content":{"rendered":"<p>Scottish chess | Tartan<\/p>\n<p>1.50 Width<\/p>\n<p>80% Polyester<\/p>\n<p>18% Rayon<\/p>\n<p>7% Spandex<\/p>","protected":false},"excerpt":{"rendered":"<p>Scottish plaid | Tartan 1.50 Width 80% Polyester 18% Rayon 7% Spandex<\/p>","protected":false},"featured_media":6764,"comment_status":"closed","ping_status":"closed","template":"","meta":{"_seopress_robots_primary_cat":"122","_seopress_titles_title":"Tecido Xadrez Escoc\u00eas Tartan 1.50 Largura","_seopress_titles_desc":"Descubra o tecido xadrez escoc\u00eas em poli\u00e9ster, rayon e spandex. Ideal para criar pe\u00e7as \u00fanicas e originais. Encomende j\u00e1!","_seopress_robots_index":""},"product_brand":[],"product_cat":[131,130,128,122,69,1611],"product_tag":[321,516,318,1614,1612,1613,444],"class_list":{"0":"post-6784","1":"product","2":"type-product","3":"status-publish","4":"has-post-thumbnail","6":"product_cat-branco","7":"product_cat-castanho","8":"product_cat-cinzento","9":"product_cat-cores","10":"product_cat-texteis","11":"product_cat-xadres-escoces","12":"product_tag-branco","13":"product_tag-castanho","14":"product_tag-cinzento","15":"product_tag-elasticidade","16":"product_tag-escoces","17":"product_tag-tartan","18":"product_tag-xadrez","20":"first","21":"instock","22":"taxable","23":"shipping-taxable","24":"purchasable","25":"product-type-simple"},"_links":{"self":[{"href":"https:\/\/dev.eunitecidos.pt\/en\/wp-json\/wp\/v2\/product\/6784","targetHints":{"allow":["GET"]}}],"collection":[{"href":"https:\/\/dev.eunitecidos.pt\/en\/wp-json\/wp\/v2\/product"}],"about":[{"href":"https:\/\/dev.eunitecidos.pt\/en\/wp-json\/wp\/v2\/types\/product"}],"replies":[{"embeddable":true,"href":"https:\/\/dev.eunitecidos.pt\/en\/wp-json\/wp\/v2\/comments?post=6784"}],"wp:featuredmedia":[{"embeddable":true,"href":"https:\/\/dev.eunitecidos.pt\/en\/wp-json\/wp\/v2\/media\/6764"}],"wp:attachment":[{"href":"https:\/\/dev.eunitecidos.pt\/en\/wp-json\/wp\/v2\/media?parent=6784"}],"wp:term":[{"taxonomy":"product_brand","embeddable":true,"href":"https:\/\/dev.eunitecidos.pt\/en\/wp-json\/wp\/v2\/product_brand?post=6784"},{"taxonomy":"product_cat","embeddable":true,"href":"https:\/\/dev.eunitecidos.pt\/en\/wp-json\/wp\/v2\/product_cat?post=6784"},{"taxonomy":"product_tag","embeddable":true,"href":"https:\/\/dev.eunitecidos.pt\/en\/wp-json\/wp\/v2\/product_tag?post=6784"}],"curies":[{"name":"wp","href":"https:\/\/api.w.org\/{rel}","templated":true}]}}