
{"id":7316,"date":"2021-10-07T14:12:44","date_gmt":"2021-10-07T14:12:44","guid":{"rendered":"https:\/\/dev.eunitecidos.pt\/?post_type=product&#038;p=7316"},"modified":"2022-09-27T14:21:29","modified_gmt":"2022-09-27T14:21:29","slug":"tecido-hp-estampado-natal","status":"publish","type":"product","link":"https:\/\/dev.eunitecidos.pt\/en\/loja\/cores\/tecido-hp-estampado-natal\/","title":{"rendered":"Hp Fabric | Printed | Christmas"},"content":{"rendered":"<p>Loneta Fabric | Printed | Christmas<\/p>\n<p>Composition: 65% Cotton\/35% Polyester<\/p>\n<p>1.60 Width<\/p>\n<p>&nbsp;<\/p>","protected":false},"excerpt":{"rendered":"<p>Tecido Loneta | Estampado | Natal Composi\u00e7\u00e3o: 65% Algod\u00e3o\/35% Poli\u00e9ster 1,60\u00a0 Largura &nbsp;<\/p>","protected":false},"featured_media":7127,"comment_status":"closed","ping_status":"closed","template":"","meta":{"_seopress_robots_primary_cat":"122","_seopress_titles_title":"Tecido Loneta Natal Estampado 65% Algod\u00e3o 1,60 Largura","_seopress_titles_desc":"Descubra o tecido de loneta estampado ideal para o Natal. Alta qualidade, 1,60 de largura. Perfeito para os seus projetos criativos!","_seopress_robots_index":""},"product_brand":[],"product_cat":[325,775,130,128,122,244,242,2518,199,69,126],"product_tag":[1587,309,1590,340,324,1575,1659],"class_list":{"0":"post-7316","1":"product","2":"type-product","3":"status-publish","4":"has-post-thumbnail","6":"product_cat-bege","7":"product_cat-bordo","8":"product_cat-castanho","9":"product_cat-cinzento","10":"product_cat-cores","11":"product_cat-estampadas-lonetas","12":"product_cat-lonetas","13":"product_cat-natal","14":"product_cat-tematicos","15":"product_cat-texteis","16":"product_cat-vermelho","17":"product_tag-boneco-gengibre","18":"product_tag-coracao","19":"product_tag-coroa-natal","20":"product_tag-estampado","21":"product_tag-estrela","22":"product_tag-natal","23":"product_tag-tecido-loneta","25":"first","26":"instock","27":"taxable","28":"shipping-taxable","29":"purchasable","30":"product-type-simple"},"_links":{"self":[{"href":"https:\/\/dev.eunitecidos.pt\/en\/wp-json\/wp\/v2\/product\/7316","targetHints":{"allow":["GET"]}}],"collection":[{"href":"https:\/\/dev.eunitecidos.pt\/en\/wp-json\/wp\/v2\/product"}],"about":[{"href":"https:\/\/dev.eunitecidos.pt\/en\/wp-json\/wp\/v2\/types\/product"}],"replies":[{"embeddable":true,"href":"https:\/\/dev.eunitecidos.pt\/en\/wp-json\/wp\/v2\/comments?post=7316"}],"wp:featuredmedia":[{"embeddable":true,"href":"https:\/\/dev.eunitecidos.pt\/en\/wp-json\/wp\/v2\/media\/7127"}],"wp:attachment":[{"href":"https:\/\/dev.eunitecidos.pt\/en\/wp-json\/wp\/v2\/media?parent=7316"}],"wp:term":[{"taxonomy":"product_brand","embeddable":true,"href":"https:\/\/dev.eunitecidos.pt\/en\/wp-json\/wp\/v2\/product_brand?post=7316"},{"taxonomy":"product_cat","embeddable":true,"href":"https:\/\/dev.eunitecidos.pt\/en\/wp-json\/wp\/v2\/product_cat?post=7316"},{"taxonomy":"product_tag","embeddable":true,"href":"https:\/\/dev.eunitecidos.pt\/en\/wp-json\/wp\/v2\/product_tag?post=7316"}],"curies":[{"name":"wp","href":"https:\/\/api.w.org\/{rel}","templated":true}]}}