
{"id":7573,"date":"2021-10-05T10:25:27","date_gmt":"2021-10-05T10:25:27","guid":{"rendered":"https:\/\/dev.eunitecidos.pt\/?post_type=product&#038;p=7573"},"modified":"2025-02-07T12:41:48","modified_gmt":"2025-02-07T12:41:48","slug":"malha-jersey-cardada-poppy-flores-verde","status":"publish","type":"product","link":"https:\/\/dev.eunitecidos.pt\/en\/loja\/cores\/malha-jersey-cardada-poppy-flores-verde\/","title":{"rendered":"Jersey knit | Carded | Poppy | Flowers | Green"},"content":{"rendered":"<p>Jersey knit | Carded | Poppy | Flowers | Green<\/p>\n<p>GOTS certificate<\/p>\n<p>Super soft and smooth to the touch.<\/p>\n<p>Card with fur, which makes it warm and ideal for clothing.<\/p>\n<p>Widely used for babies' and children's clothing.<\/p>\n<p>Slightly elastic.<\/p>\n<p>1.50 Width<\/p>\n<p>Composition: 50% Cotton-46% Polyester-4%Elastane<\/p>\n<p>225gr\/m2<\/p>","protected":false},"excerpt":{"rendered":"<p>Jersey Knit | Carded | Poppy | Flowers | Green GOTS Certified Super soft and smooth to the touch. Carded with fur, which makes it warm and ideal for clothing. Often used for babies' and children's clothing. Slightly elasticated. 1.50 Width Composition: 50% Cotton-46% Polyester-4%Elastane 225gr\/m2<\/p>","protected":false},"featured_media":7523,"comment_status":"closed","ping_status":"closed","template":"","meta":{"_seopress_robots_primary_cat":"122","_seopress_titles_title":"Malha Jersey Poppy Verde Certificado GOTS | Super Macia e Suave","_seopress_titles_desc":"Malha super macia e suave ao toque, ideal para vestu\u00e1rio de beb\u00e9s e crian\u00e7as. P\u00ealo que a torna quente. Composi\u00e7\u00e3o: 50% Algod\u00e3o-46% Poli\u00e9ster-4% Elastano.","_seopress_robots_index":""},"product_brand":[],"product_cat":[123,131,122,215,140,132,323,69,125],"product_tag":[321,1674,1656,721,1676,1679,86,554,1675,1680,1673,405,722,723,102],"class_list":{"0":"post-7573","1":"product","2":"type-product","3":"status-publish","4":"has-post-thumbnail","6":"product_cat-amarelo","7":"product_cat-branco","8":"product_cat-cores","9":"product_cat-estampados-jerseys","10":"product_cat-jerseys","11":"product_cat-rosa","12":"product_cat-rosa-velhol","13":"product_cat-texteis","14":"product_cat-verde","15":"product_tag-branco","16":"product_tag-cardada","17":"product_tag-certificado-gots","18":"product_tag-certificado-oeko-tex","19":"product_tag-colecao-outono-inverno","20":"product_tag-estampada","21":"product_tag-flores","22":"product_tag-flores-rosa","23":"product_tag-malha-cardada","24":"product_tag-malha-cardada-estampada","25":"product_tag-malha-jersey","26":"product_tag-mostarda","27":"product_tag-rosa-bebe","28":"product_tag-rosa-fuscia","29":"product_tag-verde","31":"first","32":"instock","33":"taxable","34":"shipping-taxable","35":"purchasable","36":"product-type-simple"},"_links":{"self":[{"href":"https:\/\/dev.eunitecidos.pt\/en\/wp-json\/wp\/v2\/product\/7573","targetHints":{"allow":["GET"]}}],"collection":[{"href":"https:\/\/dev.eunitecidos.pt\/en\/wp-json\/wp\/v2\/product"}],"about":[{"href":"https:\/\/dev.eunitecidos.pt\/en\/wp-json\/wp\/v2\/types\/product"}],"replies":[{"embeddable":true,"href":"https:\/\/dev.eunitecidos.pt\/en\/wp-json\/wp\/v2\/comments?post=7573"}],"wp:featuredmedia":[{"embeddable":true,"href":"https:\/\/dev.eunitecidos.pt\/en\/wp-json\/wp\/v2\/media\/7523"}],"wp:attachment":[{"href":"https:\/\/dev.eunitecidos.pt\/en\/wp-json\/wp\/v2\/media?parent=7573"}],"wp:term":[{"taxonomy":"product_brand","embeddable":true,"href":"https:\/\/dev.eunitecidos.pt\/en\/wp-json\/wp\/v2\/product_brand?post=7573"},{"taxonomy":"product_cat","embeddable":true,"href":"https:\/\/dev.eunitecidos.pt\/en\/wp-json\/wp\/v2\/product_cat?post=7573"},{"taxonomy":"product_tag","embeddable":true,"href":"https:\/\/dev.eunitecidos.pt\/en\/wp-json\/wp\/v2\/product_tag?post=7573"}],"curies":[{"name":"wp","href":"https:\/\/api.w.org\/{rel}","templated":true}]}}