
{"id":7576,"date":"2021-10-05T10:44:57","date_gmt":"2021-10-05T10:44:57","guid":{"rendered":"https:\/\/dev.eunitecidos.pt\/?post_type=product&#038;p=7576"},"modified":"2025-10-30T09:47:06","modified_gmt":"2025-10-30T09:47:06","slug":"malha-jersey-cardada-estampada-bolas","status":"publish","type":"product","link":"https:\/\/dev.eunitecidos.pt\/en\/loja\/cores\/malha-jersey-cardada-estampada-bolas\/","title":{"rendered":"Jersey knit | Carded | Printed | Balls"},"content":{"rendered":"<p>Jersey knit | Carded | Printed | Balls<\/p>\n<p>GOTS certificate<\/p>\n<p>Super soft and smooth to the touch.<\/p>\n<p>Card with fur, which makes it warm and ideal for clothing.<\/p>\n<p>Widely used for babies' and children's clothing.<\/p>\n<p>Slightly elastic.<\/p>\n<p>1.50 Width<\/p>\n<p>Composition: 95% Cotton-5% Elastane<\/p>\n<p>225gr\/m2<\/p>","protected":false},"excerpt":{"rendered":"<p>Malha Jersey | Cardada | Estampada | Bolas Certificado GOTS Malha super macia e suave ao toque. Carda com p\u00ealo, o que a torna quente e ideal para vestu\u00e1rio. Muito utilizada para vestu\u00e1rio de beb\u00e9s e crian\u00e7as. Ligeiramente el\u00e1stica. 1,50 Largura Composi\u00e7\u00e3o: 95% Algod\u00e3o-5% Elastano 225gr\/m2<\/p>","protected":false},"featured_media":7540,"comment_status":"closed","ping_status":"closed","template":"","meta":{"_seopress_robots_primary_cat":"122","_seopress_titles_title":"Malha Jersey Cardada Estampada Bolas Certificado GOTS","_seopress_titles_desc":"Malha super macia e suave ao toque. Ideal para vestu\u00e1rio de beb\u00e9s e crian\u00e7as. Ligeiramente el\u00e1stica. Composi\u00e7\u00e3o: 95% Algod\u00e3o-5% Elastano 225gr\/m2.","_seopress_robots_index":""},"product_brand":[],"product_cat":[123,131,128,122,215,140,69,125,126],"product_tag":[93,1674,1656,721,351,1676,515,1679,1675,1680,1673,405,1682,990,469],"class_list":{"0":"post-7576","1":"product","2":"type-product","3":"status-publish","4":"has-post-thumbnail","6":"product_cat-amarelo","7":"product_cat-branco","8":"product_cat-cinzento","9":"product_cat-cores","10":"product_cat-estampados-jerseys","11":"product_cat-jerseys","12":"product_cat-texteis","13":"product_cat-verde","14":"product_cat-vermelho","15":"product_tag-bolas","16":"product_tag-cardada","17":"product_tag-certificado-gots","18":"product_tag-certificado-oeko-tex","19":"product_tag-cinza","20":"product_tag-colecao-outono-inverno","21":"product_tag-coral","22":"product_tag-estampada","23":"product_tag-malha-cardada","24":"product_tag-malha-cardada-estampada","25":"product_tag-malha-jersey","26":"product_tag-mostarda","27":"product_tag-smiles","28":"product_tag-terracota","29":"product_tag-verde-agua","31":"first","32":"instock","33":"taxable","34":"shipping-taxable","35":"purchasable","36":"product-type-simple"},"_links":{"self":[{"href":"https:\/\/dev.eunitecidos.pt\/en\/wp-json\/wp\/v2\/product\/7576","targetHints":{"allow":["GET"]}}],"collection":[{"href":"https:\/\/dev.eunitecidos.pt\/en\/wp-json\/wp\/v2\/product"}],"about":[{"href":"https:\/\/dev.eunitecidos.pt\/en\/wp-json\/wp\/v2\/types\/product"}],"replies":[{"embeddable":true,"href":"https:\/\/dev.eunitecidos.pt\/en\/wp-json\/wp\/v2\/comments?post=7576"}],"wp:featuredmedia":[{"embeddable":true,"href":"https:\/\/dev.eunitecidos.pt\/en\/wp-json\/wp\/v2\/media\/7540"}],"wp:attachment":[{"href":"https:\/\/dev.eunitecidos.pt\/en\/wp-json\/wp\/v2\/media?parent=7576"}],"wp:term":[{"taxonomy":"product_brand","embeddable":true,"href":"https:\/\/dev.eunitecidos.pt\/en\/wp-json\/wp\/v2\/product_brand?post=7576"},{"taxonomy":"product_cat","embeddable":true,"href":"https:\/\/dev.eunitecidos.pt\/en\/wp-json\/wp\/v2\/product_cat?post=7576"},{"taxonomy":"product_tag","embeddable":true,"href":"https:\/\/dev.eunitecidos.pt\/en\/wp-json\/wp\/v2\/product_tag?post=7576"}],"curies":[{"name":"wp","href":"https:\/\/api.w.org\/{rel}","templated":true}]}}