
{"id":7702,"date":"2021-10-06T20:54:45","date_gmt":"2021-10-06T20:54:45","guid":{"rendered":"https:\/\/dev.eunitecidos.pt\/?post_type=product&#038;p=7702"},"modified":"2025-10-06T16:41:41","modified_gmt":"2025-10-06T16:41:41","slug":"tecido-100-algodao-marmoreado-roxo","status":"publish","type":"product","link":"https:\/\/dev.eunitecidos.pt\/en\/loja\/cores\/tecido-100-algodao-marmoreado-roxo\/","title":{"rendered":"Tecido 100% Algod\u00e3o | Marmoreado | Roxo (5005)"},"content":{"rendered":"<p>Fabric 100% Cotton | Marbled | Purple<\/p>\n<p>100% Cotton<\/p>\n<p>Organic cotton<\/p>\n<p>Oeko-Tex certified<\/p>\n<p>GOTS certificate<\/p>\n<p>1.50 Width<\/p>\n<p>Discover the 1.50m wide certified organic cotton fabric. Soft and sustainable, ideal for your sewing projects. Oeko-Tex and GOTS certified.<\/p>","protected":false},"excerpt":{"rendered":"<p>Tecido 100% Algod\u00e3o | Marmoreado | Roxo 100% Algod\u00e3o Algod\u00e3o Org\u00e2nico Certificado Oeko-Tex Certificado GOTS 1,50 Largura Descubra o tecido de algod\u00e3o org\u00e2nico certificado com 1,50m de largura. Suave e sustent\u00e1vel, ideal para os seus projetos de costura. Certificado Oeko-Tex e GOTS.<\/p>","protected":false},"featured_media":7783,"comment_status":"closed","ping_status":"closed","template":"","meta":{"_seopress_robots_primary_cat":"122","_seopress_titles_title":"Tecido Algod\u00e3o Marmoreado Roxo Org\u00e2nico Certificado Oeko-Tex GOTS 1,50 Largura","_seopress_titles_desc":"Descubra o tecido de algod\u00e3o org\u00e2nico certificado com 1,50m de largura. Suave e sustent\u00e1vel, ideal para os seus projetos de costura. Certificado Oeko-Tex e GOTS.","_seopress_robots_index":""},"product_brand":[],"product_cat":[194,122,188,133,135,69],"product_tag":[315,443,1656,721,1687,1686,427,289],"class_list":{"0":"post-7702","1":"product","2":"type-product","3":"status-publish","4":"has-post-thumbnail","6":"product_cat-algodao-organico","7":"product_cat-cores","8":"product_cat-marmoreados","9":"product_cat-roxo","10":"product_cat-tecido-100-algodao","11":"product_cat-texteis","12":"product_tag-100-algodao","13":"product_tag-algodao-organico","14":"product_tag-certificado-gots","15":"product_tag-certificado-oeko-tex","16":"product_tag-falsos-lisos","17":"product_tag-marmoreado","18":"product_tag-roxo","19":"product_tag-tecido","21":"first","22":"instock","23":"taxable","24":"shipping-taxable","25":"purchasable","26":"product-type-simple"},"_links":{"self":[{"href":"https:\/\/dev.eunitecidos.pt\/en\/wp-json\/wp\/v2\/product\/7702","targetHints":{"allow":["GET"]}}],"collection":[{"href":"https:\/\/dev.eunitecidos.pt\/en\/wp-json\/wp\/v2\/product"}],"about":[{"href":"https:\/\/dev.eunitecidos.pt\/en\/wp-json\/wp\/v2\/types\/product"}],"replies":[{"embeddable":true,"href":"https:\/\/dev.eunitecidos.pt\/en\/wp-json\/wp\/v2\/comments?post=7702"}],"wp:featuredmedia":[{"embeddable":true,"href":"https:\/\/dev.eunitecidos.pt\/en\/wp-json\/wp\/v2\/media\/7783"}],"wp:attachment":[{"href":"https:\/\/dev.eunitecidos.pt\/en\/wp-json\/wp\/v2\/media?parent=7702"}],"wp:term":[{"taxonomy":"product_brand","embeddable":true,"href":"https:\/\/dev.eunitecidos.pt\/en\/wp-json\/wp\/v2\/product_brand?post=7702"},{"taxonomy":"product_cat","embeddable":true,"href":"https:\/\/dev.eunitecidos.pt\/en\/wp-json\/wp\/v2\/product_cat?post=7702"},{"taxonomy":"product_tag","embeddable":true,"href":"https:\/\/dev.eunitecidos.pt\/en\/wp-json\/wp\/v2\/product_tag?post=7702"}],"curies":[{"name":"wp","href":"https:\/\/api.w.org\/{rel}","templated":true}]}}