
{"id":7866,"date":"2021-10-07T20:07:31","date_gmt":"2021-10-07T20:07:31","guid":{"rendered":"https:\/\/dev.eunitecidos.pt\/?post_type=product&#038;p=7866"},"modified":"2026-02-02T13:24:01","modified_gmt":"2026-02-02T13:24:01","slug":"tecido-polar-liso-branco","status":"publish","type":"product","link":"https:\/\/dev.eunitecidos.pt\/en\/loja\/cores\/tecido-polar-liso-branco\/","title":{"rendered":"Polar Fabric | Plain | White"},"content":{"rendered":"<p>Polar Fabric | Plain | White<\/p>\n<p>Short-haired fabric.<\/p>\n<p>Extremely soft and smooth to the touch.<\/p>\n<p>It is a material that conserves heat.<\/p>\n<p>Ideal for making baby and children's clothes, blankets and accessories.<\/p>\n<p>100% Polyester<\/p>\n<p>1.50 Width<\/p>\n<p>260 gr\/m2<\/p>","protected":false},"excerpt":{"rendered":"<p>Polar Fabric | Plain | White Short-haired fabric. Extremely soft and smooth to the touch. It is a material that conserves heat. Ideal for making clothes, blankets and accessories for babies and children. 100% Polyester 1.50 Width 260 gr\/m2<\/p>","protected":false},"featured_media":7689,"comment_status":"closed","ping_status":"closed","template":"","meta":{"_seopress_robots_primary_cat":"122","_seopress_titles_title":"Tecido Polar Branco | Macio e Confort\u00e1vel | Ideal para Beb\u00e9s e Crian\u00e7as","_seopress_titles_desc":"Descubra o tecido polar branco de p\u00ealo curto, extremamente suave e perfeito para confec\u00e7\u00e3o de roupa e mantas para beb\u00e9s. Feito em poli\u00e9ster de alta qualidade.","_seopress_robots_index":""},"product_brand":[],"product_cat":[131,2016,122,187,144,199,69],"product_tag":[707,321,962,1671,677,1690,963,1689],"class_list":{"0":"post-7866","1":"product","2":"type-product","3":"status-publish","4":"has-post-thumbnail","6":"product_cat-branco","7":"product_cat-carnaval","8":"product_cat-cores","9":"product_cat-lisos","10":"product_cat-polares","11":"product_cat-tematicos","12":"product_cat-texteis","13":"product_tag-100-poliester","14":"product_tag-branco","15":"product_tag-calor","16":"product_tag-inverno","17":"product_tag-liso","18":"product_tag-polar","19":"product_tag-quente","20":"product_tag-tecido-polar","22":"first","23":"instock","24":"taxable","25":"shipping-taxable","26":"purchasable","27":"product-type-simple"},"_links":{"self":[{"href":"https:\/\/dev.eunitecidos.pt\/en\/wp-json\/wp\/v2\/product\/7866","targetHints":{"allow":["GET"]}}],"collection":[{"href":"https:\/\/dev.eunitecidos.pt\/en\/wp-json\/wp\/v2\/product"}],"about":[{"href":"https:\/\/dev.eunitecidos.pt\/en\/wp-json\/wp\/v2\/types\/product"}],"replies":[{"embeddable":true,"href":"https:\/\/dev.eunitecidos.pt\/en\/wp-json\/wp\/v2\/comments?post=7866"}],"wp:featuredmedia":[{"embeddable":true,"href":"https:\/\/dev.eunitecidos.pt\/en\/wp-json\/wp\/v2\/media\/7689"}],"wp:attachment":[{"href":"https:\/\/dev.eunitecidos.pt\/en\/wp-json\/wp\/v2\/media?parent=7866"}],"wp:term":[{"taxonomy":"product_brand","embeddable":true,"href":"https:\/\/dev.eunitecidos.pt\/en\/wp-json\/wp\/v2\/product_brand?post=7866"},{"taxonomy":"product_cat","embeddable":true,"href":"https:\/\/dev.eunitecidos.pt\/en\/wp-json\/wp\/v2\/product_cat?post=7866"},{"taxonomy":"product_tag","embeddable":true,"href":"https:\/\/dev.eunitecidos.pt\/en\/wp-json\/wp\/v2\/product_tag?post=7866"}],"curies":[{"name":"wp","href":"https:\/\/api.w.org\/{rel}","templated":true}]}}