
{"id":7888,"date":"2021-10-08T13:59:42","date_gmt":"2021-10-08T13:59:42","guid":{"rendered":"https:\/\/dev.eunitecidos.pt\/?post_type=product&#038;p=7888"},"modified":"2022-10-03T11:32:37","modified_gmt":"2022-10-03T11:32:37","slug":"tecido-confecao-vestuario-liso-terracota","status":"publish","type":"product","link":"https:\/\/dev.eunitecidos.pt\/en\/loja\/cores\/tecido-confecao-vestuario-liso-terracota\/","title":{"rendered":"Garment Fabric | Apparel | Plain | Terracotta"},"content":{"rendered":"<p>Garment Fabric | Apparel | Plain | Terracotta<\/p>\n<p>Ideal fabric for making clothes.<\/p>\n<p>Fluid fabric with a great fit and slight elasticity.<\/p>\n<p>Composition: 95% Polyester 5% Elastane<\/p>\n<p>1.50 Width<\/p>","protected":false},"excerpt":{"rendered":"<p>Tecido Confe\u00e7\u00e3o | Vestu\u00e1rio | Liso | Terracota Tecido ideal para confe\u00e7\u00e3o de vestu\u00e1rio. Tecido Fluido com \u00f3tima ca\u00edda e com ligeira elasticidade. Composi\u00e7\u00e3o: 95% Poli\u00e9ster 5% Elastano 1,50 Largura<\/p>","protected":false},"featured_media":7881,"comment_status":"closed","ping_status":"closed","template":"","meta":{"_seopress_robots_primary_cat":"122","_seopress_titles_title":"Tecido Confe\u00e7\u00e3o | Vestu\u00e1rio | Liso | Terracota","_seopress_titles_desc":"Descubra o tecido ideal para confe\u00e7\u00e3o de vestu\u00e1rio. Fluido, el\u00e1stico e com composi\u00e7\u00e3o de 95% Poli\u00e9ster e 5% Elastano. Aproveite!","_seopress_robots_index":""},"product_brand":[],"product_cat":[122,129,1696,1695,69],"product_tag":[1697,745,677,747,1698,843,749,1693,990,746,378],"class_list":{"0":"post-7888","1":"product","2":"type-product","3":"status-publish","4":"has-post-thumbnail","6":"product_cat-cores","7":"product_cat-laranja","8":"product_cat-lisos-tecidos-de-vestuario","9":"product_cat-tecidos-de-vestuario","10":"product_cat-texteis","11":"product_tag-calcas","12":"product_tag-fluidos","13":"product_tag-liso","14":"product_tag-macacoes","15":"product_tag-mulher","16":"product_tag-saias","17":"product_tag-senhora","18":"product_tag-tecido-confecao","19":"product_tag-terracota","20":"product_tag-vestidos","21":"product_tag-vestuario","23":"first","24":"instock","25":"taxable","26":"shipping-taxable","27":"purchasable","28":"product-type-simple"},"_links":{"self":[{"href":"https:\/\/dev.eunitecidos.pt\/en\/wp-json\/wp\/v2\/product\/7888","targetHints":{"allow":["GET"]}}],"collection":[{"href":"https:\/\/dev.eunitecidos.pt\/en\/wp-json\/wp\/v2\/product"}],"about":[{"href":"https:\/\/dev.eunitecidos.pt\/en\/wp-json\/wp\/v2\/types\/product"}],"replies":[{"embeddable":true,"href":"https:\/\/dev.eunitecidos.pt\/en\/wp-json\/wp\/v2\/comments?post=7888"}],"wp:featuredmedia":[{"embeddable":true,"href":"https:\/\/dev.eunitecidos.pt\/en\/wp-json\/wp\/v2\/media\/7881"}],"wp:attachment":[{"href":"https:\/\/dev.eunitecidos.pt\/en\/wp-json\/wp\/v2\/media?parent=7888"}],"wp:term":[{"taxonomy":"product_brand","embeddable":true,"href":"https:\/\/dev.eunitecidos.pt\/en\/wp-json\/wp\/v2\/product_brand?post=7888"},{"taxonomy":"product_cat","embeddable":true,"href":"https:\/\/dev.eunitecidos.pt\/en\/wp-json\/wp\/v2\/product_cat?post=7888"},{"taxonomy":"product_tag","embeddable":true,"href":"https:\/\/dev.eunitecidos.pt\/en\/wp-json\/wp\/v2\/product_tag?post=7888"}],"curies":[{"name":"wp","href":"https:\/\/api.w.org\/{rel}","templated":true}]}}